{"id":33887,"date":"2026-02-27T00:23:14","date_gmt":"2026-02-27T00:23:14","guid":{"rendered":"https:\/\/nordicmart.andreevmaster.com\/product\/vasagle-lelukaappi-lastenhuoneeseen-valkoinen\/"},"modified":"2026-02-27T09:43:27","modified_gmt":"2026-02-27T09:43:27","slug":"vasagle-lelukaappi-lastenhuoneeseen-valkoinen","status":"publish","type":"product","link":"https:\/\/nordicmart.andreevmaster.com\/fi\/tuote\/vasagle-lelukaappi-lastenhuoneeseen-valkoinen\/","title":{"rendered":"VASAGLE lelukaappi lastenhuoneeseen, valkoinen"},"content":{"rendered":"<p>Tuotetiedot: V\u00e4ri: valkoinen Materiaali: MDF (keskitihe\u00e4 kuitulevy) Mitat: 102 x 30 x 60 cm (P x L x K) Paino: 24,5 kg Maks. staattinen kantavuus tasoa kohti: 45,4 kg Maks. staattinen kantavuus per kaappi: 18,1 kg Toimitus sis\u00e4lt\u00e4\u00e4: 1 x s\u00e4ilytyskaappi 1 x lis\u00e4varustepaketti 1 x ohjeet VASAGLE Huomautukset: Turvallisuussyist\u00e4 lapset eiv\u00e4t saa kiivet\u00e4 tuotteen p\u00e4\u00e4lle tai leikki\u00e4 sill\u00e4.<\/p>\n","protected":false},"excerpt":{"rendered":"<p>VASAGLE lasten hylly, lelujen s\u00e4ilytys lapsille, s\u00e4ilytyskaappi, lelukaappi, s\u00e4ilytyslaatikko py\u00f6rill\u00e4, leluhylly, lastenhuoneeseen, 102 x 30 x 60 cm, valkoinen LHS380W01<\/p>\n","protected":false},"featured_media":42655,"comment_status":"open","ping_status":"closed","template":"","meta":[],"product_brand":[],"product_cat":[32],"product_tag":[],"class_list":{"0":"post-33887","1":"product","2":"type-product","3":"status-publish","4":"has-post-thumbnail","6":"product_cat-uncategorized-fi","8":"first","9":"instock","10":"shipping-taxable","11":"purchasable","12":"product-type-simple"},"_links":{"self":[{"href":"https:\/\/nordicmart.andreevmaster.com\/fi\/wp-json\/wp\/v2\/product\/33887","targetHints":{"allow":["GET"]}}],"collection":[{"href":"https:\/\/nordicmart.andreevmaster.com\/fi\/wp-json\/wp\/v2\/product"}],"about":[{"href":"https:\/\/nordicmart.andreevmaster.com\/fi\/wp-json\/wp\/v2\/types\/product"}],"replies":[{"embeddable":true,"href":"https:\/\/nordicmart.andreevmaster.com\/fi\/wp-json\/wp\/v2\/comments?post=33887"}],"wp:featuredmedia":[{"embeddable":true,"href":"https:\/\/nordicmart.andreevmaster.com\/fi\/wp-json\/wp\/v2\/media\/42655"}],"wp:attachment":[{"href":"https:\/\/nordicmart.andreevmaster.com\/fi\/wp-json\/wp\/v2\/media?parent=33887"}],"wp:term":[{"taxonomy":"product_brand","embeddable":true,"href":"https:\/\/nordicmart.andreevmaster.com\/fi\/wp-json\/wp\/v2\/product_brand?post=33887"},{"taxonomy":"product_cat","embeddable":true,"href":"https:\/\/nordicmart.andreevmaster.com\/fi\/wp-json\/wp\/v2\/product_cat?post=33887"},{"taxonomy":"product_tag","embeddable":true,"href":"https:\/\/nordicmart.andreevmaster.com\/fi\/wp-json\/wp\/v2\/product_tag?post=33887"}],"curies":[{"name":"wp","href":"https:\/\/api.w.org\/{rel}","templated":true}]}}