{"id":33883,"date":"2026-02-27T00:23:13","date_gmt":"2026-02-27T00:23:13","guid":{"rendered":"https:\/\/nordicmart.andreevmaster.com\/product\/vasagle-pehmustettu-kenkapenkki-3-lokeroa-valkoinen\/"},"modified":"2026-02-27T09:43:27","modified_gmt":"2026-02-27T09:43:27","slug":"vasagle-pehmustettu-kenkapenkki-3-lokeroa-valkoinen","status":"publish","type":"product","link":"https:\/\/nordicmart.andreevmaster.com\/fi\/tuote\/vasagle-pehmustettu-kenkapenkki-3-lokeroa-valkoinen\/","title":{"rendered":"VASAGLE Pehmustettu kenk\u00e4penkki 3 lokeroa Valkoinen"},"content":{"rendered":"<p>Siivoa kotisi! Asunnoissamme ei yleens\u00e4 ole tarpeeksi tilaa kaikille tavaroillemme. T\u00e4m\u00e4 kaunis eteiskaluste helpottaa el\u00e4m\u00e4\u00e4si tarjoamalla huomaamattoman s\u00e4ilytystilan koko perheelle. T\u00e4m\u00e4n kenk\u00e4penkin avulla voit s\u00e4ilytt\u00e4\u00e4 kenk\u00e4si sopivimmassa paikassa ja istua samalla mukavasti. Se on t\u00e4ydellinen kaluste, joka saa my\u00f6s lapset siivoamaan kenk\u00e4ns\u00e4 kunnolla. Voit laittaa siihen 6\u20138 paria kenki\u00e4, ja penkin alla on laatikko, johon voit laittaa kenk\u00e4lusikan, kenk\u00e4voiteen, harjat jne.  \u00c4l\u00e4 odota en\u00e4\u00e4, vaan hanki t\u00e4m\u00e4 hy\u00f6dyllinen kaluste! Erinomainen asiakaspalvelumme on k\u00e4ytett\u00e4viss\u00e4si ennen ja j\u00e4lkeen ostoksesi ja vastaa kysymyksiisi s\u00e4hk\u00f6postitse 24 tunnin kuluessa. Prioriteettimme on t\u00e4ydellinen tyytyv\u00e4isyytesi. Valitse VASAGLE ja takaamme sinulle laadun! Tuotetiedot: &#8211; V\u00e4ri: valkoinen &#8211; Materiaali: lastulevy, vaahtomuovi, PU &#8211; Mitat: 80 x 44 x 30 cm (L x K x S) &#8211; Paino: 15,9 kg &#8211; Kantavuus: 150 kg Toimitus sis\u00e4lt\u00e4\u00e4: &#8211; 1 x istuinkirstu &#8211; 1 x ohjeet (DE, EN, FR, ES, IT) &#8211; 1 x kiinnityspussit<\/p>\n","protected":false},"excerpt":{"rendered":"<p>VASAGLE kenk\u00e4penkki istuintyynyll\u00e4, 3 lokeroa, kenkien s\u00e4ilytyspenkki istuimella, 2 askelmaa, eteiskaluste, valkoinen, enimm\u00e4iskuormitus 150 kg LHS30W<\/p>\n","protected":false},"featured_media":42651,"comment_status":"open","ping_status":"closed","template":"","meta":[],"product_brand":[],"product_cat":[32],"product_tag":[],"class_list":{"0":"post-33883","1":"product","2":"type-product","3":"status-publish","4":"has-post-thumbnail","6":"product_cat-uncategorized-fi","8":"first","9":"instock","10":"shipping-taxable","11":"purchasable","12":"product-type-simple"},"_links":{"self":[{"href":"https:\/\/nordicmart.andreevmaster.com\/fi\/wp-json\/wp\/v2\/product\/33883","targetHints":{"allow":["GET"]}}],"collection":[{"href":"https:\/\/nordicmart.andreevmaster.com\/fi\/wp-json\/wp\/v2\/product"}],"about":[{"href":"https:\/\/nordicmart.andreevmaster.com\/fi\/wp-json\/wp\/v2\/types\/product"}],"replies":[{"embeddable":true,"href":"https:\/\/nordicmart.andreevmaster.com\/fi\/wp-json\/wp\/v2\/comments?post=33883"}],"wp:featuredmedia":[{"embeddable":true,"href":"https:\/\/nordicmart.andreevmaster.com\/fi\/wp-json\/wp\/v2\/media\/42651"}],"wp:attachment":[{"href":"https:\/\/nordicmart.andreevmaster.com\/fi\/wp-json\/wp\/v2\/media?parent=33883"}],"wp:term":[{"taxonomy":"product_brand","embeddable":true,"href":"https:\/\/nordicmart.andreevmaster.com\/fi\/wp-json\/wp\/v2\/product_brand?post=33883"},{"taxonomy":"product_cat","embeddable":true,"href":"https:\/\/nordicmart.andreevmaster.com\/fi\/wp-json\/wp\/v2\/product_cat?post=33883"},{"taxonomy":"product_tag","embeddable":true,"href":"https:\/\/nordicmart.andreevmaster.com\/fi\/wp-json\/wp\/v2\/product_tag?post=33883"}],"curies":[{"name":"wp","href":"https:\/\/api.w.org\/{rel}","templated":true}]}}