{"id":33882,"date":"2026-02-27T00:23:13","date_gmt":"2026-02-27T00:23:13","guid":{"rendered":"https:\/\/nordicmart.andreevmaster.com\/product\/vasagle-kenkapenkki-3-lokeroa\/"},"modified":"2026-02-27T09:43:26","modified_gmt":"2026-02-27T09:43:26","slug":"vasagle-kenkapenkki-3-lokeroa","status":"publish","type":"product","link":"https:\/\/nordicmart.andreevmaster.com\/fi\/tuote\/vasagle-kenkapenkki-3-lokeroa\/","title":{"rendered":"VASAGLE kenk\u00e4penkki, 3 lokeroa"},"content":{"rendered":"<p>Etsitk\u00f6 penkki\u00e4, jolla voit pukea keng\u00e4t mukavasti? Joudutko joka kerta keng\u00e4t jalkaan pukemisen yhteydess\u00e4 kumartumaan ep\u00e4miellytt\u00e4v\u00e4n syv\u00e4lle tai k\u00e4ytt\u00e4m\u00e4\u00e4n sein\u00e4\u00e4 tukena? Etsitk\u00f6 kenk\u00e4penkki\u00e4 pieneen eteiseen? T\u00e4m\u00e4 penkki tulee apuun! Kompakti ja tilaa s\u00e4\u00e4st\u00e4v\u00e4 \u2013 sopii t\u00e4ydellisesti kaikkiin nurkkiin. Istuudu t\u00e4lle kenk\u00e4penkille ja pue keng\u00e4t mukavasti eteisess\u00e4. Ei en\u00e4\u00e4 kenk\u00e4kaosta Keng\u00e4t ovat hajallaan lattialla ja eteinen n\u00e4ytt\u00e4\u00e4 taistelukent\u00e4lt\u00e4? Lopeta kenk\u00e4kaos t\u00e4m\u00e4n k\u00e4yt\u00e4nn\u00f6llisen kenk\u00e4hyllyn avulla! Kolme avointa lokeroa tarjoavat runsaasti tilaa lenkkareillesi, sandaaleillesi, korkokengillesi, saappaille jne. Tuotetiedot: &#8211; V\u00e4ri: tummanruskea\/vintage &#8211; Materiaali: E1-luokan lastulevy, vaahtomuovi, PU &#8211; Koko: 80 x 30 x 44 cm (P x L x K) &#8211; Paino: 15,9 kg &#8211; Maks. staattinen kantavuus: 150 kg Toimitussis\u00e4lt\u00f6: &#8211; 1 x kenk\u00e4penkki &#8211; 1 x lis\u00e4varustepussi &#8211; 1 x ohjeet (DE, EN, FR, ES, IT)<\/p>\n","protected":false},"excerpt":{"rendered":"<p>VASAGLE kenk\u00e4penkki istuintyynyll\u00e4, 3 lokeroa, kenkien s\u00e4ilytyspenkki istuimella, 2 askelmaa, eteiskaluste, valkoinen, enimm\u00e4iskuormitus 150 kg LHS30W<\/p>\n","protected":false},"featured_media":42650,"comment_status":"open","ping_status":"closed","template":"","meta":[],"product_brand":[],"product_cat":[32],"product_tag":[],"class_list":{"0":"post-33882","1":"product","2":"type-product","3":"status-publish","4":"has-post-thumbnail","6":"product_cat-uncategorized-fi","8":"first","9":"instock","10":"shipping-taxable","11":"purchasable","12":"product-type-simple"},"_links":{"self":[{"href":"https:\/\/nordicmart.andreevmaster.com\/fi\/wp-json\/wp\/v2\/product\/33882","targetHints":{"allow":["GET"]}}],"collection":[{"href":"https:\/\/nordicmart.andreevmaster.com\/fi\/wp-json\/wp\/v2\/product"}],"about":[{"href":"https:\/\/nordicmart.andreevmaster.com\/fi\/wp-json\/wp\/v2\/types\/product"}],"replies":[{"embeddable":true,"href":"https:\/\/nordicmart.andreevmaster.com\/fi\/wp-json\/wp\/v2\/comments?post=33882"}],"wp:featuredmedia":[{"embeddable":true,"href":"https:\/\/nordicmart.andreevmaster.com\/fi\/wp-json\/wp\/v2\/media\/42650"}],"wp:attachment":[{"href":"https:\/\/nordicmart.andreevmaster.com\/fi\/wp-json\/wp\/v2\/media?parent=33882"}],"wp:term":[{"taxonomy":"product_brand","embeddable":true,"href":"https:\/\/nordicmart.andreevmaster.com\/fi\/wp-json\/wp\/v2\/product_brand?post=33882"},{"taxonomy":"product_cat","embeddable":true,"href":"https:\/\/nordicmart.andreevmaster.com\/fi\/wp-json\/wp\/v2\/product_cat?post=33882"},{"taxonomy":"product_tag","embeddable":true,"href":"https:\/\/nordicmart.andreevmaster.com\/fi\/wp-json\/wp\/v2\/product_tag?post=33882"}],"curies":[{"name":"wp","href":"https:\/\/api.w.org\/{rel}","templated":true}]}}