{"id":33880,"date":"2026-02-27T00:23:12","date_gmt":"2026-02-27T00:23:12","guid":{"rendered":"https:\/\/nordicmart.andreevmaster.com\/product\/vasagle-kenkapenkki-6-lokeroa\/"},"modified":"2026-02-27T09:43:26","modified_gmt":"2026-02-27T09:43:26","slug":"vasagle-kenkapenkki-6-lokeroa","status":"publish","type":"product","link":"https:\/\/nordicmart.andreevmaster.com\/fi\/tuote\/vasagle-kenkapenkki-6-lokeroa\/","title":{"rendered":"VASAGLE kenk\u00e4penkki, 6 lokeroa"},"content":{"rendered":"<p>Jalokivi j\u00e4rjestyksen yst\u00e4ville T\u00e4m\u00e4 kenk\u00e4penkki auttaa sinua luomaan siistin ilmapiirin kotiisi, jotta sinun ei tarvitse tuhlata tunteja kenkien tai muiden esineiden etsimiseen. Pehmustettu istuin on penkin lis\u00e4ominaisuus, joka kutsuu rentoutumaan. Ei vain eteiseen T\u00e4m\u00e4 kenk\u00e4hylly ei v\u00e4ltt\u00e4m\u00e4tt\u00e4 tarvitse sijoittaa eteiseen. Se sopii ongelmitta my\u00f6s leikkihuoneeseen, kirjoilla t\u00e4ytettyyn ty\u00f6huoneeseen tai olohuoneeseen, jossa puuttuu istumapaikka. Riippumatta siit\u00e4, mihin sijoitat t\u00e4m\u00e4n koriste-esineen, se pelastaa sinut kaaokselta ja ep\u00e4j\u00e4rjestykselt\u00e4 kaikkialla. Tuotetiedot:- V\u00e4ri: valkoinen &#8211; Materiaali: E1-luokan MDF, vaahtomuovi &#8211; Koko: 87 x 30 x 48 cm (P x L x K) &#8211; Paino: 14,5 kg &#8211; Maks. staattinen kantavuus: 200 kg Toimitus sis\u00e4lt\u00e4\u00e4: &#8211; 1 x kenk\u00e4penkki &#8211; 1 x lis\u00e4varustepaketti &#8211; 1 x ohjeet (DE, EN, ES, FR, IT)<\/p>\n","protected":false},"excerpt":{"rendered":"<p>VASAGLE kenk\u00e4penkki, kenk\u00e4hylly 6 lokerolla ja 3 s\u00e4\u00e4dett\u00e4v\u00e4ll\u00e4 hyllyll\u00e4, kenk\u00e4kaappi, eteinen, olohuone, helppo asentaa, tilaa s\u00e4\u00e4st\u00e4v\u00e4, valkoinen LHS23WT<\/p>\n","protected":false},"featured_media":42648,"comment_status":"open","ping_status":"closed","template":"","meta":[],"product_brand":[],"product_cat":[32],"product_tag":[],"class_list":{"0":"post-33880","1":"product","2":"type-product","3":"status-publish","4":"has-post-thumbnail","6":"product_cat-uncategorized-fi","8":"first","9":"instock","10":"shipping-taxable","11":"purchasable","12":"product-type-simple"},"_links":{"self":[{"href":"https:\/\/nordicmart.andreevmaster.com\/fi\/wp-json\/wp\/v2\/product\/33880","targetHints":{"allow":["GET"]}}],"collection":[{"href":"https:\/\/nordicmart.andreevmaster.com\/fi\/wp-json\/wp\/v2\/product"}],"about":[{"href":"https:\/\/nordicmart.andreevmaster.com\/fi\/wp-json\/wp\/v2\/types\/product"}],"replies":[{"embeddable":true,"href":"https:\/\/nordicmart.andreevmaster.com\/fi\/wp-json\/wp\/v2\/comments?post=33880"}],"wp:featuredmedia":[{"embeddable":true,"href":"https:\/\/nordicmart.andreevmaster.com\/fi\/wp-json\/wp\/v2\/media\/42648"}],"wp:attachment":[{"href":"https:\/\/nordicmart.andreevmaster.com\/fi\/wp-json\/wp\/v2\/media?parent=33880"}],"wp:term":[{"taxonomy":"product_brand","embeddable":true,"href":"https:\/\/nordicmart.andreevmaster.com\/fi\/wp-json\/wp\/v2\/product_brand?post=33880"},{"taxonomy":"product_cat","embeddable":true,"href":"https:\/\/nordicmart.andreevmaster.com\/fi\/wp-json\/wp\/v2\/product_cat?post=33880"},{"taxonomy":"product_tag","embeddable":true,"href":"https:\/\/nordicmart.andreevmaster.com\/fi\/wp-json\/wp\/v2\/product_tag?post=33880"}],"curies":[{"name":"wp","href":"https:\/\/api.w.org\/{rel}","templated":true}]}}