{"id":33876,"date":"2026-02-27T00:23:11","date_gmt":"2026-02-27T00:23:11","guid":{"rendered":"https:\/\/nordicmart.andreevmaster.com\/product\/vasagle-pehmustettu-kenkapenkki-2-lokeroa-valkoinen\/"},"modified":"2026-02-27T09:43:25","modified_gmt":"2026-02-27T09:43:25","slug":"vasagle-pehmustettu-kenkapenkki-2-lokeroa-valkoinen","status":"publish","type":"product","link":"https:\/\/nordicmart.andreevmaster.com\/fi\/tuote\/vasagle-pehmustettu-kenkapenkki-2-lokeroa-valkoinen\/","title":{"rendered":"VASAGLE Pehmustettu kenk\u00e4penkki 2 lokeroa Valkoinen"},"content":{"rendered":"<p>Haluatko istuimen eteiseen, jotta voit pukea keng\u00e4t mukavasti? Ja viel\u00e4 parempaa, jos penkin alla on s\u00e4ilytystilaa? Silloin VASAGLE kenk\u00e4penkki on ihanteellinen sinulle! Tasaisella painonjaolla se kest\u00e4\u00e4 enint\u00e4\u00e4n 150 kg:n painon, joten siihen mahtuu istumaan kaksi henkil\u00f6\u00e4. Pehmustettu istuinosa tarjoaa istumamukavuutta ja on helppo puhdistaa. Kenkien s\u00e4ilytystilan lis\u00e4ksi istuimen alla on my\u00f6s s\u00e4ilytyslokero, joka on ihanteellinen paikka erilaisille tarvikkeille, kuten kenkien puhdistusv\u00e4lineille. Sit\u00e4 voi k\u00e4ytt\u00e4\u00e4 eteisess\u00e4, olohuoneessa, makuuhuoneessa tai parvekkeella. T\u00e4\u00e4lt\u00e4 l\u00f6yd\u00e4t lis\u00e4\u00e4 ideoita. VASAGLE-keng\u00e4telineest\u00e4 on iloa vuosiksi. Tuotetiedot: &#8211; V\u00e4ri: mattavalkoinen &#8211; Materiaalit: lastulevy, vaahtomuovi (tyyny), PU (istuinverhoilu), muovi (lattialiukukappaleet) &#8211; Tuotteen koko: 60 x 30 x 44 cm (L x S x K) &#8211; Pakkauksen koko: 73 x 47,5 x 17 cm &#8211; Nettopaino: 12,2 kg Toimitus sis\u00e4lt\u00e4\u00e4 &#8211; 1 x kenk\u00e4penkki &#8211; 1 x ohjeet &#8211; 1 x tarvikepussi (ilman ruuvimeisseli\u00e4)<\/p>\n","protected":false},"excerpt":{"rendered":"<p>VASAGLE kenk\u00e4penkki, kenk\u00e4hylly, jossa on taitettava kansi ja pehmustettu istuin, kenk\u00e4organisaattori, jossa on 2 lokeroa, 60 x 30 x 44 cm, valkoinen LHS20WT<\/p>\n","protected":false},"featured_media":42644,"comment_status":"open","ping_status":"closed","template":"","meta":[],"product_brand":[],"product_cat":[32],"product_tag":[],"class_list":{"0":"post-33876","1":"product","2":"type-product","3":"status-publish","4":"has-post-thumbnail","6":"product_cat-uncategorized-fi","8":"first","9":"instock","10":"shipping-taxable","11":"purchasable","12":"product-type-simple"},"_links":{"self":[{"href":"https:\/\/nordicmart.andreevmaster.com\/fi\/wp-json\/wp\/v2\/product\/33876","targetHints":{"allow":["GET"]}}],"collection":[{"href":"https:\/\/nordicmart.andreevmaster.com\/fi\/wp-json\/wp\/v2\/product"}],"about":[{"href":"https:\/\/nordicmart.andreevmaster.com\/fi\/wp-json\/wp\/v2\/types\/product"}],"replies":[{"embeddable":true,"href":"https:\/\/nordicmart.andreevmaster.com\/fi\/wp-json\/wp\/v2\/comments?post=33876"}],"wp:featuredmedia":[{"embeddable":true,"href":"https:\/\/nordicmart.andreevmaster.com\/fi\/wp-json\/wp\/v2\/media\/42644"}],"wp:attachment":[{"href":"https:\/\/nordicmart.andreevmaster.com\/fi\/wp-json\/wp\/v2\/media?parent=33876"}],"wp:term":[{"taxonomy":"product_brand","embeddable":true,"href":"https:\/\/nordicmart.andreevmaster.com\/fi\/wp-json\/wp\/v2\/product_brand?post=33876"},{"taxonomy":"product_cat","embeddable":true,"href":"https:\/\/nordicmart.andreevmaster.com\/fi\/wp-json\/wp\/v2\/product_cat?post=33876"},{"taxonomy":"product_tag","embeddable":true,"href":"https:\/\/nordicmart.andreevmaster.com\/fi\/wp-json\/wp\/v2\/product_tag?post=33876"}],"curies":[{"name":"wp","href":"https:\/\/api.w.org\/{rel}","templated":true}]}}