{"id":33871,"date":"2026-02-27T00:23:09","date_gmt":"2026-02-27T00:23:09","guid":{"rendered":"https:\/\/nordicmart.andreevmaster.com\/product\/songmics-kenkakaappi-korkilla\/"},"modified":"2026-02-27T09:43:24","modified_gmt":"2026-02-27T09:43:24","slug":"songmics-kenkakaappi-korkilla","status":"publish","type":"product","link":"https:\/\/nordicmart.andreevmaster.com\/fi\/tuote\/songmics-kenkakaappi-korkilla\/","title":{"rendered":"SONGMICS kenk\u00e4kaappi korkilla"},"content":{"rendered":"<p>Tuotetiedot: V\u00e4ri: valkoinen Materiaali: lastulevy Koko: 80 x 30 x 46 cm (P x L x K) Paino: 13,1 kg Maks. staattinen kantavuus: 100 kg Toimitus sis\u00e4lt\u00e4\u00e4: 1 x kenk\u00e4penkki 1 x lis\u00e4varustepaketti 1 x ohjeet VASAGLE Huomautukset:Turvallisuussyist\u00e4 lapset eiv\u00e4t saa kiivet\u00e4 tuotteelle tai leikki\u00e4 sill\u00e4. Kenk\u00e4kaapin suurin staattinen kantavuus on 100 kg. \u00c4l\u00e4 ylit\u00e4 t\u00e4t\u00e4 enimm\u00e4ispainoa.<\/p>\n","protected":false},"excerpt":{"rendered":"<p>SONGMICS kenk\u00e4penkki, kenk\u00e4kaappi korkilla, penkki s\u00e4\u00e4dett\u00e4v\u00e4ll\u00e4 sis\u00e4osalla, taitettava ovi, sivussa kahvat, eteiseen, 80 x 30 x 46 cm, valkoinen LHS120T10<\/p>\n","protected":false},"featured_media":42640,"comment_status":"open","ping_status":"closed","template":"","meta":[],"product_brand":[],"product_cat":[32],"product_tag":[],"class_list":{"0":"post-33871","1":"product","2":"type-product","3":"status-publish","4":"has-post-thumbnail","6":"product_cat-uncategorized-fi","8":"first","9":"instock","10":"shipping-taxable","11":"purchasable","12":"product-type-simple"},"_links":{"self":[{"href":"https:\/\/nordicmart.andreevmaster.com\/fi\/wp-json\/wp\/v2\/product\/33871","targetHints":{"allow":["GET"]}}],"collection":[{"href":"https:\/\/nordicmart.andreevmaster.com\/fi\/wp-json\/wp\/v2\/product"}],"about":[{"href":"https:\/\/nordicmart.andreevmaster.com\/fi\/wp-json\/wp\/v2\/types\/product"}],"replies":[{"embeddable":true,"href":"https:\/\/nordicmart.andreevmaster.com\/fi\/wp-json\/wp\/v2\/comments?post=33871"}],"wp:featuredmedia":[{"embeddable":true,"href":"https:\/\/nordicmart.andreevmaster.com\/fi\/wp-json\/wp\/v2\/media\/42640"}],"wp:attachment":[{"href":"https:\/\/nordicmart.andreevmaster.com\/fi\/wp-json\/wp\/v2\/media?parent=33871"}],"wp:term":[{"taxonomy":"product_brand","embeddable":true,"href":"https:\/\/nordicmart.andreevmaster.com\/fi\/wp-json\/wp\/v2\/product_brand?post=33871"},{"taxonomy":"product_cat","embeddable":true,"href":"https:\/\/nordicmart.andreevmaster.com\/fi\/wp-json\/wp\/v2\/product_cat?post=33871"},{"taxonomy":"product_tag","embeddable":true,"href":"https:\/\/nordicmart.andreevmaster.com\/fi\/wp-json\/wp\/v2\/product_tag?post=33871"}],"curies":[{"name":"wp","href":"https:\/\/api.w.org\/{rel}","templated":true}]}}