{"id":33870,"date":"2026-02-27T00:23:09","date_gmt":"2026-02-27T00:23:09","guid":{"rendered":"https:\/\/nordicmart.andreevmaster.com\/product\/vasagle-mdf-arkku-valkoinen\/"},"modified":"2026-02-27T09:43:24","modified_gmt":"2026-02-27T09:43:24","slug":"vasagle-mdf-arkku-valkoinen","status":"publish","type":"product","link":"https:\/\/nordicmart.andreevmaster.com\/fi\/tuote\/vasagle-mdf-arkku-valkoinen\/","title":{"rendered":"VASAGLE MDF-arkku, valkoinen"},"content":{"rendered":"<p>Luo lis\u00e4\u00e4 s\u00e4ilytystilaa ja istumapaikkoja samanaikaisesti! T\u00e4m\u00e4 suuri s\u00e4ilytysarkku on valmistettu tukevista MDF-levyist\u00e4 ja kest\u00e4\u00e4 jopa 180 kg:n painon. Turvahaarakkeet est\u00e4v\u00e4t lis\u00e4ksi kannen \u00e4killisen<br \/>\n kannen sulkeutumisen ja suojaavat siten k\u00e4si\u00e4si ja lastesi sormia. Tyylik\u00e4s valkoinen v\u00e4ri sopii lis\u00e4ksi l\u00e4hes mihin tahansa, riippumatta siit\u00e4, sijoitatko penkin eteiseen, olohuoneeseen tai makuuhuoneeseen. K\u00e4yt\u00e4 sit\u00e4 esimerkiksi s\u00e4ngynpenkkin\u00e4 ja s\u00e4ilyt\u00e4 pyjamat ja peitot siististi. Tai aseta arkku kenk\u00e4penkiksi eteiseen ja pue keng\u00e4t mukavasti jalkaan. Tuotetiedot: &#8211; V\u00e4ri: valkoinen &#8211; Materiaali: MDF-levy &#8211; Tuotteen mitat: 76 x 48 x 40 cm (L x K x S) &#8211; Paino: 12,82 kg &#8211; Maks. staattinen kantavuus: 180 kg Toimitus sis\u00e4lt\u00e4\u00e4:- 1 x arkku &#8211; 1 x lis\u00e4varusteet &#8211; 1 x ohjeet (DE, EN, IT, FR, ES) Huomautukset: &#8211; Kokoa tuote pehme\u00e4ll\u00e4 alustalla naarmujen v\u00e4ltt\u00e4miseksi. &#8211; Avaa ja sulje kansi varovasti. Varo erityisesti, ett\u00e4 lapset eiv\u00e4t j\u00e4\u00e4 sormillaan puristuksiin.<\/p>\n","protected":false},"excerpt":{"rendered":"<p>VASAGLE lelulaatikko, arkku, penkki s\u00e4ilytystilalla, istuinarkku, penkki, s\u00e4ilytysarkku suurella tilavuudella, 76 x 48 x 40 cm, valkoinen LHS11WT<\/p>\n","protected":false},"featured_media":42639,"comment_status":"open","ping_status":"closed","template":"","meta":[],"product_brand":[],"product_cat":[32],"product_tag":[],"class_list":{"0":"post-33870","1":"product","2":"type-product","3":"status-publish","4":"has-post-thumbnail","6":"product_cat-uncategorized-fi","8":"first","9":"instock","10":"shipping-taxable","11":"purchasable","12":"product-type-simple"},"_links":{"self":[{"href":"https:\/\/nordicmart.andreevmaster.com\/fi\/wp-json\/wp\/v2\/product\/33870","targetHints":{"allow":["GET"]}}],"collection":[{"href":"https:\/\/nordicmart.andreevmaster.com\/fi\/wp-json\/wp\/v2\/product"}],"about":[{"href":"https:\/\/nordicmart.andreevmaster.com\/fi\/wp-json\/wp\/v2\/types\/product"}],"replies":[{"embeddable":true,"href":"https:\/\/nordicmart.andreevmaster.com\/fi\/wp-json\/wp\/v2\/comments?post=33870"}],"wp:featuredmedia":[{"embeddable":true,"href":"https:\/\/nordicmart.andreevmaster.com\/fi\/wp-json\/wp\/v2\/media\/42639"}],"wp:attachment":[{"href":"https:\/\/nordicmart.andreevmaster.com\/fi\/wp-json\/wp\/v2\/media?parent=33870"}],"wp:term":[{"taxonomy":"product_brand","embeddable":true,"href":"https:\/\/nordicmart.andreevmaster.com\/fi\/wp-json\/wp\/v2\/product_brand?post=33870"},{"taxonomy":"product_cat","embeddable":true,"href":"https:\/\/nordicmart.andreevmaster.com\/fi\/wp-json\/wp\/v2\/product_cat?post=33870"},{"taxonomy":"product_tag","embeddable":true,"href":"https:\/\/nordicmart.andreevmaster.com\/fi\/wp-json\/wp\/v2\/product_tag?post=33870"}],"curies":[{"name":"wp","href":"https:\/\/api.w.org\/{rel}","templated":true}]}}