{"id":33868,"date":"2026-02-27T00:23:09","date_gmt":"2026-02-27T00:23:09","guid":{"rendered":"https:\/\/nordicmart.andreevmaster.com\/product\/vasagle-pehmustettu-kenkapenkki-valkoinen-harmaa\/"},"modified":"2026-02-27T09:43:24","modified_gmt":"2026-02-27T09:43:24","slug":"vasagle-pehmustettu-kenkapenkki-valkoinen-harmaa","status":"publish","type":"product","link":"https:\/\/nordicmart.andreevmaster.com\/fi\/tuote\/vasagle-pehmustettu-kenkapenkki-valkoinen-harmaa\/","title":{"rendered":"VASAGLE Pehmustettu kenk\u00e4penkki valkoinen-harmaa"},"content":{"rendered":"<p>Ei tarpeeksi tilaa kenk\u00e4penkille? T\u00e4lle kyll\u00e4!<br \/>\nHaluatko istua mukavasti sen sijaan, ett\u00e4 kyykistyt lattialle<br \/>\nkun laitat kenki\u00e4 jalkaan, mutta eteinen on liian pieni ja ahdas<br \/>\nkeng\u00e4npenkille? Kokeile t\u00e4t\u00e4 104 x 30 cm:n kokoista kenk\u00e4hylly\u00e4<br \/>\n, jonka avulla voit optimoida s\u00e4ilytystilan ja s\u00e4\u00e4st\u00e4\u00e4 tilaa. Ei en\u00e4\u00e4 villi\u00e4 kenk\u00e4kasoja!<br \/>\n Ovatko kenk\u00e4si yleens\u00e4 hajallaan ymp\u00e4ri taloa?<br \/>\nLopeta t\u00e4m\u00e4 kaaos t\u00e4ll\u00e4 toimivalla kenk\u00e4penkill\u00e4! 10 lokeroa<br \/>\ntarjoavat runsaasti s\u00e4ilytystilaa lenkkareille, sandaaleille, korkokengille ja saappaille. Vaakasuoraan vai pystysuoraan?<br \/>\n Puuttuuko sisustuksestasi raikas kosketus? Ei t\u00e4m\u00e4n<br \/>\nupea huonekalu! Aseta se vaakasuoraan tai pystysuoraan<br \/>\n muuttaaksesi eteistasi yh\u00e4 uudelleen. Tuotetiedot: &#8211; V\u00e4ri: valkoinen &#8211; Materiaali: keinokangas, vaahtomuovi, puulevyluokka E1 &#8211; Koko: 104 x 30 x 48 cm (P x L x K) &#8211; Paino: 20,8 kg Toimitus sis\u00e4lt\u00e4\u00e4: &#8211; 1 x kenk\u00e4penkki &#8211; 1 x lis\u00e4varusteet &#8211; 1 x ohjeet (DE, EN, ES, FR, IT)<\/p>\n","protected":false},"excerpt":{"rendered":"<p>VASAGLE kenk\u00e4penkki, kenk\u00e4hylly, kenkien s\u00e4ilytys, penkki, 10 lokeroa, pehmustettu, eteiseen, k\u00e4yt\u00e4v\u00e4\u00e4n, makuuhuoneeseen, 104 x 30 x 48 cm, valkoinen LHS10WT<\/p>\n","protected":false},"featured_media":42637,"comment_status":"open","ping_status":"closed","template":"","meta":[],"product_brand":[],"product_cat":[32],"product_tag":[],"class_list":{"0":"post-33868","1":"product","2":"type-product","3":"status-publish","4":"has-post-thumbnail","6":"product_cat-uncategorized-fi","8":"first","9":"instock","10":"shipping-taxable","11":"purchasable","12":"product-type-simple"},"_links":{"self":[{"href":"https:\/\/nordicmart.andreevmaster.com\/fi\/wp-json\/wp\/v2\/product\/33868","targetHints":{"allow":["GET"]}}],"collection":[{"href":"https:\/\/nordicmart.andreevmaster.com\/fi\/wp-json\/wp\/v2\/product"}],"about":[{"href":"https:\/\/nordicmart.andreevmaster.com\/fi\/wp-json\/wp\/v2\/types\/product"}],"replies":[{"embeddable":true,"href":"https:\/\/nordicmart.andreevmaster.com\/fi\/wp-json\/wp\/v2\/comments?post=33868"}],"wp:featuredmedia":[{"embeddable":true,"href":"https:\/\/nordicmart.andreevmaster.com\/fi\/wp-json\/wp\/v2\/media\/42637"}],"wp:attachment":[{"href":"https:\/\/nordicmart.andreevmaster.com\/fi\/wp-json\/wp\/v2\/media?parent=33868"}],"wp:term":[{"taxonomy":"product_brand","embeddable":true,"href":"https:\/\/nordicmart.andreevmaster.com\/fi\/wp-json\/wp\/v2\/product_brand?post=33868"},{"taxonomy":"product_cat","embeddable":true,"href":"https:\/\/nordicmart.andreevmaster.com\/fi\/wp-json\/wp\/v2\/product_cat?post=33868"},{"taxonomy":"product_tag","embeddable":true,"href":"https:\/\/nordicmart.andreevmaster.com\/fi\/wp-json\/wp\/v2\/product_tag?post=33868"}],"curies":[{"name":"wp","href":"https:\/\/api.w.org\/{rel}","templated":true}]}}