{"id":33865,"date":"2026-02-27T00:23:08","date_gmt":"2026-02-27T00:23:08","guid":{"rendered":"https:\/\/nordicmart.andreevmaster.com\/product\/vasagle-kenkapenkki-10-lokeroa-pehmustettu\/"},"modified":"2026-02-27T09:43:23","modified_gmt":"2026-02-27T09:43:23","slug":"vasagle-kenkapenkki-10-lokeroa-pehmustettu","status":"publish","type":"product","link":"https:\/\/nordicmart.andreevmaster.com\/fi\/tuote\/vasagle-kenkapenkki-10-lokeroa-pehmustettu\/","title":{"rendered":"VASAGLE kenk\u00e4penkki 10 lokeroa, pehmustettu"},"content":{"rendered":"<p>VASAGLE kenk\u00e4penkki, kenk\u00e4hylly, kenkien s\u00e4ilytys, penkki, 10 lokeroa, pehmustettu, eteiseen, k\u00e4yt\u00e4v\u00e4\u00e4n, makuuhuoneeseen, 104 x 30 x 48 cm, valkoinen LHS10WT<br \/>\n&#8211; V\u00e4ri: espressonruskea-ruskea<br \/>\n&#8211; Materiaali: lastulevy, vaahtomuovi<br \/>\n&#8211; Koko: 30 x 104 x 48 cm (S x L x K)<br \/>\n&#8211; Paino: 20,8 kg<br \/>\n&#8211; Maks. staattinen kantavuus: 150 kg<\/p>\n","protected":false},"excerpt":{"rendered":"<p>VASAGLE kenk\u00e4penkki, kenk\u00e4hylly, kenkien s\u00e4ilytys, penkki, 10 lokeroa, pehmustettu, eteiseen, k\u00e4yt\u00e4v\u00e4\u00e4n, makuuhuoneeseen, 104 x 30 x 48 cm, valkoinen LHS10WT<\/p>\n","protected":false},"featured_media":42634,"comment_status":"open","ping_status":"closed","template":"","meta":[],"product_brand":[],"product_cat":[32],"product_tag":[],"class_list":{"0":"post-33865","1":"product","2":"type-product","3":"status-publish","4":"has-post-thumbnail","6":"product_cat-uncategorized-fi","8":"first","9":"instock","10":"shipping-taxable","11":"purchasable","12":"product-type-simple"},"_links":{"self":[{"href":"https:\/\/nordicmart.andreevmaster.com\/fi\/wp-json\/wp\/v2\/product\/33865","targetHints":{"allow":["GET"]}}],"collection":[{"href":"https:\/\/nordicmart.andreevmaster.com\/fi\/wp-json\/wp\/v2\/product"}],"about":[{"href":"https:\/\/nordicmart.andreevmaster.com\/fi\/wp-json\/wp\/v2\/types\/product"}],"replies":[{"embeddable":true,"href":"https:\/\/nordicmart.andreevmaster.com\/fi\/wp-json\/wp\/v2\/comments?post=33865"}],"wp:featuredmedia":[{"embeddable":true,"href":"https:\/\/nordicmart.andreevmaster.com\/fi\/wp-json\/wp\/v2\/media\/42634"}],"wp:attachment":[{"href":"https:\/\/nordicmart.andreevmaster.com\/fi\/wp-json\/wp\/v2\/media?parent=33865"}],"wp:term":[{"taxonomy":"product_brand","embeddable":true,"href":"https:\/\/nordicmart.andreevmaster.com\/fi\/wp-json\/wp\/v2\/product_brand?post=33865"},{"taxonomy":"product_cat","embeddable":true,"href":"https:\/\/nordicmart.andreevmaster.com\/fi\/wp-json\/wp\/v2\/product_cat?post=33865"},{"taxonomy":"product_tag","embeddable":true,"href":"https:\/\/nordicmart.andreevmaster.com\/fi\/wp-json\/wp\/v2\/product_tag?post=33865"}],"curies":[{"name":"wp","href":"https:\/\/api.w.org\/{rel}","templated":true}]}}