{"id":33864,"date":"2026-02-27T00:23:08","date_gmt":"2026-02-27T00:23:08","guid":{"rendered":"https:\/\/nordicmart.andreevmaster.com\/product\/vasagle-kenkahylly-9-avoimella-lokerolla\/"},"modified":"2026-02-27T09:43:23","modified_gmt":"2026-02-27T09:43:23","slug":"vasagle-kenkahylly-9-avoimella-lokerolla","status":"publish","type":"product","link":"https:\/\/nordicmart.andreevmaster.com\/fi\/tuote\/vasagle-kenkahylly-9-avoimella-lokerolla\/","title":{"rendered":"VASAGLE kenk\u00e4hylly 9 avoimella lokerolla"},"content":{"rendered":"<p>Ovatko kenk\u00e4si hajallaan ymp\u00e4ri taloa? T\u00e4ss\u00e4 kenk\u00e4penkiss\u00e4 voit s\u00e4ilytt\u00e4\u00e4 ne siististi eri kokojen, korkeuksien, v\u00e4rien ja materiaalien mukaan. T\u00e4m\u00e4 3-in-1-huonekalu toimii my\u00f6s istuimena ja koristaa eteist\u00e4nne. Edut ovat ilmeiset: &#8211; 9 avointa lokeroa, joissa on 6 irrotettavaa, 3-tasoista s\u00e4\u00e4dett\u00e4v\u00e4\u00e4 hylly\u00e4 &#8211; Magneettinen ovi \u2013 ainutlaatuinen muotoilu tekee avaamisesta helppoa &#8211; Oikeanpuoleisen kaapin 3-tasoiseen s\u00e4\u00e4dett\u00e4v\u00e4\u00e4n hyllyyn voit s\u00e4ilytt\u00e4\u00e4 tavaroitasi p\u00f6lylt\u00e4 ja uteliailta katseilta suojattuna &#8211; Pehmustettu istuinosa takaa korkean mukavuuden &#8211; Tekokankaasta valmistettu tyynynp\u00e4\u00e4llinen on irrotettava ja helppo puhdistaa &#8211; Valmistettu tukevasta lastulevyst\u00e4, kantavuus 200 kg Toteuta sisustusideasi t\u00e4ll\u00e4 vintage-tyylisell\u00e4 penkill\u00e4 ja sisusta huoneesi mieleiseksesi. Tuotetiedot: &#8211; V\u00e4ri: vintage-ruskea &#8211; Materiaali: lastulevy, vaahtomuovi, keinolinane &#8211; Koko: 110 x 30 x 48 cm (P x L x K) &#8211; Paino: 19 kg &#8211; Maks. staattinen kantavuus: 200 kg Toimitus sis\u00e4lt\u00e4\u00e4:- 1 x kenk\u00e4penkki &#8211; 1 x lis\u00e4varustepaketti &#8211; 1 x ohjeet (DE, EN, ES, FR, IT) VASAGLE-huomautukset: &#8211; Turvallisuussyist\u00e4 lapset eiv\u00e4t saa kiivet\u00e4 tuotteelle tai leikki\u00e4 sill\u00e4.<\/p>\n","protected":false},"excerpt":{"rendered":"<p>VASAGLE kenk\u00e4penkki, s\u00e4ilytyskaappi, kenk\u00e4hylly, jossa 9 avointa lokeroa ja kaappi, pehmustettu, 110 x 30 x 48 cm, rustiikkinen ovi, vintage-ruskea LHS058X01<\/p>\n","protected":false},"featured_media":42633,"comment_status":"open","ping_status":"closed","template":"","meta":[],"product_brand":[],"product_cat":[32],"product_tag":[],"class_list":{"0":"post-33864","1":"product","2":"type-product","3":"status-publish","4":"has-post-thumbnail","6":"product_cat-uncategorized-fi","8":"first","9":"instock","10":"shipping-taxable","11":"purchasable","12":"product-type-simple"},"_links":{"self":[{"href":"https:\/\/nordicmart.andreevmaster.com\/fi\/wp-json\/wp\/v2\/product\/33864","targetHints":{"allow":["GET"]}}],"collection":[{"href":"https:\/\/nordicmart.andreevmaster.com\/fi\/wp-json\/wp\/v2\/product"}],"about":[{"href":"https:\/\/nordicmart.andreevmaster.com\/fi\/wp-json\/wp\/v2\/types\/product"}],"replies":[{"embeddable":true,"href":"https:\/\/nordicmart.andreevmaster.com\/fi\/wp-json\/wp\/v2\/comments?post=33864"}],"wp:featuredmedia":[{"embeddable":true,"href":"https:\/\/nordicmart.andreevmaster.com\/fi\/wp-json\/wp\/v2\/media\/42633"}],"wp:attachment":[{"href":"https:\/\/nordicmart.andreevmaster.com\/fi\/wp-json\/wp\/v2\/media?parent=33864"}],"wp:term":[{"taxonomy":"product_brand","embeddable":true,"href":"https:\/\/nordicmart.andreevmaster.com\/fi\/wp-json\/wp\/v2\/product_brand?post=33864"},{"taxonomy":"product_cat","embeddable":true,"href":"https:\/\/nordicmart.andreevmaster.com\/fi\/wp-json\/wp\/v2\/product_cat?post=33864"},{"taxonomy":"product_tag","embeddable":true,"href":"https:\/\/nordicmart.andreevmaster.com\/fi\/wp-json\/wp\/v2\/product_tag?post=33864"}],"curies":[{"name":"wp","href":"https:\/\/api.w.org\/{rel}","templated":true}]}}