{"id":33861,"date":"2026-02-27T00:23:07","date_gmt":"2026-02-27T00:23:07","guid":{"rendered":"https:\/\/nordicmart.andreevmaster.com\/product\/sailytyskaappi-hyllyilla-2\/"},"modified":"2026-02-27T09:43:22","modified_gmt":"2026-02-27T09:43:22","slug":"sailytyskaappi-hyllyilla-2","status":"publish","type":"product","link":"https:\/\/nordicmart.andreevmaster.com\/fi\/tuote\/sailytyskaappi-hyllyilla-2\/","title":{"rendered":"S\u00e4ilytyskaappi hyllyill\u00e4"},"content":{"rendered":"<p>Tarvitsetko lis\u00e4\u00e4 s\u00e4ilytystilaa eteiseen? T\u00e4m\u00e4 3-hyllyinen s\u00e4ilytyskaappi tarjoaa sinulle tarvitsemasi tilan ulko-ovien v\u00e4ltt\u00e4m\u00e4tt\u00f6mille tavaroille. Nappaa keng\u00e4t kaapin sis\u00e4lt\u00e4, ota avaimet ja lompakko yl\u00e4osasta ja aloita p\u00e4iv\u00e4si oikealla jalalla.T\u00e4m\u00e4n tilavan s\u00e4ilytyskaapin 3 hylly\u00e4 voidaan s\u00e4\u00e4t\u00e4\u00e4 korkeussuunnassa, joten saat tilaa sek\u00e4 isoille ett\u00e4 pienille tavaroille. Onko sinulla isot saappaat tai korkokeng\u00e4t, jotka tarvitsevat hieman enemm\u00e4n tilaa? Pienet keng\u00e4t, jotka eiv\u00e4t vie niin paljon tilaa? Se ei ole ongelma.Ei tarvitse vaivautua muttereiden ja pulttien kanssa. Numeroitujen osien ja helppotajuisten ohjeiden avulla saat t\u00e4m\u00e4n s\u00e4ilytyskaapin kokoonpanon valmiiksi helposti ja nopeasti.Haluatko lis\u00e4\u00e4? T\u00e4t\u00e4 s\u00e4ilytyskaappia on saatavana 2 eri v\u00e4risen\u00e4. Hanki se mustan ja ruskean yhdistelm\u00e4n\u00e4, jos haluat maalaismaisen ja modernin ilmeen, tai kokonaan valkoisena, jos haluat minimalistisen tyylin. Muista tarkistaa VASAGLEsta lis\u00e4\u00e4 yll\u00e4tyksi\u00e4!<\/p>\n<p>Tekniset tiedot: &#8211; V\u00e4ri: Musta(B01)\/Valkoinen(W01)- Materiaali: Musta(B01)\/Valkoinen(W01): Materiaali: Lastulevy, metalli- Tuotteen koko: 27,5 &#8221;L x 13,7 &#8221;L x 39,3 &#8221;K (70 x 35 x 100 cm) Pakkauksen sis\u00e4lt\u00f6:- 1 x S\u00e4ilytyskaappi- 1 x Asennussarja- 1 x Ohjeet (EN, DE, FR, ES, IT)<\/p>\n","protected":false},"excerpt":{"rendered":"<p>Tarvitsetko lis\u00e4\u00e4 s\u00e4ilytystilaa eteiseen? T\u00e4m\u00e4 3-hyllyinen s\u00e4ilytyskaappi tarjoaa sinulle tarvitsemasi tilan ulko-ovien v\u00e4ltt\u00e4m\u00e4tt\u00f6mille tavaroille. Nappaa keng\u00e4t kaapin sis\u00e4lt\u00e4, ota avaimet ja lompakko yl\u00e4osasta ja aloita p\u00e4iv\u00e4si oikealla jalalla.T\u00e4m\u00e4n tilavan s\u00e4ilytyskaapin 3 hylly\u00e4 voidaan s\u00e4\u00e4t\u00e4\u00e4 korkeussuunnassa, joten saat tilaa sek\u00e4 isoille ett\u00e4 pienille tavaroille. Onko sinulla isot saappaat tai korkokeng\u00e4t, jotka tarvitsevat hieman enemm\u00e4n tilaa? Pienet [&hellip;]<\/p>\n","protected":false},"featured_media":0,"comment_status":"open","ping_status":"closed","template":"","meta":[],"product_brand":[],"product_cat":[32],"product_tag":[],"class_list":{"0":"post-33861","1":"product","2":"type-product","3":"status-publish","5":"product_cat-uncategorized-fi","7":"first","8":"instock","9":"shipping-taxable","10":"product-type-simple"},"_links":{"self":[{"href":"https:\/\/nordicmart.andreevmaster.com\/fi\/wp-json\/wp\/v2\/product\/33861","targetHints":{"allow":["GET"]}}],"collection":[{"href":"https:\/\/nordicmart.andreevmaster.com\/fi\/wp-json\/wp\/v2\/product"}],"about":[{"href":"https:\/\/nordicmart.andreevmaster.com\/fi\/wp-json\/wp\/v2\/types\/product"}],"replies":[{"embeddable":true,"href":"https:\/\/nordicmart.andreevmaster.com\/fi\/wp-json\/wp\/v2\/comments?post=33861"}],"wp:attachment":[{"href":"https:\/\/nordicmart.andreevmaster.com\/fi\/wp-json\/wp\/v2\/media?parent=33861"}],"wp:term":[{"taxonomy":"product_brand","embeddable":true,"href":"https:\/\/nordicmart.andreevmaster.com\/fi\/wp-json\/wp\/v2\/product_brand?post=33861"},{"taxonomy":"product_cat","embeddable":true,"href":"https:\/\/nordicmart.andreevmaster.com\/fi\/wp-json\/wp\/v2\/product_cat?post=33861"},{"taxonomy":"product_tag","embeddable":true,"href":"https:\/\/nordicmart.andreevmaster.com\/fi\/wp-json\/wp\/v2\/product_tag?post=33861"}],"curies":[{"name":"wp","href":"https:\/\/api.w.org\/{rel}","templated":true}]}}