{"id":33859,"date":"2026-02-27T00:23:06","date_gmt":"2026-02-27T00:23:06","guid":{"rendered":"https:\/\/nordicmart.andreevmaster.com\/product\/vasagle-kenkapenkki-3-avointa-lokeroa-pilvinen-valkoinen\/"},"modified":"2026-02-27T09:43:22","modified_gmt":"2026-02-27T09:43:22","slug":"vasagle-kenkapenkki-3-avointa-lokeroa-pilvinen-valkoinen","status":"publish","type":"product","link":"https:\/\/nordicmart.andreevmaster.com\/fi\/tuote\/vasagle-kenkapenkki-3-avointa-lokeroa-pilvinen-valkoinen\/","title":{"rendered":"VASAGLE kenk\u00e4penkki, 3 avointa lokeroa, pilvinen valkoinen"},"content":{"rendered":"<p>VASAGLE kenk\u00e4penkki istuimella, penkki s\u00e4ilytystilalla, pehmustettu, 3 avointa lokeroa, lokero istuintyynyn alla, kenk\u00e4hylly olohuoneeseen, eteiseen, kantavuus 150 kg<br \/>\nV\u00e4ri: pilvinen valkoinen<br \/>\nMateriaali: lastulevy, vaahtomuovi, PU (polyuretaani)<br \/>\nKoko: 30 x 80 x 44 cm (S x L x K)<br \/>\nPaino: 14,6 kg<br \/>\nMaks. staattinen kantavuus: 150 kg<\/p>\n","protected":false},"excerpt":{"rendered":"<p>VASAGLE kenk\u00e4penkki istuimella, penkki s\u00e4ilytystilalla, pehmustettu, 3 avointa lokeroa, lokero istuintyynyn alla, kenk\u00e4hylly olohuoneeseen, eteiseen, kantavuus 150 kg<\/p>\n","protected":false},"featured_media":0,"comment_status":"open","ping_status":"closed","template":"","meta":[],"product_brand":[],"product_cat":[32],"product_tag":[],"class_list":{"0":"post-33859","1":"product","2":"type-product","3":"status-publish","5":"product_cat-uncategorized-fi","7":"first","8":"instock","9":"shipping-taxable","10":"purchasable","11":"product-type-simple"},"_links":{"self":[{"href":"https:\/\/nordicmart.andreevmaster.com\/fi\/wp-json\/wp\/v2\/product\/33859","targetHints":{"allow":["GET"]}}],"collection":[{"href":"https:\/\/nordicmart.andreevmaster.com\/fi\/wp-json\/wp\/v2\/product"}],"about":[{"href":"https:\/\/nordicmart.andreevmaster.com\/fi\/wp-json\/wp\/v2\/types\/product"}],"replies":[{"embeddable":true,"href":"https:\/\/nordicmart.andreevmaster.com\/fi\/wp-json\/wp\/v2\/comments?post=33859"}],"wp:attachment":[{"href":"https:\/\/nordicmart.andreevmaster.com\/fi\/wp-json\/wp\/v2\/media?parent=33859"}],"wp:term":[{"taxonomy":"product_brand","embeddable":true,"href":"https:\/\/nordicmart.andreevmaster.com\/fi\/wp-json\/wp\/v2\/product_brand?post=33859"},{"taxonomy":"product_cat","embeddable":true,"href":"https:\/\/nordicmart.andreevmaster.com\/fi\/wp-json\/wp\/v2\/product_cat?post=33859"},{"taxonomy":"product_tag","embeddable":true,"href":"https:\/\/nordicmart.andreevmaster.com\/fi\/wp-json\/wp\/v2\/product_tag?post=33859"}],"curies":[{"name":"wp","href":"https:\/\/api.w.org\/{rel}","templated":true}]}}