{"id":33858,"date":"2026-02-27T00:23:06","date_gmt":"2026-02-27T00:23:06","guid":{"rendered":"https:\/\/nordicmart.andreevmaster.com\/product\/vasagle-kenkapenkki-3-avointa-lokeroa-luonnonbeige\/"},"modified":"2026-02-27T09:43:21","modified_gmt":"2026-02-27T09:43:21","slug":"vasagle-kenkapenkki-3-avointa-lokeroa-luonnonbeige","status":"publish","type":"product","link":"https:\/\/nordicmart.andreevmaster.com\/fi\/tuote\/vasagle-kenkapenkki-3-avointa-lokeroa-luonnonbeige\/","title":{"rendered":"VASAGLE kenk\u00e4penkki, 3 avointa lokeroa, luonnonbeige"},"content":{"rendered":"<p>VASAGLE kenk\u00e4penkki istuimella, penkki s\u00e4ilytystilalla, pehmustettu, 3 avointa lokeroa, lokero istuintyynyn alla, kenk\u00e4hylly olohuoneeseen, eteiseen, kantavuus 150 kg<br \/>\nV\u00e4ri: luonnonbeige<br \/>\nMateriaali: lastulevy, vaahtomuovi, PU (polyuretaani)<br \/>\nKoko: 30 x 80 x 44 cm (S x L x K)<br \/>\nPaino: 14,6 kg<br \/>\nMaks. staattinen kantavuus: 150 kg<\/p>\n","protected":false},"excerpt":{"rendered":"<p>VASAGLE kenk\u00e4penkki istuimella, penkki s\u00e4ilytystilalla, pehmustettu, 3 avointa lokeroa, lokero istuintyynyn alla, kenk\u00e4hylly olohuoneeseen, eteiseen, kantavuus 150 kg<\/p>\n","protected":false},"featured_media":42629,"comment_status":"open","ping_status":"closed","template":"","meta":[],"product_brand":[],"product_cat":[32],"product_tag":[],"class_list":{"0":"post-33858","1":"product","2":"type-product","3":"status-publish","4":"has-post-thumbnail","6":"product_cat-uncategorized-fi","8":"first","9":"instock","10":"shipping-taxable","11":"purchasable","12":"product-type-simple"},"_links":{"self":[{"href":"https:\/\/nordicmart.andreevmaster.com\/fi\/wp-json\/wp\/v2\/product\/33858","targetHints":{"allow":["GET"]}}],"collection":[{"href":"https:\/\/nordicmart.andreevmaster.com\/fi\/wp-json\/wp\/v2\/product"}],"about":[{"href":"https:\/\/nordicmart.andreevmaster.com\/fi\/wp-json\/wp\/v2\/types\/product"}],"replies":[{"embeddable":true,"href":"https:\/\/nordicmart.andreevmaster.com\/fi\/wp-json\/wp\/v2\/comments?post=33858"}],"wp:featuredmedia":[{"embeddable":true,"href":"https:\/\/nordicmart.andreevmaster.com\/fi\/wp-json\/wp\/v2\/media\/42629"}],"wp:attachment":[{"href":"https:\/\/nordicmart.andreevmaster.com\/fi\/wp-json\/wp\/v2\/media?parent=33858"}],"wp:term":[{"taxonomy":"product_brand","embeddable":true,"href":"https:\/\/nordicmart.andreevmaster.com\/fi\/wp-json\/wp\/v2\/product_brand?post=33858"},{"taxonomy":"product_cat","embeddable":true,"href":"https:\/\/nordicmart.andreevmaster.com\/fi\/wp-json\/wp\/v2\/product_cat?post=33858"},{"taxonomy":"product_tag","embeddable":true,"href":"https:\/\/nordicmart.andreevmaster.com\/fi\/wp-json\/wp\/v2\/product_tag?post=33858"}],"curies":[{"name":"wp","href":"https:\/\/api.w.org\/{rel}","templated":true}]}}