{"id":33856,"date":"2026-02-27T00:23:05","date_gmt":"2026-02-27T00:23:05","guid":{"rendered":"https:\/\/nordicmart.andreevmaster.com\/product\/kenkapenkki-sailytyspenkki-jossa-2-avointa-ja-1-suljettu-lokero-kenkahylly-pehmustettu-istuin-eteiseen-olohuoneeseen-makuuhuoneeseen-valkoinen-ja-harmaa-lhs021w01-2\/"},"modified":"2026-02-27T09:43:21","modified_gmt":"2026-02-27T09:43:21","slug":"kenkapenkki-sailytyspenkki-jossa-2-avointa-ja-1-suljettu-lokero-kenkahylly-pehmustettu-istuin-eteiseen-olohuoneeseen-makuuhuoneeseen-valkoinen-ja-harmaa-lhs021w01-2","status":"publish","type":"product","link":"https:\/\/nordicmart.andreevmaster.com\/fi\/tuote\/kenkapenkki-sailytyspenkki-jossa-2-avointa-ja-1-suljettu-lokero-kenkahylly-pehmustettu-istuin-eteiseen-olohuoneeseen-makuuhuoneeseen-valkoinen-ja-harmaa-lhs021w01-2\/","title":{"rendered":"Kenk\u00e4penkki, s\u00e4ilytyspenkki, jossa 2 avointa ja 1 suljettu lokero, kenk\u00e4hylly, pehmustettu istuin, eteiseen, olohuoneeseen, makuuhuoneeseen, valkoinen ja harmaa LHS021W01"},"content":{"rendered":"<p>[Tarvikkeet hallinnassa] My\u00f6h\u00e4styt t\u00f6ist\u00e4, mutta avaimia tai laseja ei l\u00f6ydy mist\u00e4\u00e4n? T\u00e4m\u00e4n s\u00e4ilytyspenkin avulla n\u00e4in ei en\u00e4\u00e4 tapahdu. S\u00e4ilyt\u00e4 tarvitsemasi tavarat kannen alla, joten sinun ei tarvitse en\u00e4\u00e4 kiirehti\u00e4 ennen kuin l\u00e4hdet ulos&#8230;[K\u00e4det ovat turvassa] Kenk\u00e4penkin etuosassa oleva pieni lovi auttaa sinua avaamaan ja sulkemaan kannen helposti, ja saranoiden ansiosta kansi pysyy miss\u00e4 tahansa kulmassa. T\u00e4m\u00e4 kaksoissuojaus tarjoaa turvallisemman k\u00e4yt\u00f6n, jotta v\u00e4lt\u00e4t puristuksen miss\u00e4 tahansa kulmassa. T\u00e4m\u00e4 kaksoissuoja tarjoaa turvallisemman k\u00e4yt\u00f6n, jotta v\u00e4ltyt\u00e4\u00e4n puristukselta<\/p>\n<p>[Mihin laitoin kenk\u00e4ni? Jos sinulla ei ole selke\u00e4\u00e4 vastausta, sinun on parasta koota ymp\u00e4ri kotiasi hajallaan olevat keng\u00e4t t\u00e4h\u00e4n kenk\u00e4kaappiin. 2 avointa lokeroa helpottavat tunnistamista<\/p>\n<p>[Istu alas, ole hyv\u00e4] Sen sijaan, ett\u00e4 hyppisit yhdell\u00e4 jalalla kenki\u00e4 pukiessasi, mikset istuisi mukavasti pehmustetulle penkille? Lis\u00e4ksi ensiluokkainen puurunko kest\u00e4\u00e4 jopa 440 lb:n painon vahvan tuen vuoksi<\/p>\n<p>[Mit\u00e4 saat] VASAGLE:n kenk\u00e4penkki, jossa on numeroidut osat helppoa kokoamista varten ja irrotettava tyynynp\u00e4\u00e4llinen helppoa pesua varten ja irrotettava tyynynp\u00e4\u00e4llinen helppoa pesua varten Malli LHS021W01<\/p>\n<p>Tuotetiedot:V\u00e4ri: valkoinen, harmaa- Materiaali: Materiaali: E1-luokan lastulevy, vaahtomuovip\u00e4\u00e4llyste, istuimen p\u00e4\u00e4llinen pellavaj\u00e4ljitelm\u00e4\u00e4- Koko: 104 x 30 x 48 cm (L x S x K)- Paino: 18,5 kg- Maksimikuormitus: 200 kgPakkauksen sis\u00e4lt\u00f6:- 1 x kenk\u00e4penkki- 1 x tarvikepakkaus- 1 x k\u00e4ytt\u00f6ohjeet.<\/p>\n","protected":false},"excerpt":{"rendered":"<p>[Tarvikkeet hallinnassa] My\u00f6h\u00e4styt t\u00f6ist\u00e4, mutta avaimia tai laseja ei l\u00f6ydy mist\u00e4\u00e4n? T\u00e4m\u00e4n s\u00e4ilytyspenkin avulla n\u00e4in ei en\u00e4\u00e4 tapahdu. S\u00e4ilyt\u00e4 tarvitsemasi tavarat kannen alla, joten sinun ei tarvitse en\u00e4\u00e4 kiirehti\u00e4 ennen kuin l\u00e4hdet ulos&#8230;[K\u00e4det ovat turvassa] Kenk\u00e4penkin etuosassa oleva pieni lovi auttaa sinua avaamaan ja sulkemaan kannen helposti, ja saranoiden ansiosta kansi pysyy miss\u00e4 tahansa kulmassa. [&hellip;]<\/p>\n","protected":false},"featured_media":0,"comment_status":"open","ping_status":"closed","template":"","meta":[],"product_brand":[],"product_cat":[32],"product_tag":[],"class_list":{"0":"post-33856","1":"product","2":"type-product","3":"status-publish","5":"product_cat-uncategorized-fi","7":"first","8":"instock","9":"shipping-taxable","10":"product-type-simple"},"_links":{"self":[{"href":"https:\/\/nordicmart.andreevmaster.com\/fi\/wp-json\/wp\/v2\/product\/33856","targetHints":{"allow":["GET"]}}],"collection":[{"href":"https:\/\/nordicmart.andreevmaster.com\/fi\/wp-json\/wp\/v2\/product"}],"about":[{"href":"https:\/\/nordicmart.andreevmaster.com\/fi\/wp-json\/wp\/v2\/types\/product"}],"replies":[{"embeddable":true,"href":"https:\/\/nordicmart.andreevmaster.com\/fi\/wp-json\/wp\/v2\/comments?post=33856"}],"wp:attachment":[{"href":"https:\/\/nordicmart.andreevmaster.com\/fi\/wp-json\/wp\/v2\/media?parent=33856"}],"wp:term":[{"taxonomy":"product_brand","embeddable":true,"href":"https:\/\/nordicmart.andreevmaster.com\/fi\/wp-json\/wp\/v2\/product_brand?post=33856"},{"taxonomy":"product_cat","embeddable":true,"href":"https:\/\/nordicmart.andreevmaster.com\/fi\/wp-json\/wp\/v2\/product_cat?post=33856"},{"taxonomy":"product_tag","embeddable":true,"href":"https:\/\/nordicmart.andreevmaster.com\/fi\/wp-json\/wp\/v2\/product_tag?post=33856"}],"curies":[{"name":"wp","href":"https:\/\/api.w.org\/{rel}","templated":true}]}}