{"id":33853,"date":"2026-02-27T00:23:05","date_gmt":"2026-02-27T00:23:05","guid":{"rendered":"https:\/\/nordicmart.andreevmaster.com\/product\/vasagle-kenkahylly-istuimella-30-x-87-x-48-cm-vintage-ruskea-harmaa\/"},"modified":"2026-02-27T09:43:21","modified_gmt":"2026-02-27T09:43:21","slug":"vasagle-kenkahylly-istuimella-30-x-87-x-48-cm-vintage-ruskea-harmaa","status":"publish","type":"product","link":"https:\/\/nordicmart.andreevmaster.com\/fi\/tuote\/vasagle-kenkahylly-istuimella-30-x-87-x-48-cm-vintage-ruskea-harmaa\/","title":{"rendered":"VASAGLE kenk\u00e4hylly istuimella 30 x 87 x 48 cm vintage-ruskea-harmaa"},"content":{"rendered":"<p>VASAGLE kenk\u00e4penkki, penkki, kenk\u00e4organisaattori 6 lokerolla ja 3 s\u00e4\u00e4dett\u00e4v\u00e4ll\u00e4 hyllyll\u00e4, pehmustettu tyyny, eteiseen, olohuoneeseen ja makuuhuoneeseen, vintage-ruskea-kastanjanruskea LHS023K03<br \/>\nV\u00e4ri: vintage-ruskea-kastanjanruskea<br \/>\nMateriaali: lastulevy, vaahtomuovi<br \/>\nKoko: 30 x 87 x 48 cm (S x L x K)<br \/>\nPaino: 14,5 kg<br \/>\nMaks. staattinen kokonaiskuormitus: 136 kg<\/p>\n","protected":false},"excerpt":{"rendered":"<p>VASAGLE kenk\u00e4penkki, penkki, kenk\u00e4organisaattori 6 lokerolla ja 3 s\u00e4\u00e4dett\u00e4v\u00e4ll\u00e4 hyllyll\u00e4, pehmustettu tyyny, eteiseen, olohuoneeseen ja makuuhuoneeseen, vintage-ruskea-kastanjanruskea LHS023K03<\/p>\n","protected":false},"featured_media":42626,"comment_status":"open","ping_status":"closed","template":"","meta":[],"product_brand":[],"product_cat":[32],"product_tag":[],"class_list":{"0":"post-33853","1":"product","2":"type-product","3":"status-publish","4":"has-post-thumbnail","6":"product_cat-uncategorized-fi","8":"first","9":"instock","10":"shipping-taxable","11":"purchasable","12":"product-type-simple"},"_links":{"self":[{"href":"https:\/\/nordicmart.andreevmaster.com\/fi\/wp-json\/wp\/v2\/product\/33853","targetHints":{"allow":["GET"]}}],"collection":[{"href":"https:\/\/nordicmart.andreevmaster.com\/fi\/wp-json\/wp\/v2\/product"}],"about":[{"href":"https:\/\/nordicmart.andreevmaster.com\/fi\/wp-json\/wp\/v2\/types\/product"}],"replies":[{"embeddable":true,"href":"https:\/\/nordicmart.andreevmaster.com\/fi\/wp-json\/wp\/v2\/comments?post=33853"}],"wp:featuredmedia":[{"embeddable":true,"href":"https:\/\/nordicmart.andreevmaster.com\/fi\/wp-json\/wp\/v2\/media\/42626"}],"wp:attachment":[{"href":"https:\/\/nordicmart.andreevmaster.com\/fi\/wp-json\/wp\/v2\/media?parent=33853"}],"wp:term":[{"taxonomy":"product_brand","embeddable":true,"href":"https:\/\/nordicmart.andreevmaster.com\/fi\/wp-json\/wp\/v2\/product_brand?post=33853"},{"taxonomy":"product_cat","embeddable":true,"href":"https:\/\/nordicmart.andreevmaster.com\/fi\/wp-json\/wp\/v2\/product_cat?post=33853"},{"taxonomy":"product_tag","embeddable":true,"href":"https:\/\/nordicmart.andreevmaster.com\/fi\/wp-json\/wp\/v2\/product_tag?post=33853"}],"curies":[{"name":"wp","href":"https:\/\/api.w.org\/{rel}","templated":true}]}}