{"id":33850,"date":"2026-02-27T00:23:04","date_gmt":"2026-02-27T00:23:04","guid":{"rendered":"https:\/\/nordicmart.andreevmaster.com\/product\/vasagle-kenkapenkki-tyynylla-30-x-60-x-44-cm-luonnonbeige\/"},"modified":"2026-02-27T09:43:20","modified_gmt":"2026-02-27T09:43:20","slug":"vasagle-kenkapenkki-tyynylla-30-x-60-x-44-cm-luonnonbeige","status":"publish","type":"product","link":"https:\/\/nordicmart.andreevmaster.com\/fi\/tuote\/vasagle-kenkapenkki-tyynylla-30-x-60-x-44-cm-luonnonbeige\/","title":{"rendered":"VASAGLE kenk\u00e4penkki tyynyll\u00e4 30 x 60 x 44 cm luonnonbeige"},"content":{"rendered":"<p>VASAGLE kenk\u00e4penkki, istuinpenkki, kenk\u00e4hylly pehmustetulla tyynyll\u00e4, 3-tasoinen kenk\u00e4j\u00e4rjestelij\u00e4, 30 x 60 x 44 cm, eteiseen, olohuoneeseen ja makuuhuoneeseen, luonnonbeige LHS020K01<br \/>\nV\u00e4ri: luonnonbeige<br \/>\nMateriaali: lastulevy, vaahtomuovi, PU<br \/>\nKoko: 30 x 60 x 44 cm (S x L x K)<br \/>\nPaino: 11,4 kg<br \/>\nPenkkiin maksimaalinen staattinen kuormitus: 136 kg<\/p>\n","protected":false},"excerpt":{"rendered":"<p>VASAGLE kenk\u00e4penkki, istuinpenkki, kenk\u00e4hylly pehmustetulla tyynyll\u00e4, 3-tasoinen kenk\u00e4j\u00e4rjestelij\u00e4, 30 x 60 x 44 cm, eteiseen, olohuoneeseen ja makuuhuoneeseen, luonnonbeige LHS020K01<\/p>\n","protected":false},"featured_media":42623,"comment_status":"open","ping_status":"closed","template":"","meta":[],"product_brand":[],"product_cat":[32],"product_tag":[],"class_list":{"0":"post-33850","1":"product","2":"type-product","3":"status-publish","4":"has-post-thumbnail","6":"product_cat-uncategorized-fi","8":"first","9":"instock","10":"shipping-taxable","11":"purchasable","12":"product-type-simple"},"_links":{"self":[{"href":"https:\/\/nordicmart.andreevmaster.com\/fi\/wp-json\/wp\/v2\/product\/33850","targetHints":{"allow":["GET"]}}],"collection":[{"href":"https:\/\/nordicmart.andreevmaster.com\/fi\/wp-json\/wp\/v2\/product"}],"about":[{"href":"https:\/\/nordicmart.andreevmaster.com\/fi\/wp-json\/wp\/v2\/types\/product"}],"replies":[{"embeddable":true,"href":"https:\/\/nordicmart.andreevmaster.com\/fi\/wp-json\/wp\/v2\/comments?post=33850"}],"wp:featuredmedia":[{"embeddable":true,"href":"https:\/\/nordicmart.andreevmaster.com\/fi\/wp-json\/wp\/v2\/media\/42623"}],"wp:attachment":[{"href":"https:\/\/nordicmart.andreevmaster.com\/fi\/wp-json\/wp\/v2\/media?parent=33850"}],"wp:term":[{"taxonomy":"product_brand","embeddable":true,"href":"https:\/\/nordicmart.andreevmaster.com\/fi\/wp-json\/wp\/v2\/product_brand?post=33850"},{"taxonomy":"product_cat","embeddable":true,"href":"https:\/\/nordicmart.andreevmaster.com\/fi\/wp-json\/wp\/v2\/product_cat?post=33850"},{"taxonomy":"product_tag","embeddable":true,"href":"https:\/\/nordicmart.andreevmaster.com\/fi\/wp-json\/wp\/v2\/product_tag?post=33850"}],"curies":[{"name":"wp","href":"https:\/\/api.w.org\/{rel}","templated":true}]}}