{"id":33849,"date":"2026-02-27T00:23:04","date_gmt":"2026-02-27T00:23:04","guid":{"rendered":"https:\/\/nordicmart.andreevmaster.com\/product\/vasagle-kenkahylly-istuimella-tammivarinen-sininen-syykuvio-harmaa\/"},"modified":"2026-02-27T09:43:20","modified_gmt":"2026-02-27T09:43:20","slug":"vasagle-kenkahylly-istuimella-tammivarinen-sininen-syykuvio-harmaa","status":"publish","type":"product","link":"https:\/\/nordicmart.andreevmaster.com\/fi\/tuote\/vasagle-kenkahylly-istuimella-tammivarinen-sininen-syykuvio-harmaa\/","title":{"rendered":"VASAGLE kenk\u00e4hylly istuimella tammiv\u00e4rinen, sininen syykuvio-harmaa"},"content":{"rendered":"<p>VASAGLE kenk\u00e4penkki, penkki, kenk\u00e4hylly istuimella, tyynyll\u00e4 ja 15 lokerolla, s\u00e4ilytyshylly, eteiseen, kantavuus 200 kg, valkoinen-harmaa LHS15WT<br \/>\nV\u00e4ri: tammiv\u00e4ri, sininen syykuviointi-harmaa<br \/>\nMateriaali: lastulevy, vaahtomuovi<br \/>\nKoko: 30 x 105 x 48 cm (S x L x K)<br \/>\nPaino: 19,5 kg<br \/>\nPenkin maks. staattinen kantavuus: 200 kg<\/p>\n","protected":false},"excerpt":{"rendered":"<p>VASAGLE kenk\u00e4penkki, penkki, kenk\u00e4hylly istuimella, tyynyll\u00e4 ja 15 lokerolla, s\u00e4ilytyshylly, eteiseen, kantavuus 200 kg, valkoinen-harmaa LHS15WT<\/p>\n","protected":false},"featured_media":42622,"comment_status":"open","ping_status":"closed","template":"","meta":[],"product_brand":[],"product_cat":[32],"product_tag":[],"class_list":{"0":"post-33849","1":"product","2":"type-product","3":"status-publish","4":"has-post-thumbnail","6":"product_cat-uncategorized-fi","8":"first","9":"instock","10":"shipping-taxable","11":"purchasable","12":"product-type-simple"},"_links":{"self":[{"href":"https:\/\/nordicmart.andreevmaster.com\/fi\/wp-json\/wp\/v2\/product\/33849","targetHints":{"allow":["GET"]}}],"collection":[{"href":"https:\/\/nordicmart.andreevmaster.com\/fi\/wp-json\/wp\/v2\/product"}],"about":[{"href":"https:\/\/nordicmart.andreevmaster.com\/fi\/wp-json\/wp\/v2\/types\/product"}],"replies":[{"embeddable":true,"href":"https:\/\/nordicmart.andreevmaster.com\/fi\/wp-json\/wp\/v2\/comments?post=33849"}],"wp:featuredmedia":[{"embeddable":true,"href":"https:\/\/nordicmart.andreevmaster.com\/fi\/wp-json\/wp\/v2\/media\/42622"}],"wp:attachment":[{"href":"https:\/\/nordicmart.andreevmaster.com\/fi\/wp-json\/wp\/v2\/media?parent=33849"}],"wp:term":[{"taxonomy":"product_brand","embeddable":true,"href":"https:\/\/nordicmart.andreevmaster.com\/fi\/wp-json\/wp\/v2\/product_brand?post=33849"},{"taxonomy":"product_cat","embeddable":true,"href":"https:\/\/nordicmart.andreevmaster.com\/fi\/wp-json\/wp\/v2\/product_cat?post=33849"},{"taxonomy":"product_tag","embeddable":true,"href":"https:\/\/nordicmart.andreevmaster.com\/fi\/wp-json\/wp\/v2\/product_tag?post=33849"}],"curies":[{"name":"wp","href":"https:\/\/api.w.org\/{rel}","templated":true}]}}