{"id":33842,"date":"2026-02-27T00:23:02","date_gmt":"2026-02-27T00:23:02","guid":{"rendered":"https:\/\/nordicmart.andreevmaster.com\/product\/kenkapenkki-kenkahylly-kenkateline-sailytyskaappi-10-lokeroa-tyynylla-eteiseen-104-x-30-x-48-cm-maalaisruskea-2\/"},"modified":"2026-02-27T09:43:18","modified_gmt":"2026-02-27T09:43:18","slug":"kenkapenkki-kenkahylly-kenkateline-sailytyskaappi-10-lokeroa-tyynylla-eteiseen-104-x-30-x-48-cm-maalaisruskea-2","status":"publish","type":"product","link":"https:\/\/nordicmart.andreevmaster.com\/fi\/tuote\/kenkapenkki-kenkahylly-kenkateline-sailytyskaappi-10-lokeroa-tyynylla-eteiseen-104-x-30-x-48-cm-maalaisruskea-2\/","title":{"rendered":"Kenk\u00e4penkki, kenk\u00e4hylly, kenk\u00e4teline, s\u00e4ilytyskaappi, 10 lokeroa, tyynyll\u00e4, eteiseen, 104 x 30 x 48 cm, maalaisruskea"},"content":{"rendered":"","protected":false},"excerpt":{"rendered":"","protected":false},"featured_media":0,"comment_status":"open","ping_status":"closed","template":"","meta":[],"product_brand":[],"product_cat":[32],"product_tag":[],"class_list":{"0":"post-33842","1":"product","2":"type-product","3":"status-publish","5":"product_cat-uncategorized-fi","7":"first","8":"instock","9":"shipping-taxable","10":"product-type-simple"},"_links":{"self":[{"href":"https:\/\/nordicmart.andreevmaster.com\/fi\/wp-json\/wp\/v2\/product\/33842","targetHints":{"allow":["GET"]}}],"collection":[{"href":"https:\/\/nordicmart.andreevmaster.com\/fi\/wp-json\/wp\/v2\/product"}],"about":[{"href":"https:\/\/nordicmart.andreevmaster.com\/fi\/wp-json\/wp\/v2\/types\/product"}],"replies":[{"embeddable":true,"href":"https:\/\/nordicmart.andreevmaster.com\/fi\/wp-json\/wp\/v2\/comments?post=33842"}],"wp:attachment":[{"href":"https:\/\/nordicmart.andreevmaster.com\/fi\/wp-json\/wp\/v2\/media?parent=33842"}],"wp:term":[{"taxonomy":"product_brand","embeddable":true,"href":"https:\/\/nordicmart.andreevmaster.com\/fi\/wp-json\/wp\/v2\/product_brand?post=33842"},{"taxonomy":"product_cat","embeddable":true,"href":"https:\/\/nordicmart.andreevmaster.com\/fi\/wp-json\/wp\/v2\/product_cat?post=33842"},{"taxonomy":"product_tag","embeddable":true,"href":"https:\/\/nordicmart.andreevmaster.com\/fi\/wp-json\/wp\/v2\/product_tag?post=33842"}],"curies":[{"name":"wp","href":"https:\/\/api.w.org\/{rel}","templated":true}]}}