{"id":33841,"date":"2026-02-27T00:23:02","date_gmt":"2026-02-27T00:23:02","guid":{"rendered":"https:\/\/nordicmart.andreevmaster.com\/product\/vasagle-kenkahylly-istuimella-30-x-104-x-48-cm-kamelinruskea\/"},"modified":"2026-02-27T09:43:18","modified_gmt":"2026-02-27T09:43:18","slug":"vasagle-kenkahylly-istuimella-30-x-104-x-48-cm-kamelinruskea","status":"publish","type":"product","link":"https:\/\/nordicmart.andreevmaster.com\/fi\/tuote\/vasagle-kenkahylly-istuimella-30-x-104-x-48-cm-kamelinruskea\/","title":{"rendered":"VASAGLE kenk\u00e4hylly istuimella 30 x 104 x 48 cm kamelinruskea"},"content":{"rendered":"<p>VASAGLE kenk\u00e4penkki, kenk\u00e4hylly istuimella, penkki s\u00e4ilytystilalla, tyyny, 9 lokeroa, s\u00e4\u00e4dett\u00e4v\u00e4t hyllyt, olohuoneeseen, eteiseen, 30,3 x 78,5 x 48 cm, vintage-ruskea LHS009B01<br \/>\nV\u00e4ri: kamelinruskea<br \/>\nMateriaali: lastulevy, vaahtomuovi, keinolinakankaalla p\u00e4\u00e4llystetty<br \/>\nKoko: 30 x 104 x 48 cm (S x L x K)<br \/>\nPaino: 20,8 kg<br \/>\nIstuimen maksimaalinen staattinen kantavuus: 150 kg<\/p>\n","protected":false},"excerpt":{"rendered":"<p>VASAGLE kenk\u00e4penkki, kenk\u00e4hylly istuimella, penkki s\u00e4ilytystilalla, tyyny, 9 lokeroa, s\u00e4\u00e4dett\u00e4v\u00e4t hyllyt, olohuoneeseen, eteiseen, 30,3 x 78,5 x 48 cm, vintage-ruskea LHS009B01<\/p>\n","protected":false},"featured_media":42615,"comment_status":"open","ping_status":"closed","template":"","meta":[],"product_brand":[],"product_cat":[32],"product_tag":[],"class_list":{"0":"post-33841","1":"product","2":"type-product","3":"status-publish","4":"has-post-thumbnail","6":"product_cat-uncategorized-fi","8":"first","9":"instock","10":"shipping-taxable","11":"purchasable","12":"product-type-simple"},"_links":{"self":[{"href":"https:\/\/nordicmart.andreevmaster.com\/fi\/wp-json\/wp\/v2\/product\/33841","targetHints":{"allow":["GET"]}}],"collection":[{"href":"https:\/\/nordicmart.andreevmaster.com\/fi\/wp-json\/wp\/v2\/product"}],"about":[{"href":"https:\/\/nordicmart.andreevmaster.com\/fi\/wp-json\/wp\/v2\/types\/product"}],"replies":[{"embeddable":true,"href":"https:\/\/nordicmart.andreevmaster.com\/fi\/wp-json\/wp\/v2\/comments?post=33841"}],"wp:featuredmedia":[{"embeddable":true,"href":"https:\/\/nordicmart.andreevmaster.com\/fi\/wp-json\/wp\/v2\/media\/42615"}],"wp:attachment":[{"href":"https:\/\/nordicmart.andreevmaster.com\/fi\/wp-json\/wp\/v2\/media?parent=33841"}],"wp:term":[{"taxonomy":"product_brand","embeddable":true,"href":"https:\/\/nordicmart.andreevmaster.com\/fi\/wp-json\/wp\/v2\/product_brand?post=33841"},{"taxonomy":"product_cat","embeddable":true,"href":"https:\/\/nordicmart.andreevmaster.com\/fi\/wp-json\/wp\/v2\/product_cat?post=33841"},{"taxonomy":"product_tag","embeddable":true,"href":"https:\/\/nordicmart.andreevmaster.com\/fi\/wp-json\/wp\/v2\/product_tag?post=33841"}],"curies":[{"name":"wp","href":"https:\/\/api.w.org\/{rel}","templated":true}]}}