{"id":33837,"date":"2026-02-27T00:23:01","date_gmt":"2026-02-27T00:23:01","guid":{"rendered":"https:\/\/nordicmart.andreevmaster.com\/product\/vasagle-kenkateline-istuimella-303-x-785-x-48-cm-luonnonbeige\/"},"modified":"2026-02-27T09:43:18","modified_gmt":"2026-02-27T09:43:18","slug":"vasagle-kenkateline-istuimella-303-x-785-x-48-cm-luonnonbeige","status":"publish","type":"product","link":"https:\/\/nordicmart.andreevmaster.com\/fi\/tuote\/vasagle-kenkateline-istuimella-303-x-785-x-48-cm-luonnonbeige\/","title":{"rendered":"VASAGLE kenk\u00e4teline istuimella 30,3 x 78,5 x 48 cm luonnonbeige"},"content":{"rendered":"<p>VASAGLE kenk\u00e4penkki, kenk\u00e4hylly istuimella, penkki s\u00e4ilytystilalla, tyyny, 9 lokeroa, s\u00e4\u00e4dett\u00e4v\u00e4t hyllyt, olohuoneeseen, eteiseen, 30,3 x 78,5 x 48 cm, vintage-ruskea LHS009B01<br \/>\nV\u00e4ri: luonnonbeige<br \/>\nMateriaali: lastulevy, vaahtomuovi, keinokuitup\u00e4\u00e4llinen<br \/>\nKoko: 30,3 x 78,5 x 48 cm (S x L x K)<br \/>\nPaino: 14 kg<br \/>\nIstuimen maks. staattinen kantavuus: 136 kg<\/p>\n","protected":false},"excerpt":{"rendered":"<p>VASAGLE kenk\u00e4penkki, kenk\u00e4hylly istuimella, penkki s\u00e4ilytystilalla, tyyny, 9 lokeroa, s\u00e4\u00e4dett\u00e4v\u00e4t hyllyt, olohuoneeseen, eteiseen, 30,3 x 78,5 x 48 cm, vintage-ruskea LHS009B01<\/p>\n","protected":false},"featured_media":42611,"comment_status":"open","ping_status":"closed","template":"","meta":[],"product_brand":[],"product_cat":[32],"product_tag":[],"class_list":{"0":"post-33837","1":"product","2":"type-product","3":"status-publish","4":"has-post-thumbnail","6":"product_cat-uncategorized-fi","8":"first","9":"instock","10":"shipping-taxable","11":"purchasable","12":"product-type-simple"},"_links":{"self":[{"href":"https:\/\/nordicmart.andreevmaster.com\/fi\/wp-json\/wp\/v2\/product\/33837","targetHints":{"allow":["GET"]}}],"collection":[{"href":"https:\/\/nordicmart.andreevmaster.com\/fi\/wp-json\/wp\/v2\/product"}],"about":[{"href":"https:\/\/nordicmart.andreevmaster.com\/fi\/wp-json\/wp\/v2\/types\/product"}],"replies":[{"embeddable":true,"href":"https:\/\/nordicmart.andreevmaster.com\/fi\/wp-json\/wp\/v2\/comments?post=33837"}],"wp:featuredmedia":[{"embeddable":true,"href":"https:\/\/nordicmart.andreevmaster.com\/fi\/wp-json\/wp\/v2\/media\/42611"}],"wp:attachment":[{"href":"https:\/\/nordicmart.andreevmaster.com\/fi\/wp-json\/wp\/v2\/media?parent=33837"}],"wp:term":[{"taxonomy":"product_brand","embeddable":true,"href":"https:\/\/nordicmart.andreevmaster.com\/fi\/wp-json\/wp\/v2\/product_brand?post=33837"},{"taxonomy":"product_cat","embeddable":true,"href":"https:\/\/nordicmart.andreevmaster.com\/fi\/wp-json\/wp\/v2\/product_cat?post=33837"},{"taxonomy":"product_tag","embeddable":true,"href":"https:\/\/nordicmart.andreevmaster.com\/fi\/wp-json\/wp\/v2\/product_tag?post=33837"}],"curies":[{"name":"wp","href":"https:\/\/api.w.org\/{rel}","templated":true}]}}