{"id":33834,"date":"2026-02-27T00:23:00","date_gmt":"2026-02-27T00:23:00","guid":{"rendered":"https:\/\/nordicmart.andreevmaster.com\/product\/songmics-seinavaatekoukku-hyllylla-valkoinen\/"},"modified":"2026-02-27T09:43:17","modified_gmt":"2026-02-27T09:43:17","slug":"songmics-seinavaatekoukku-hyllylla-valkoinen","status":"publish","type":"product","link":"https:\/\/nordicmart.andreevmaster.com\/fi\/tuote\/songmics-seinavaatekoukku-hyllylla-valkoinen\/","title":{"rendered":"SONGMICS sein\u00e4vaatekoukku hyllyll\u00e4, valkoinen"},"content":{"rendered":"<p>Ensivaikutelma on t\u00e4rke\u00e4: Onko eteisenne aina kaaoksessa? Sitten teid\u00e4n pit\u00e4isi hankkia t\u00e4m\u00e4 sein\u00e4vaatekaappi kotiinne. Vieraanne tuntevat olonsa tervetulleiksi heti ensimm\u00e4isest\u00e4 askeleesta l\u00e4htien. Ei en\u00e4\u00e4 kaoottisia vaatekasoja! T\u00e4m\u00e4 vaatekaappi on varustettu 4 metallisella kaksoiskoukulla, joten saatte heti 8 ripustusmahdollisuutta takkeille, hattuille, laukkuille ja avaimille. N\u00e4in tuolisi ja nojatuolisi eiv\u00e4t en\u00e4\u00e4 ole vaatekasojen peitossa. Paranna eteistasi: aseta valokuvakehykset, kasvit ja koriste-esineet t\u00e4m\u00e4n sein\u00e4hyllyn hyllylle ja luo eteiseesi l\u00e4mmin ilmapiiri. Hyv\u00e4t tavat helpottavat arkea: t\u00e4m\u00e4n naulakon avulla voit ottaa tavaksi ripustaa vaatteesi aina siististi. Opeta t\u00e4m\u00e4 my\u00f6s lapsillesi. N\u00e4in he oppivat jo varhaisessa i\u00e4ss\u00e4 siivoamaan ja my\u00f6hemmin he eiv\u00e4t todenn\u00e4k\u00f6isesti joudu etsim\u00e4\u00e4n avaimiaan. Tuotetiedot: V\u00e4ri: valkoinen Materiaali: MDF (keskitihe\u00e4 kuitulevy), sinkkiseos Koko: 40 x 10,5 x 10,5 cm (P x L x K) Paino: 0,9 kg Maks. staattinen kantavuus: 15,9 kg Toimitus sis\u00e4lt\u00e4\u00e4: 1 x sein\u00e4teline 1 x lis\u00e4varustepaketti 1 x ohjeet (DE, EN, ES, FR, IT) SONGMICS-ohjeet:Asenna t\u00e4m\u00e4 tuote tukevalle sein\u00e4lle tai puupylv\u00e4\u00e4seen, jotta sein\u00e4vaatekoukun vakaus ja kantavuus voidaan taata. \u00c4l\u00e4 k\u00e4yt\u00e4 t\u00e4t\u00e4 tuotetta ulkona ja suojaa se sateelta.<\/p>\n","protected":false},"excerpt":{"rendered":"<p>SONGMICS sein\u00e4vaatekoukku, eteisen vaatekoukku, 4 kaksoiskoukulla, hyllyll\u00e4, vaatekoukku, kylpyhuoneeseen, olohuoneeseen, keitti\u00f6\u00f6n, valkoinen LHR42WT<\/p>\n","protected":false},"featured_media":42608,"comment_status":"open","ping_status":"closed","template":"","meta":[],"product_brand":[],"product_cat":[32],"product_tag":[],"class_list":{"0":"post-33834","1":"product","2":"type-product","3":"status-publish","4":"has-post-thumbnail","6":"product_cat-uncategorized-fi","8":"first","9":"instock","10":"shipping-taxable","11":"purchasable","12":"product-type-simple"},"_links":{"self":[{"href":"https:\/\/nordicmart.andreevmaster.com\/fi\/wp-json\/wp\/v2\/product\/33834","targetHints":{"allow":["GET"]}}],"collection":[{"href":"https:\/\/nordicmart.andreevmaster.com\/fi\/wp-json\/wp\/v2\/product"}],"about":[{"href":"https:\/\/nordicmart.andreevmaster.com\/fi\/wp-json\/wp\/v2\/types\/product"}],"replies":[{"embeddable":true,"href":"https:\/\/nordicmart.andreevmaster.com\/fi\/wp-json\/wp\/v2\/comments?post=33834"}],"wp:featuredmedia":[{"embeddable":true,"href":"https:\/\/nordicmart.andreevmaster.com\/fi\/wp-json\/wp\/v2\/media\/42608"}],"wp:attachment":[{"href":"https:\/\/nordicmart.andreevmaster.com\/fi\/wp-json\/wp\/v2\/media?parent=33834"}],"wp:term":[{"taxonomy":"product_brand","embeddable":true,"href":"https:\/\/nordicmart.andreevmaster.com\/fi\/wp-json\/wp\/v2\/product_brand?post=33834"},{"taxonomy":"product_cat","embeddable":true,"href":"https:\/\/nordicmart.andreevmaster.com\/fi\/wp-json\/wp\/v2\/product_cat?post=33834"},{"taxonomy":"product_tag","embeddable":true,"href":"https:\/\/nordicmart.andreevmaster.com\/fi\/wp-json\/wp\/v2\/product_tag?post=33834"}],"curies":[{"name":"wp","href":"https:\/\/api.w.org\/{rel}","templated":true}]}}