{"id":33833,"date":"2026-02-27T00:23:00","date_gmt":"2026-02-27T00:23:00","guid":{"rendered":"https:\/\/nordicmart.andreevmaster.com\/product\/songmics-4-kolminkertainen-vaatekoukku\/"},"modified":"2026-02-27T09:43:17","modified_gmt":"2026-02-27T09:43:17","slug":"songmics-4-kolminkertainen-vaatekoukku","status":"publish","type":"product","link":"https:\/\/nordicmart.andreevmaster.com\/fi\/tuote\/songmics-4-kolminkertainen-vaatekoukku\/","title":{"rendered":"SONGMICS 4 kolminkertainen vaatekoukku"},"content":{"rendered":"<p>Ovinkahvat t\u00e4ynn\u00e4 takkeja ja huiveja, tuolit t\u00e4ynn\u00e4 laukkuja, avaimia ja hattuja&#8230; Kuulostaako tutulta? Ei h\u00e4t\u00e4\u00e4! T\u00e4m\u00e4 SONGMICS-sein\u00e4vaatekoukku auttaa sinua pit\u00e4m\u00e4\u00e4n asuntosi j\u00e4rjestyksess\u00e4. Naulakko on varustettu 4 syv\u00e4ll\u00e4 kaarevalla koukulla, jotka tarjoavat runsaasti tilaa kaikenlaisille vaatteille ja esineille. Valkoisen maalipintansa ansiosta t\u00e4m\u00e4 naulakko sopii t\u00e4ydellisesti muihin sisustustuotteisiin ja on tervetullut vieras jokaiseen eteiseen, aulaan, kylpyhuoneeseen tai makuuhuoneeseen. Tuotetiedot: &#8211; V\u00e4ri: valkoinen &#8211; Materiaali: MDF (keskitihe\u00e4 kuitulevy), sinkkiseos &#8211; Koko: 40 x 11 x 7 cm (P x L x K) &#8211; Paino: 0,5 kg &#8211; Maks. staattinen kantavuus: 15,9 kg Toimitus sis\u00e4lt\u00e4\u00e4:- 1 x sein\u00e4hylly &#8211; 1 x tarvikepussi &#8211; 1 x ohjeet (DE, EN, ES, FR, IT) SONGMICS-ohjeet: &#8211; \u00c4l\u00e4 k\u00e4yt\u00e4 t\u00e4t\u00e4 tuotetta ulkona ja suojaa se sateelta. &#8211; Asenna t\u00e4m\u00e4 tuote tukevalle sein\u00e4lle tai puupylv\u00e4\u00e4seen, jotta sein\u00e4hyllyn vakaus ja kantavuus voidaan taata.<\/p>\n","protected":false},"excerpt":{"rendered":"<p>SONGMICS sein\u00e4vaatekaappi, 4 kolminkertaista vaatekoukkua, koukkupalkki, vaatekoukut, takit, takit, hatut, laukut, eteinen, makuuhuone, kylpyhuone, valkoinen LHR30WT<\/p>\n","protected":false},"featured_media":42607,"comment_status":"open","ping_status":"closed","template":"","meta":[],"product_brand":[],"product_cat":[32],"product_tag":[],"class_list":{"0":"post-33833","1":"product","2":"type-product","3":"status-publish","4":"has-post-thumbnail","6":"product_cat-uncategorized-fi","8":"first","9":"instock","10":"shipping-taxable","11":"purchasable","12":"product-type-simple"},"_links":{"self":[{"href":"https:\/\/nordicmart.andreevmaster.com\/fi\/wp-json\/wp\/v2\/product\/33833","targetHints":{"allow":["GET"]}}],"collection":[{"href":"https:\/\/nordicmart.andreevmaster.com\/fi\/wp-json\/wp\/v2\/product"}],"about":[{"href":"https:\/\/nordicmart.andreevmaster.com\/fi\/wp-json\/wp\/v2\/types\/product"}],"replies":[{"embeddable":true,"href":"https:\/\/nordicmart.andreevmaster.com\/fi\/wp-json\/wp\/v2\/comments?post=33833"}],"wp:featuredmedia":[{"embeddable":true,"href":"https:\/\/nordicmart.andreevmaster.com\/fi\/wp-json\/wp\/v2\/media\/42607"}],"wp:attachment":[{"href":"https:\/\/nordicmart.andreevmaster.com\/fi\/wp-json\/wp\/v2\/media?parent=33833"}],"wp:term":[{"taxonomy":"product_brand","embeddable":true,"href":"https:\/\/nordicmart.andreevmaster.com\/fi\/wp-json\/wp\/v2\/product_brand?post=33833"},{"taxonomy":"product_cat","embeddable":true,"href":"https:\/\/nordicmart.andreevmaster.com\/fi\/wp-json\/wp\/v2\/product_cat?post=33833"},{"taxonomy":"product_tag","embeddable":true,"href":"https:\/\/nordicmart.andreevmaster.com\/fi\/wp-json\/wp\/v2\/product_tag?post=33833"}],"curies":[{"name":"wp","href":"https:\/\/api.w.org\/{rel}","templated":true}]}}