{"id":33830,"date":"2026-02-27T00:22:59","date_gmt":"2026-02-27T00:22:59","guid":{"rendered":"https:\/\/nordicmart.andreevmaster.com\/product\/songmics-seinavaatekoukku-4-kaksoiskoukulla-vintage-ruskea\/"},"modified":"2026-02-27T09:43:16","modified_gmt":"2026-02-27T09:43:16","slug":"songmics-seinavaatekoukku-4-kaksoiskoukulla-vintage-ruskea","status":"publish","type":"product","link":"https:\/\/nordicmart.andreevmaster.com\/fi\/tuote\/songmics-seinavaatekoukku-4-kaksoiskoukulla-vintage-ruskea\/","title":{"rendered":"SONGMICS sein\u00e4vaatekoukku 4 kaksoiskoukulla, vintage-ruskea"},"content":{"rendered":"<p>Ensivaikutelma on t\u00e4rke\u00e4: Onko eteisenne aina kaaoksessa? Sitten teid\u00e4n kannattaa hankkia t\u00e4m\u00e4 sein\u00e4vaatekoukku kotiinne. Vieraanne tuntevat olonsa tervetulleiksi heti ensimm\u00e4isest\u00e4 askeleesta l\u00e4htien. Ei en\u00e4\u00e4 kaoottisia vaatekasoja! T\u00e4m\u00e4 vaatekoukku on varustettu 4 metallisella kaksoiskoukulla, joten saatte heti 8 ripustusmahdollisuutta takkeille, hattuille, laukkuille ja avaimille. N\u00e4in tuolisi ja nojatuolisi eiv\u00e4t en\u00e4\u00e4 ole vaatekasojen peitossa. Paranna eteistasi: aseta valokuvakehykset, kasvit ja koriste-esineet t\u00e4m\u00e4n sein\u00e4hyllyn hyllylle ja luo eteiseesi l\u00e4mmin ilmapiiri. Hyv\u00e4t tavat helpottavat arkea: t\u00e4m\u00e4n vaatekoukun avulla voit ottaa tavaksi ripustaa vaatteesi aina siististi. Opeta t\u00e4m\u00e4 my\u00f6s lapsillesi. N\u00e4in he oppivat jo varhaisessa i\u00e4ss\u00e4 siivoamaan ja my\u00f6hemmin he eiv\u00e4t todenn\u00e4k\u00f6isesti joudu etsim\u00e4\u00e4n avaimiaan. Tuotetiedot:V\u00e4ri: vintage-ruskea Materiaali: MDF (keskitihe\u00e4 kuitulevy), sinkkiseos Koko: 40 x 10,5 x 10,5 cm (P x L x K) Paino: 0,9 kg Maks. staattinen kantavuus: 15,9 kg Toimitus sis\u00e4lt\u00e4\u00e4: 1 x sein\u00e4hylly 1 x lis\u00e4varustepaketti 1 x ohjeet SONGMICS Huomautukset:Asenna t\u00e4m\u00e4 tuote tukevalle sein\u00e4lle tai puupylv\u00e4\u00e4seen, jotta sein\u00e4vaatekoukun vakaus ja kantavuus voidaan taata. \u00c4l\u00e4 k\u00e4yt\u00e4 t\u00e4t\u00e4 tuotetta ulkona ja suojaa se sateelta.<\/p>\n","protected":false},"excerpt":{"rendered":"<p>SONGMICS sein\u00e4vaatekoukku, eteisen vaatekoukku, 4 kaksoiskoukulla, hyllyll\u00e4, vaatekoukut, kylpyhuoneeseen, olohuoneeseen, keitti\u00f6\u00f6n, vintage-ruskea LHR042X02<\/p>\n","protected":false},"featured_media":0,"comment_status":"open","ping_status":"closed","template":"","meta":[],"product_brand":[],"product_cat":[32],"product_tag":[],"class_list":{"0":"post-33830","1":"product","2":"type-product","3":"status-publish","5":"product_cat-uncategorized-fi","7":"first","8":"instock","9":"shipping-taxable","10":"purchasable","11":"product-type-simple"},"_links":{"self":[{"href":"https:\/\/nordicmart.andreevmaster.com\/fi\/wp-json\/wp\/v2\/product\/33830","targetHints":{"allow":["GET"]}}],"collection":[{"href":"https:\/\/nordicmart.andreevmaster.com\/fi\/wp-json\/wp\/v2\/product"}],"about":[{"href":"https:\/\/nordicmart.andreevmaster.com\/fi\/wp-json\/wp\/v2\/types\/product"}],"replies":[{"embeddable":true,"href":"https:\/\/nordicmart.andreevmaster.com\/fi\/wp-json\/wp\/v2\/comments?post=33830"}],"wp:attachment":[{"href":"https:\/\/nordicmart.andreevmaster.com\/fi\/wp-json\/wp\/v2\/media?parent=33830"}],"wp:term":[{"taxonomy":"product_brand","embeddable":true,"href":"https:\/\/nordicmart.andreevmaster.com\/fi\/wp-json\/wp\/v2\/product_brand?post=33830"},{"taxonomy":"product_cat","embeddable":true,"href":"https:\/\/nordicmart.andreevmaster.com\/fi\/wp-json\/wp\/v2\/product_cat?post=33830"},{"taxonomy":"product_tag","embeddable":true,"href":"https:\/\/nordicmart.andreevmaster.com\/fi\/wp-json\/wp\/v2\/product_tag?post=33830"}],"curies":[{"name":"wp","href":"https:\/\/api.w.org\/{rel}","templated":true}]}}