{"id":33828,"date":"2026-02-27T00:22:58","date_gmt":"2026-02-27T00:22:58","guid":{"rendered":"https:\/\/nordicmart.andreevmaster.com\/product\/songmics-seinavaatekoukku-metallista\/"},"modified":"2026-02-27T09:43:16","modified_gmt":"2026-02-27T09:43:16","slug":"songmics-seinavaatekoukku-metallista","status":"publish","type":"product","link":"https:\/\/nordicmart.andreevmaster.com\/fi\/tuote\/songmics-seinavaatekoukku-metallista\/","title":{"rendered":"SONGMICS sein\u00e4vaatekoukku metallista"},"content":{"rendered":"<p>Tuntuuko t\u00e4m\u00e4 tutulta? Ovenkahvat t\u00e4ynn\u00e4 takkeja ja huiveja. Tuolit t\u00e4ynn\u00e4 laukkuja ja hattuja. Pyyhkeet lattialla. Avaimesi ovat j\u00e4lleen kerran kadonneet selitt\u00e4m\u00e4tt\u00f6m\u00e4sti&#8230; Kuulostaako tutulta? Ei h\u00e4t\u00e4\u00e4! T\u00e4m\u00e4 SONGMICS-sein\u00e4vaatekoukku auttaa sinua saamaan j\u00e4rjestyst\u00e4 kotiisi. Ei en\u00e4\u00e4 kaoottisia vaatekasoja! T\u00e4m\u00e4 naulakko on varustettu 4 metallisella kaksoiskoukulla, joten saat heti 8 ripustusmahdollisuutta takkeille, hattuille, laukkuille ja avaimille. N\u00e4in tuolisi ja nojatuolisi eiv\u00e4t en\u00e4\u00e4 ole vaatekasojen peitossa. Hyv\u00e4t tavat helpottavat arkea: t\u00e4m\u00e4n naulakon avulla voit ottaa tavaksi ripustaa vaatteesi aina siististi. Opeta t\u00e4m\u00e4 my\u00f6s lapsillesi. N\u00e4in he oppivat jo varhaisessa i\u00e4ss\u00e4 pit\u00e4m\u00e4\u00e4n j\u00e4rjestyst\u00e4 ja my\u00f6hemmin he eiv\u00e4t todenn\u00e4k\u00f6isesti joudu etsim\u00e4\u00e4n avaimiaan. Tuotetiedot: V\u00e4ri: valkoinen-hopea Materiaali: MDF (keskitihe\u00e4 kuitulevy), sinkkiseos Koko: 40 x 9 x 7 cm (P x L x K) Paino: 0,5 kg Maks. staattinen kantavuus: 15,9 kg Toimitus sis\u00e4lt\u00e4\u00e4: 1 x sein\u00e4vaatekoukku 1 x lis\u00e4varustepaketti 1 x ohjeet SONGMICSin huomautukset: \u00c4l\u00e4 k\u00e4yt\u00e4 t\u00e4t\u00e4 tuotetta ulkona ja suojaa se sateelta.Asenna t\u00e4m\u00e4 tuote tukevalle sein\u00e4lle tai puupylv\u00e4\u00e4seen, jotta sein\u00e4vaatekoukun vakaus ja kantavuus voidaan taata.<\/p>\n","protected":false},"excerpt":{"rendered":"<p>SONGMICS sein\u00e4vaatekoukku, 4 metallista vaatekoukkua, koukkupalkki, vaatekoukut, takit, jakut, hatut, laukut, eteinen, makuuhuone, kylpyhuone, valkoinen-hopea LHR023E01<\/p>\n","protected":false},"featured_media":42603,"comment_status":"open","ping_status":"closed","template":"","meta":[],"product_brand":[],"product_cat":[32],"product_tag":[],"class_list":{"0":"post-33828","1":"product","2":"type-product","3":"status-publish","4":"has-post-thumbnail","6":"product_cat-uncategorized-fi","8":"first","9":"instock","10":"shipping-taxable","11":"purchasable","12":"product-type-simple"},"_links":{"self":[{"href":"https:\/\/nordicmart.andreevmaster.com\/fi\/wp-json\/wp\/v2\/product\/33828","targetHints":{"allow":["GET"]}}],"collection":[{"href":"https:\/\/nordicmart.andreevmaster.com\/fi\/wp-json\/wp\/v2\/product"}],"about":[{"href":"https:\/\/nordicmart.andreevmaster.com\/fi\/wp-json\/wp\/v2\/types\/product"}],"replies":[{"embeddable":true,"href":"https:\/\/nordicmart.andreevmaster.com\/fi\/wp-json\/wp\/v2\/comments?post=33828"}],"wp:featuredmedia":[{"embeddable":true,"href":"https:\/\/nordicmart.andreevmaster.com\/fi\/wp-json\/wp\/v2\/media\/42603"}],"wp:attachment":[{"href":"https:\/\/nordicmart.andreevmaster.com\/fi\/wp-json\/wp\/v2\/media?parent=33828"}],"wp:term":[{"taxonomy":"product_brand","embeddable":true,"href":"https:\/\/nordicmart.andreevmaster.com\/fi\/wp-json\/wp\/v2\/product_brand?post=33828"},{"taxonomy":"product_cat","embeddable":true,"href":"https:\/\/nordicmart.andreevmaster.com\/fi\/wp-json\/wp\/v2\/product_cat?post=33828"},{"taxonomy":"product_tag","embeddable":true,"href":"https:\/\/nordicmart.andreevmaster.com\/fi\/wp-json\/wp\/v2\/product_tag?post=33828"}],"curies":[{"name":"wp","href":"https:\/\/api.w.org\/{rel}","templated":true}]}}