{"id":33824,"date":"2026-02-27T00:22:57","date_gmt":"2026-02-27T00:22:57","guid":{"rendered":"https:\/\/nordicmart.andreevmaster.com\/product\/vasagle-kapea-kylpyhuonekaappi-4-laatikkoa-pilvinen-valkoinen\/"},"modified":"2026-02-27T09:43:15","modified_gmt":"2026-02-27T09:43:15","slug":"vasagle-kapea-kylpyhuonekaappi-4-laatikkoa-pilvinen-valkoinen","status":"publish","type":"product","link":"https:\/\/nordicmart.andreevmaster.com\/fi\/tuote\/vasagle-kapea-kylpyhuonekaappi-4-laatikkoa-pilvinen-valkoinen\/","title":{"rendered":"VASAGLE Kapea kylpyhuonekaappi, 4 laatikkoa, pilvinen valkoinen"},"content":{"rendered":"<p>Kylpyhuoneen kaappi, kapea kylpyhuoneen kaappi, sivukaappi, lipasto, 4 laatikkoa, s\u00e4\u00e4dett\u00e4v\u00e4 hylly, 30 x 55 x 82 cm, laakerinvihre\u00e4<br \/>\nV\u00e4ri: pilvinen valkoinen<br \/>\nMateriaali: MDF (keskitihe\u00e4 kuitulevy)<br \/>\nKoko: 35 x 65 x 90 cm (S x L x K)<br \/>\nPaino: 15,8 kg<br \/>\nYlimm\u00e4n hyllyn maks. staattinen kantavuus: 45 kg<br \/>\nEnimm\u00e4iskantavuus per laatikko: 5 kg<br \/>\nS\u00e4\u00e4dett\u00e4v\u00e4n hyllyn maks. staattinen kantavuus: 15 kg<\/p>\n","protected":false},"excerpt":{"rendered":"<p>Kylpyhuoneen kaappi, kapea kylpyhuoneen kaappi, sivukaappi, lipasto, 4 laatikkoa, s\u00e4\u00e4dett\u00e4v\u00e4 hylly, 30 x 55 x 82 cm, laakerinvihre\u00e4<\/p>\n","protected":false},"featured_media":42599,"comment_status":"open","ping_status":"closed","template":"","meta":[],"product_brand":[],"product_cat":[32],"product_tag":[],"class_list":{"0":"post-33824","1":"product","2":"type-product","3":"status-publish","4":"has-post-thumbnail","6":"product_cat-uncategorized-fi","8":"first","9":"instock","10":"shipping-taxable","11":"purchasable","12":"product-type-simple"},"_links":{"self":[{"href":"https:\/\/nordicmart.andreevmaster.com\/fi\/wp-json\/wp\/v2\/product\/33824","targetHints":{"allow":["GET"]}}],"collection":[{"href":"https:\/\/nordicmart.andreevmaster.com\/fi\/wp-json\/wp\/v2\/product"}],"about":[{"href":"https:\/\/nordicmart.andreevmaster.com\/fi\/wp-json\/wp\/v2\/types\/product"}],"replies":[{"embeddable":true,"href":"https:\/\/nordicmart.andreevmaster.com\/fi\/wp-json\/wp\/v2\/comments?post=33824"}],"wp:featuredmedia":[{"embeddable":true,"href":"https:\/\/nordicmart.andreevmaster.com\/fi\/wp-json\/wp\/v2\/media\/42599"}],"wp:attachment":[{"href":"https:\/\/nordicmart.andreevmaster.com\/fi\/wp-json\/wp\/v2\/media?parent=33824"}],"wp:term":[{"taxonomy":"product_brand","embeddable":true,"href":"https:\/\/nordicmart.andreevmaster.com\/fi\/wp-json\/wp\/v2\/product_brand?post=33824"},{"taxonomy":"product_cat","embeddable":true,"href":"https:\/\/nordicmart.andreevmaster.com\/fi\/wp-json\/wp\/v2\/product_cat?post=33824"},{"taxonomy":"product_tag","embeddable":true,"href":"https:\/\/nordicmart.andreevmaster.com\/fi\/wp-json\/wp\/v2\/product_tag?post=33824"}],"curies":[{"name":"wp","href":"https:\/\/api.w.org\/{rel}","templated":true}]}}