{"id":33819,"date":"2026-02-27T00:22:56","date_gmt":"2026-02-27T00:22:56","guid":{"rendered":"https:\/\/nordicmart.andreevmaster.com\/product\/vasagle-kylpyhuoneen-kaappi-kylpyhuoneen-kaappi-sivukaappi-4-laatikolla\/"},"modified":"2026-02-27T09:43:14","modified_gmt":"2026-02-27T09:43:14","slug":"vasagle-kylpyhuoneen-kaappi-kylpyhuoneen-kaappi-sivukaappi-4-laatikolla","status":"publish","type":"product","link":"https:\/\/nordicmart.andreevmaster.com\/fi\/tuote\/vasagle-kylpyhuoneen-kaappi-kylpyhuoneen-kaappi-sivukaappi-4-laatikolla\/","title":{"rendered":"VASAGLE kylpyhuoneen kaappi, kylpyhuoneen kaappi, sivukaappi 4 laatikolla"},"content":{"rendered":"<p>Kylpyhuoneen kaappi, kylpyhuoneen kaappi, sivukaappi 4 laatikolla, 30 x 30 x 82 cm, kylpyhuoneeseen, olohuoneeseen, laakerinvihre\u00e4<br \/>\nTuotetiedot:<br \/>\n&#8211; V\u00e4ri: laakerinvihre\u00e4<br \/>\n&#8211; Materiaali: MDF (keskitihe\u00e4 kuitulevy)<br \/>\n&#8211; Koko: 30 x 30 x 82 cm (S x L x K)<br \/>\n&#8211; Paino: 8,3 kg<br \/>\n&#8211; Ylimm\u00e4n hyllyn maks. staattinen kantavuus: 45 kg<br \/>\n&#8211; Enimm\u00e4iskantavuus per laatikko: 4,5 kg<\/p>\n<p>Toimitus sis\u00e4lt\u00e4\u00e4:<br \/>\n&#8211; 1 x kylpyhuonekaappi<br \/>\n&#8211; 1 x kaatumissuoja<br \/>\n&#8211; 1 x lis\u00e4varustepaketti<br \/>\n&#8211; 1 x ohjeet<\/p>\n<p>Huomautukset:<br \/>\n&#8211; Kiinnit\u00e4 t\u00e4m\u00e4 kylpyhuonekaappi sein\u00e4\u00e4n mukana toimitetulla kaatumissuojalla turvallisen k\u00e4yt\u00f6n varmistamiseksi.<\/p>\n","protected":false},"excerpt":{"rendered":"<p>Kylpyhuoneen kaappi, kylpyhuoneen kaappi, sivukaappi 4 laatikolla, 30 x 30 x 82 cm, kylpyhuoneeseen, olohuoneeseen, laakerinvihre\u00e4<\/p>\n","protected":false},"featured_media":42594,"comment_status":"open","ping_status":"closed","template":"","meta":[],"product_brand":[],"product_cat":[32],"product_tag":[],"class_list":{"0":"post-33819","1":"product","2":"type-product","3":"status-publish","4":"has-post-thumbnail","6":"product_cat-uncategorized-fi","8":"first","9":"instock","10":"shipping-taxable","11":"purchasable","12":"product-type-simple"},"_links":{"self":[{"href":"https:\/\/nordicmart.andreevmaster.com\/fi\/wp-json\/wp\/v2\/product\/33819","targetHints":{"allow":["GET"]}}],"collection":[{"href":"https:\/\/nordicmart.andreevmaster.com\/fi\/wp-json\/wp\/v2\/product"}],"about":[{"href":"https:\/\/nordicmart.andreevmaster.com\/fi\/wp-json\/wp\/v2\/types\/product"}],"replies":[{"embeddable":true,"href":"https:\/\/nordicmart.andreevmaster.com\/fi\/wp-json\/wp\/v2\/comments?post=33819"}],"wp:featuredmedia":[{"embeddable":true,"href":"https:\/\/nordicmart.andreevmaster.com\/fi\/wp-json\/wp\/v2\/media\/42594"}],"wp:attachment":[{"href":"https:\/\/nordicmart.andreevmaster.com\/fi\/wp-json\/wp\/v2\/media?parent=33819"}],"wp:term":[{"taxonomy":"product_brand","embeddable":true,"href":"https:\/\/nordicmart.andreevmaster.com\/fi\/wp-json\/wp\/v2\/product_brand?post=33819"},{"taxonomy":"product_cat","embeddable":true,"href":"https:\/\/nordicmart.andreevmaster.com\/fi\/wp-json\/wp\/v2\/product_cat?post=33819"},{"taxonomy":"product_tag","embeddable":true,"href":"https:\/\/nordicmart.andreevmaster.com\/fi\/wp-json\/wp\/v2\/product_tag?post=33819"}],"curies":[{"name":"wp","href":"https:\/\/api.w.org\/{rel}","templated":true}]}}