{"id":33817,"date":"2026-02-27T00:22:56","date_gmt":"2026-02-27T00:22:56","guid":{"rendered":"https:\/\/nordicmart.andreevmaster.com\/product\/vasagle-peilikaappi-kylpyhuonekaappi-seinakaappi\/"},"modified":"2026-02-27T09:43:14","modified_gmt":"2026-02-27T09:43:14","slug":"vasagle-peilikaappi-kylpyhuonekaappi-seinakaappi","status":"publish","type":"product","link":"https:\/\/nordicmart.andreevmaster.com\/fi\/tuote\/vasagle-peilikaappi-kylpyhuonekaappi-seinakaappi\/","title":{"rendered":"VASAGLE peilikaappi, kylpyhuonekaappi, sein\u00e4kaappi"},"content":{"rendered":"<p>T\u00e4ss\u00e4 on tyylik\u00e4s valkoinen peilikaappi. Sen ajaton muotoilu tekee siit\u00e4 todellisen koristeen jokaiseen kylpyhuoneeseen. Sen syvyyden (13 cm) ansiosta se sopii erityisen hyvin pieneen kylpyhuoneeseen. T\u00e4m\u00e4 kaappi on helppo yhdist\u00e4\u00e4 muihin huonekaluihin ja se sopii l\u00e4hes jokaiseen huoneeseen, esim. eteiseen, olohuoneeseen, makuuhuoneeseen jne.  Alahyllyn ja sis\u00e4osastojen lis\u00e4ksi kaapin yl\u00e4osaa voi k\u00e4ytt\u00e4\u00e4 esim. kasvien ruukkujen s\u00e4ilytykseen. Lis\u00e4ksi se voidaan muuttaa l\u00e4\u00e4kekaapiksi. Kylpyhuonekaappi on suojattu styroksilevyill\u00e4 ja pakattu kovaan pahvilaatikkoon. N\u00e4in varmistetaan, ett\u00e4 toimitus on kuljetuksen aikana ehj\u00e4.  Huomautukset: &#8211; Emme suosittele akkuruuvimeisselin k\u00e4ytt\u00f6\u00e4, koska se voi vahingoittaa tuotetta. Tuotetiedot: &#8211; Mitat: 56 x 58 x 13 cm (L x K x S) &#8211; V\u00e4ri: valkoinen &#8211; Materiaali: MDF-levy &#8211; Pakkauksen mitat: 64,5 x 32,5 x 11 cm &#8211; Nettopaino: 6,22 kg &#8211; Bruttopaino: 7,16 kg Toimitus sis\u00e4lt\u00e4\u00e4: &#8211; 1 x peilikaappi &#8211; 1 x ohjeet &#8211; 1 x kiinnitystarvikepussi<\/p>\n","protected":false},"excerpt":{"rendered":"<p>Peilikaappi, kylpyhuonekaappi, sein\u00e4kaappi, ripustettava kaappi, jossa 2 peiliovea ja avoin hylly, sein\u00e4kiinnitys, 13 x 56,5 x 58,5 cm, valkoinen<\/p>\n","protected":false},"featured_media":42593,"comment_status":"open","ping_status":"closed","template":"","meta":[],"product_brand":[],"product_cat":[32],"product_tag":[],"class_list":{"0":"post-33817","1":"product","2":"type-product","3":"status-publish","4":"has-post-thumbnail","6":"product_cat-uncategorized-fi","8":"first","9":"instock","10":"shipping-taxable","11":"purchasable","12":"product-type-simple"},"_links":{"self":[{"href":"https:\/\/nordicmart.andreevmaster.com\/fi\/wp-json\/wp\/v2\/product\/33817","targetHints":{"allow":["GET"]}}],"collection":[{"href":"https:\/\/nordicmart.andreevmaster.com\/fi\/wp-json\/wp\/v2\/product"}],"about":[{"href":"https:\/\/nordicmart.andreevmaster.com\/fi\/wp-json\/wp\/v2\/types\/product"}],"replies":[{"embeddable":true,"href":"https:\/\/nordicmart.andreevmaster.com\/fi\/wp-json\/wp\/v2\/comments?post=33817"}],"wp:featuredmedia":[{"embeddable":true,"href":"https:\/\/nordicmart.andreevmaster.com\/fi\/wp-json\/wp\/v2\/media\/42593"}],"wp:attachment":[{"href":"https:\/\/nordicmart.andreevmaster.com\/fi\/wp-json\/wp\/v2\/media?parent=33817"}],"wp:term":[{"taxonomy":"product_brand","embeddable":true,"href":"https:\/\/nordicmart.andreevmaster.com\/fi\/wp-json\/wp\/v2\/product_brand?post=33817"},{"taxonomy":"product_cat","embeddable":true,"href":"https:\/\/nordicmart.andreevmaster.com\/fi\/wp-json\/wp\/v2\/product_cat?post=33817"},{"taxonomy":"product_tag","embeddable":true,"href":"https:\/\/nordicmart.andreevmaster.com\/fi\/wp-json\/wp\/v2\/product_tag?post=33817"}],"curies":[{"name":"wp","href":"https:\/\/api.w.org\/{rel}","templated":true}]}}