{"id":33816,"date":"2026-02-27T00:22:55","date_gmt":"2026-02-27T00:22:55","guid":{"rendered":"https:\/\/nordicmart.andreevmaster.com\/product\/vasagle-maalaistyyliinen-senkki\/"},"modified":"2026-02-27T09:43:14","modified_gmt":"2026-02-27T09:43:14","slug":"vasagle-maalaistyyliinen-senkki","status":"publish","type":"product","link":"https:\/\/nordicmart.andreevmaster.com\/fi\/tuote\/vasagle-maalaistyyliinen-senkki\/","title":{"rendered":"VASAGLE maalaistyyliinen senkki"},"content":{"rendered":"<p>Tuotekuvaus Ovatko hygieniatuotteesi aina hajallaan ymp\u00e4ri kylpyhuonetta? Puuttuuko sinulta sopiva paikka niiden s\u00e4ilytt\u00e4miseen? T\u00e4ss\u00e4 on k\u00e4yt\u00e4nn\u00f6llinen ratkaisu \u2013 t\u00e4m\u00e4 VASAGLE-kylpyhuonekaappi! N\u00e4in pid\u00e4t sotkun kurissa Nelj\u00e4ss\u00e4 syv\u00e4ss\u00e4 laatikossa ja kahdessa suuressa lokerossa kaapin oven takana voit s\u00e4ilytt\u00e4\u00e4 pyyhkeet, suihkutuotteet, puhdistusaineet, wc-paperin jne. j\u00e4rjestyksess\u00e4 ja poissa n\u00e4kyvist\u00e4, joten sinun ei tarvitse huolehtia siit\u00e4, ett\u00e4 kylpyhuoneesi n\u00e4ytt\u00e4\u00e4 pian taas sekavalta. Lis\u00e4ksi kaapissa on 3-tasoinen s\u00e4\u00e4dett\u00e4v\u00e4 hylly oven takana, joten voit jakaa s\u00e4ilytystilan yksil\u00f6llisesti. Monipuolinen apulainen kotonasi Kaappi sopii paitsi kylpyhuoneeseen my\u00f6s keitti\u00f6\u00f6n mausteiden, kattiloiden, pannujen jne. s\u00e4ilytt\u00e4miseen. olohuoneessa sit\u00e4 voi k\u00e4ytt\u00e4\u00e4 kirjojen, valokuvakehysten jne. s\u00e4ilytykseen; eteisess\u00e4 voit s\u00e4ilytt\u00e4\u00e4 kaapissa kaikkia pieni\u00e4 tavaroita, joita tarvitset ennen kuin l\u00e4hdet kotoa&#8230; Mihin siis sijoitat kaapin? Aivan kuten haluat! Hanki t\u00e4m\u00e4 kaappi kotiisi ja luo siisti oleskelutila! Tuotetiedot:- V\u00e4ri: valkoinen &#8211; Materiaali: MDF-levyt &#8211; Mitat: 55 x 82 x 30 cm (L x K x S) &#8211; Paino: 13,7 kg Toimitus sis\u00e4lt\u00e4\u00e4: &#8211; 1 x kylpyhuoneen kaappi &#8211; 1 x lis\u00e4varustepussi &#8211; 1 x ohjeet (DE, EN, FR, ES, IT) Sarja sis\u00e4lt\u00e4\u00e4: 1 x sivukaappi<\/p>\n","protected":false},"excerpt":{"rendered":"<p>VASAGLE Sideboard kylpyhuoneen kaappi,  puinen kylpyhuoneen kaappi, sivukaappi, lipasto 4 laatikolla, kaapin ovi, s\u00e4\u00e4dett\u00e4v\u00e4 hyllytaso, olohuone, keitti\u00f6, eteinen, syv\u00e4, vapaasti seisova, valkoinen LHC41W<\/p>\n","protected":false},"featured_media":0,"comment_status":"open","ping_status":"closed","template":"","meta":[],"product_brand":[],"product_cat":[32],"product_tag":[],"class_list":{"0":"post-33816","1":"product","2":"type-product","3":"status-publish","5":"product_cat-uncategorized-fi","7":"first","8":"instock","9":"shipping-taxable","10":"purchasable","11":"product-type-simple"},"_links":{"self":[{"href":"https:\/\/nordicmart.andreevmaster.com\/fi\/wp-json\/wp\/v2\/product\/33816","targetHints":{"allow":["GET"]}}],"collection":[{"href":"https:\/\/nordicmart.andreevmaster.com\/fi\/wp-json\/wp\/v2\/product"}],"about":[{"href":"https:\/\/nordicmart.andreevmaster.com\/fi\/wp-json\/wp\/v2\/types\/product"}],"replies":[{"embeddable":true,"href":"https:\/\/nordicmart.andreevmaster.com\/fi\/wp-json\/wp\/v2\/comments?post=33816"}],"wp:attachment":[{"href":"https:\/\/nordicmart.andreevmaster.com\/fi\/wp-json\/wp\/v2\/media?parent=33816"}],"wp:term":[{"taxonomy":"product_brand","embeddable":true,"href":"https:\/\/nordicmart.andreevmaster.com\/fi\/wp-json\/wp\/v2\/product_brand?post=33816"},{"taxonomy":"product_cat","embeddable":true,"href":"https:\/\/nordicmart.andreevmaster.com\/fi\/wp-json\/wp\/v2\/product_cat?post=33816"},{"taxonomy":"product_tag","embeddable":true,"href":"https:\/\/nordicmart.andreevmaster.com\/fi\/wp-json\/wp\/v2\/product_tag?post=33816"}],"curies":[{"name":"wp","href":"https:\/\/api.w.org\/{rel}","templated":true}]}}