{"id":33814,"date":"2026-02-27T00:22:55","date_gmt":"2026-02-27T00:22:55","guid":{"rendered":"https:\/\/nordicmart.andreevmaster.com\/product\/vasagle-maalaistyyliinen-sivukaappi\/"},"modified":"2026-02-27T09:43:13","modified_gmt":"2026-02-27T09:43:13","slug":"vasagle-maalaistyyliinen-sivukaappi","status":"publish","type":"product","link":"https:\/\/nordicmart.andreevmaster.com\/fi\/tuote\/vasagle-maalaistyyliinen-sivukaappi\/","title":{"rendered":"VASAGLE Maalaistyyliinen sivukaappi"},"content":{"rendered":"<p>VASAGLE sivukaappi vakuuttaa toiminnallisella muotoilullaan ja tukevalla rakenteellaan. Se tarjoaa runsaasti tilaa tavaroillesi ja koristaa samalla olohuonettasi. Laatikot ovat helppoja vet\u00e4\u00e4 ulos. T\u00e4m\u00e4 ihanteellinen j\u00e4rjestelyapulainen rikastuttaa kotisi ja on silm\u00e4\u00e4npist\u00e4v\u00e4! VASAGLE-lipastosta saat iloa vuosiksi. Tuotetiedot: &#8211; Mitat: 30 x 82 x 30 cm (L x K x S) &#8211; V\u00e4ri: valkoinen &#8211; Materiaali: MDF-levy &#8211; Pakkauksen mitat: 92 x 37 x 11,5 cm &#8211; Nettopaino: 8,65 kg &#8211; Bruttopaino: 10,04 kg Toimitus sis\u00e4lt\u00e4\u00e4: &#8211; 1 x sivukaappi &#8211; 1 x ohjeet (DE, EN, FR, IT, ES) &#8211; 1 x kiinnitystarvikepussi (ruuvimeisseli\u00e4 ei sis\u00e4lly toimitukseen)<\/p>\n","protected":false},"excerpt":{"rendered":"<p>VASAGLE kylpyhuonekaappi, kapea puinen kylpyhuonekaappi, 4 laatikkoa, 30 x 30 x 82 cm, olohuone, makuuhuone, eteinen, syv\u00e4, vapaasti seisova, tilaa s\u00e4\u00e4st\u00e4v\u00e4, valkoinen LHC40W<\/p>\n","protected":false},"featured_media":42592,"comment_status":"open","ping_status":"closed","template":"","meta":[],"product_brand":[],"product_cat":[32],"product_tag":[],"class_list":{"0":"post-33814","1":"product","2":"type-product","3":"status-publish","4":"has-post-thumbnail","6":"product_cat-uncategorized-fi","8":"first","9":"instock","10":"shipping-taxable","11":"purchasable","12":"product-type-simple"},"_links":{"self":[{"href":"https:\/\/nordicmart.andreevmaster.com\/fi\/wp-json\/wp\/v2\/product\/33814","targetHints":{"allow":["GET"]}}],"collection":[{"href":"https:\/\/nordicmart.andreevmaster.com\/fi\/wp-json\/wp\/v2\/product"}],"about":[{"href":"https:\/\/nordicmart.andreevmaster.com\/fi\/wp-json\/wp\/v2\/types\/product"}],"replies":[{"embeddable":true,"href":"https:\/\/nordicmart.andreevmaster.com\/fi\/wp-json\/wp\/v2\/comments?post=33814"}],"wp:featuredmedia":[{"embeddable":true,"href":"https:\/\/nordicmart.andreevmaster.com\/fi\/wp-json\/wp\/v2\/media\/42592"}],"wp:attachment":[{"href":"https:\/\/nordicmart.andreevmaster.com\/fi\/wp-json\/wp\/v2\/media?parent=33814"}],"wp:term":[{"taxonomy":"product_brand","embeddable":true,"href":"https:\/\/nordicmart.andreevmaster.com\/fi\/wp-json\/wp\/v2\/product_brand?post=33814"},{"taxonomy":"product_cat","embeddable":true,"href":"https:\/\/nordicmart.andreevmaster.com\/fi\/wp-json\/wp\/v2\/product_cat?post=33814"},{"taxonomy":"product_tag","embeddable":true,"href":"https:\/\/nordicmart.andreevmaster.com\/fi\/wp-json\/wp\/v2\/product_tag?post=33814"}],"curies":[{"name":"wp","href":"https:\/\/api.w.org\/{rel}","templated":true}]}}