{"id":33813,"date":"2026-02-27T00:22:55","date_gmt":"2026-02-27T00:22:55","guid":{"rendered":"https:\/\/nordicmart.andreevmaster.com\/product\/vasagle-kapea-kylpyhuoneen-kaappi-4-laatikkoa-pilvinen-valkoinen\/"},"modified":"2026-02-27T09:43:13","modified_gmt":"2026-02-27T09:43:13","slug":"vasagle-kapea-kylpyhuoneen-kaappi-4-laatikkoa-pilvinen-valkoinen","status":"publish","type":"product","link":"https:\/\/nordicmart.andreevmaster.com\/fi\/tuote\/vasagle-kapea-kylpyhuoneen-kaappi-4-laatikkoa-pilvinen-valkoinen\/","title":{"rendered":"VASAGLE Kapea kylpyhuoneen kaappi, 4 laatikkoa, pilvinen valkoinen"},"content":{"rendered":"<p>VASAGLE Sideboard kylpyhuoneen kaappi,  puinen kylpyhuoneen kaappi, sivukaappi, lipasto 4 laatikolla, kaapin ovi, s\u00e4\u00e4dett\u00e4v\u00e4 hyllytaso, olohuone, keitti\u00f6, eteinen, syv\u00e4, vapaasti seisova, valkoinen LHC41W<br \/>\nV\u00e4ri: pilvinen valkoinen<br \/>\nMateriaali: MDF (keskitihe\u00e4 kuitulevy)<br \/>\nKoko: 35 x 65 x 90 cm (S x L x K)<br \/>\nPaino: 15,8 kg<br \/>\nHyllyn suurin staattinen kantavuus ylh\u00e4\u00e4ll\u00e4: 45 kg<br \/>\nEnimm\u00e4iskantavuus per laatikko: 5 kg<br \/>\nS\u00e4\u00e4dett\u00e4v\u00e4n hyllyn maks. staattinen kantavuus: 15 kg<\/p>\n","protected":false},"excerpt":{"rendered":"<p>VASAGLE Sideboard kylpyhuoneen kaappi,  puinen kylpyhuoneen kaappi, sivukaappi, lipasto 4 laatikolla, kaapin ovi, s\u00e4\u00e4dett\u00e4v\u00e4 hyllytaso, olohuone, keitti\u00f6, eteinen, syv\u00e4, vapaasti seisova, valkoinen LHC41W<\/p>\n","protected":false},"featured_media":46636,"comment_status":"open","ping_status":"closed","template":"","meta":[],"product_brand":[],"product_cat":[32],"product_tag":[],"class_list":{"0":"post-33813","1":"product","2":"type-product","3":"status-publish","4":"has-post-thumbnail","6":"product_cat-uncategorized-fi","8":"first","9":"instock","10":"shipping-taxable","11":"purchasable","12":"product-type-simple"},"_links":{"self":[{"href":"https:\/\/nordicmart.andreevmaster.com\/fi\/wp-json\/wp\/v2\/product\/33813","targetHints":{"allow":["GET"]}}],"collection":[{"href":"https:\/\/nordicmart.andreevmaster.com\/fi\/wp-json\/wp\/v2\/product"}],"about":[{"href":"https:\/\/nordicmart.andreevmaster.com\/fi\/wp-json\/wp\/v2\/types\/product"}],"replies":[{"embeddable":true,"href":"https:\/\/nordicmart.andreevmaster.com\/fi\/wp-json\/wp\/v2\/comments?post=33813"}],"wp:featuredmedia":[{"embeddable":true,"href":"https:\/\/nordicmart.andreevmaster.com\/fi\/wp-json\/wp\/v2\/media\/46636"}],"wp:attachment":[{"href":"https:\/\/nordicmart.andreevmaster.com\/fi\/wp-json\/wp\/v2\/media?parent=33813"}],"wp:term":[{"taxonomy":"product_brand","embeddable":true,"href":"https:\/\/nordicmart.andreevmaster.com\/fi\/wp-json\/wp\/v2\/product_brand?post=33813"},{"taxonomy":"product_cat","embeddable":true,"href":"https:\/\/nordicmart.andreevmaster.com\/fi\/wp-json\/wp\/v2\/product_cat?post=33813"},{"taxonomy":"product_tag","embeddable":true,"href":"https:\/\/nordicmart.andreevmaster.com\/fi\/wp-json\/wp\/v2\/product_tag?post=33813"}],"curies":[{"name":"wp","href":"https:\/\/api.w.org\/{rel}","templated":true}]}}