{"id":33809,"date":"2026-02-27T00:22:53","date_gmt":"2026-02-27T00:22:53","guid":{"rendered":"https:\/\/nordicmart.andreevmaster.com\/product\/vasagle-kylpyhuoneen-kaappi-4-laatikkoa-30-x-55-x-82-cm-musta\/"},"modified":"2026-02-27T09:43:12","modified_gmt":"2026-02-27T09:43:12","slug":"vasagle-kylpyhuoneen-kaappi-4-laatikkoa-30-x-55-x-82-cm-musta","status":"publish","type":"product","link":"https:\/\/nordicmart.andreevmaster.com\/fi\/tuote\/vasagle-kylpyhuoneen-kaappi-4-laatikkoa-30-x-55-x-82-cm-musta\/","title":{"rendered":"VASAGLE kylpyhuoneen kaappi 4 laatikkoa 30 x 55 x 82 cm musta"},"content":{"rendered":"<p>VASAGLE Sideboard kylpyhuoneen kaappi,  puinen kylpyhuoneen kaappi, sivukaappi, lipasto 4 laatikolla, kaapin ovi, s\u00e4\u00e4dett\u00e4v\u00e4 hyllytaso, olohuone, keitti\u00f6, eteinen, syv\u00e4, vapaasti seisova, valkoinen LHC41W<br \/>\nV\u00e4ri: musta<br \/>\nMateriaali: MDF (keskitihe\u00e4 kuitulevy)<br \/>\nKoko: 30 x 55 x 82 cm (S x L x K)<br \/>\nPaino: 13,3 kg<br \/>\nHyllyn suurin staattinen kantavuus ylh\u00e4\u00e4ll\u00e4: 45 kg<br \/>\nEnimm\u00e4iskantavuus per laatikko: 4,5 kg<br \/>\nS\u00e4\u00e4dett\u00e4v\u00e4n hyllyn suurin staattinen kantavuus: 9 kg<\/p>\n","protected":false},"excerpt":{"rendered":"<p>VASAGLE Sideboard kylpyhuoneen kaappi,  puinen kylpyhuoneen kaappi, sivukaappi, lipasto 4 laatikolla, kaapin ovi, s\u00e4\u00e4dett\u00e4v\u00e4 hyllytaso, olohuone, keitti\u00f6, eteinen, syv\u00e4, vapaasti seisova, valkoinen LHC41W<\/p>\n","protected":false},"featured_media":0,"comment_status":"open","ping_status":"closed","template":"","meta":[],"product_brand":[],"product_cat":[32],"product_tag":[],"class_list":{"0":"post-33809","1":"product","2":"type-product","3":"status-publish","5":"product_cat-uncategorized-fi","7":"first","8":"instock","9":"shipping-taxable","10":"purchasable","11":"product-type-simple"},"_links":{"self":[{"href":"https:\/\/nordicmart.andreevmaster.com\/fi\/wp-json\/wp\/v2\/product\/33809","targetHints":{"allow":["GET"]}}],"collection":[{"href":"https:\/\/nordicmart.andreevmaster.com\/fi\/wp-json\/wp\/v2\/product"}],"about":[{"href":"https:\/\/nordicmart.andreevmaster.com\/fi\/wp-json\/wp\/v2\/types\/product"}],"replies":[{"embeddable":true,"href":"https:\/\/nordicmart.andreevmaster.com\/fi\/wp-json\/wp\/v2\/comments?post=33809"}],"wp:attachment":[{"href":"https:\/\/nordicmart.andreevmaster.com\/fi\/wp-json\/wp\/v2\/media?parent=33809"}],"wp:term":[{"taxonomy":"product_brand","embeddable":true,"href":"https:\/\/nordicmart.andreevmaster.com\/fi\/wp-json\/wp\/v2\/product_brand?post=33809"},{"taxonomy":"product_cat","embeddable":true,"href":"https:\/\/nordicmart.andreevmaster.com\/fi\/wp-json\/wp\/v2\/product_cat?post=33809"},{"taxonomy":"product_tag","embeddable":true,"href":"https:\/\/nordicmart.andreevmaster.com\/fi\/wp-json\/wp\/v2\/product_tag?post=33809"}],"curies":[{"name":"wp","href":"https:\/\/api.w.org\/{rel}","templated":true}]}}