{"id":33800,"date":"2026-02-27T00:22:51","date_gmt":"2026-02-27T00:22:51","guid":{"rendered":"https:\/\/nordicmart.andreevmaster.com\/product\/vasagle-kylpyhuoneen-kaappi-peililla\/"},"modified":"2026-02-27T09:43:11","modified_gmt":"2026-02-27T09:43:11","slug":"vasagle-kylpyhuoneen-kaappi-peililla","status":"publish","type":"product","link":"https:\/\/nordicmart.andreevmaster.com\/fi\/tuote\/vasagle-kylpyhuoneen-kaappi-peililla\/","title":{"rendered":"VASAGLE kylpyhuoneen kaappi peilill\u00e4"},"content":{"rendered":"<p>Kylpyhuoneen peilikaappi Nauti siistin kylpyhuoneen kauneudesta Jos katsot ymp\u00e4rillesi kylpyhuoneessasi ja n\u00e4et meren kaoottisesti ymp\u00e4riins\u00e4 levitettyj\u00e4 kylpyhuonetarvikkeita, on aika hankkia t\u00e4m\u00e4 peilikaappi, joka kiinnitet\u00e4\u00e4n sein\u00e4lle pesualtaan yl\u00e4puolelle. Se sopii erinomaisesti pieniin kylpyhuoneisiin ja tarjoaa runsaasti tilaa kaikenlaisille hygieniatuotteille.Valkoinen, korkealaatuisilla metalliosilla varustettu sein\u00e4kaappi kirkastaa kylpyhuoneesi pitk\u00e4ksi aikaa, ja ehk\u00e4 haluat k\u00e4ytt\u00e4\u00e4 siihen my\u00f6s muita VASAGLE-kalusteita. Tuotetiedot: &#8211; Mitat: 41 x 60 x 14 cm (L x K x S) &#8211; Peilin mitat: 33 x 53,5 cm &#8211; Et\u00e4isyys takasein\u00e4n kahden rei\u00e4n v\u00e4lill\u00e4: 22,5 cm &#8211; Materiaali: MDF-levy &#8211; V\u00e4ri: valkoinen &#8211; Paino: 5,2 kg Toimitus sis\u00e4lt\u00e4\u00e4: -1 x peilikaappi -1 x ohjeet (DE, EN, FR, IT, ES) -1 x helat<\/p>\n","protected":false},"excerpt":{"rendered":"<p>VASAGLE peilikaappi kylpyhuoneeseen, sein\u00e4kaappi, kylpyhuonekaappi korkeuss\u00e4\u00e4dett\u00e4v\u00e4ll\u00e4 hyllyll\u00e4, ripustettava kaappi, kylpyhuone, 41 x 14 x 60 cm, valkoinen LHC001<\/p>\n","protected":false},"featured_media":42588,"comment_status":"open","ping_status":"closed","template":"","meta":[],"product_brand":[],"product_cat":[32],"product_tag":[],"class_list":{"0":"post-33800","1":"product","2":"type-product","3":"status-publish","4":"has-post-thumbnail","6":"product_cat-uncategorized-fi","8":"first","9":"instock","10":"shipping-taxable","11":"purchasable","12":"product-type-simple"},"_links":{"self":[{"href":"https:\/\/nordicmart.andreevmaster.com\/fi\/wp-json\/wp\/v2\/product\/33800","targetHints":{"allow":["GET"]}}],"collection":[{"href":"https:\/\/nordicmart.andreevmaster.com\/fi\/wp-json\/wp\/v2\/product"}],"about":[{"href":"https:\/\/nordicmart.andreevmaster.com\/fi\/wp-json\/wp\/v2\/types\/product"}],"replies":[{"embeddable":true,"href":"https:\/\/nordicmart.andreevmaster.com\/fi\/wp-json\/wp\/v2\/comments?post=33800"}],"wp:featuredmedia":[{"embeddable":true,"href":"https:\/\/nordicmart.andreevmaster.com\/fi\/wp-json\/wp\/v2\/media\/42588"}],"wp:attachment":[{"href":"https:\/\/nordicmart.andreevmaster.com\/fi\/wp-json\/wp\/v2\/media?parent=33800"}],"wp:term":[{"taxonomy":"product_brand","embeddable":true,"href":"https:\/\/nordicmart.andreevmaster.com\/fi\/wp-json\/wp\/v2\/product_brand?post=33800"},{"taxonomy":"product_cat","embeddable":true,"href":"https:\/\/nordicmart.andreevmaster.com\/fi\/wp-json\/wp\/v2\/product_cat?post=33800"},{"taxonomy":"product_tag","embeddable":true,"href":"https:\/\/nordicmart.andreevmaster.com\/fi\/wp-json\/wp\/v2\/product_tag?post=33800"}],"curies":[{"name":"wp","href":"https:\/\/api.w.org\/{rel}","templated":true}]}}