{"id":33799,"date":"2026-02-27T00:22:51","date_gmt":"2026-02-27T00:22:51","guid":{"rendered":"https:\/\/nordicmart.andreevmaster.com\/product\/vasagle-3-tasoinen-kulmahylly-kirjahylly-kylpyhuoneen-sailytysjarjestelma\/"},"modified":"2026-02-27T09:43:11","modified_gmt":"2026-02-27T09:43:11","slug":"vasagle-3-tasoinen-kulmahylly-kirjahylly-kylpyhuoneen-sailytysjarjestelma","status":"publish","type":"product","link":"https:\/\/nordicmart.andreevmaster.com\/fi\/tuote\/vasagle-3-tasoinen-kulmahylly-kirjahylly-kylpyhuoneen-sailytysjarjestelma\/","title":{"rendered":"VASAGLE 3-tasoinen kulmahylly, kirjahylly, kylpyhuoneen s\u00e4ilytysj\u00e4rjestelm\u00e4"},"content":{"rendered":"<p>VASAGLE kulmahylly 3 tasoa, kirjahylly, kasvien hylly, lattialla seisova hylly, kylpyhuoneen hylly, karkaistusta lasista valmistetut hyllyt, ter\u00e4srunko, moderni, olohuoneeseen, keitti\u00f6\u00f6n, klassinen musta<br \/>\nTekniset tiedot:<br \/>\n&#8211; Mitat: 28 x 28 x 95,2 cm (S x L x K)<br \/>\n&#8211; Paino: 3,4 kg<br \/>\n&#8211; Maks. staattinen kantavuus per taso: 5 kg<br \/>\n&#8211; Materiaali: ter\u00e4s, karkaistu lasi<br \/>\n&#8211; V\u00e4ri: kulta<\/p>\n","protected":false},"excerpt":{"rendered":"<p>VASAGLE kulmahylly 3 tasoa, kirjahylly, kasvien hylly, lattialla seisova hylly, kylpyhuoneen hylly, karkaistusta lasista valmistetut hyllyt, ter\u00e4srunko, moderni, olohuoneeseen, keitti\u00f6\u00f6n, klassinen musta<\/p>\n","protected":false},"featured_media":42587,"comment_status":"open","ping_status":"closed","template":"","meta":[],"product_brand":[],"product_cat":[32],"product_tag":[],"class_list":{"0":"post-33799","1":"product","2":"type-product","3":"status-publish","4":"has-post-thumbnail","6":"product_cat-uncategorized-fi","8":"first","9":"instock","10":"shipping-taxable","11":"purchasable","12":"product-type-simple"},"_links":{"self":[{"href":"https:\/\/nordicmart.andreevmaster.com\/fi\/wp-json\/wp\/v2\/product\/33799","targetHints":{"allow":["GET"]}}],"collection":[{"href":"https:\/\/nordicmart.andreevmaster.com\/fi\/wp-json\/wp\/v2\/product"}],"about":[{"href":"https:\/\/nordicmart.andreevmaster.com\/fi\/wp-json\/wp\/v2\/types\/product"}],"replies":[{"embeddable":true,"href":"https:\/\/nordicmart.andreevmaster.com\/fi\/wp-json\/wp\/v2\/comments?post=33799"}],"wp:featuredmedia":[{"embeddable":true,"href":"https:\/\/nordicmart.andreevmaster.com\/fi\/wp-json\/wp\/v2\/media\/42587"}],"wp:attachment":[{"href":"https:\/\/nordicmart.andreevmaster.com\/fi\/wp-json\/wp\/v2\/media?parent=33799"}],"wp:term":[{"taxonomy":"product_brand","embeddable":true,"href":"https:\/\/nordicmart.andreevmaster.com\/fi\/wp-json\/wp\/v2\/product_brand?post=33799"},{"taxonomy":"product_cat","embeddable":true,"href":"https:\/\/nordicmart.andreevmaster.com\/fi\/wp-json\/wp\/v2\/product_cat?post=33799"},{"taxonomy":"product_tag","embeddable":true,"href":"https:\/\/nordicmart.andreevmaster.com\/fi\/wp-json\/wp\/v2\/product_tag?post=33799"}],"curies":[{"name":"wp","href":"https:\/\/api.w.org\/{rel}","templated":true}]}}