{"id":33796,"date":"2026-02-27T00:22:50","date_gmt":"2026-02-27T00:22:50","guid":{"rendered":"https:\/\/nordicmart.andreevmaster.com\/product\/vasagle-hylly-6-hyllya-karkaistu-lasi-liuskekivi-musta\/"},"modified":"2026-02-27T09:43:10","modified_gmt":"2026-02-27T09:43:10","slug":"vasagle-hylly-6-hyllya-karkaistu-lasi-liuskekivi-musta","status":"publish","type":"product","link":"https:\/\/nordicmart.andreevmaster.com\/fi\/tuote\/vasagle-hylly-6-hyllya-karkaistu-lasi-liuskekivi-musta\/","title":{"rendered":"VASAGLE hylly, 6 hylly\u00e4 Karkaistu lasi, liuskekivi-musta"},"content":{"rendered":"<p>VASAGLE-hylly, 6 hylly\u00e4, kylpyhuonehylly, karkaistu lasi, helppo asentaa, kylpyhuoneeseen, olohuoneeseen, keitti\u00f6\u00f6n, toimistoon<br \/>\nV\u00e4ri: liuskekivi-harmaa-mustanmusta<br \/>\nMateriaali: metalli, lasi<br \/>\nKoko: 30 x 80 x 177,3 cm (S x L x K)<br \/>\nPaino: 21,9 kg<br \/>\nHyllyjen maks. staattinen kantavuus: 14 kg<br \/>\nMaks. staattinen kokonaiskuormitus: 84 kg<\/p>\n","protected":false},"excerpt":{"rendered":"<p>VASAGLE-hylly, 6 hylly\u00e4, kylpyhuonehylly, karkaistu lasi, helppo asentaa, kylpyhuoneeseen, olohuoneeseen, keitti\u00f6\u00f6n, toimistoon<\/p>\n","protected":false},"featured_media":42584,"comment_status":"open","ping_status":"closed","template":"","meta":[],"product_brand":[],"product_cat":[32],"product_tag":[],"class_list":{"0":"post-33796","1":"product","2":"type-product","3":"status-publish","4":"has-post-thumbnail","6":"product_cat-uncategorized-fi","8":"first","9":"instock","10":"shipping-taxable","11":"purchasable","12":"product-type-simple"},"_links":{"self":[{"href":"https:\/\/nordicmart.andreevmaster.com\/fi\/wp-json\/wp\/v2\/product\/33796","targetHints":{"allow":["GET"]}}],"collection":[{"href":"https:\/\/nordicmart.andreevmaster.com\/fi\/wp-json\/wp\/v2\/product"}],"about":[{"href":"https:\/\/nordicmart.andreevmaster.com\/fi\/wp-json\/wp\/v2\/types\/product"}],"replies":[{"embeddable":true,"href":"https:\/\/nordicmart.andreevmaster.com\/fi\/wp-json\/wp\/v2\/comments?post=33796"}],"wp:featuredmedia":[{"embeddable":true,"href":"https:\/\/nordicmart.andreevmaster.com\/fi\/wp-json\/wp\/v2\/media\/42584"}],"wp:attachment":[{"href":"https:\/\/nordicmart.andreevmaster.com\/fi\/wp-json\/wp\/v2\/media?parent=33796"}],"wp:term":[{"taxonomy":"product_brand","embeddable":true,"href":"https:\/\/nordicmart.andreevmaster.com\/fi\/wp-json\/wp\/v2\/product_brand?post=33796"},{"taxonomy":"product_cat","embeddable":true,"href":"https:\/\/nordicmart.andreevmaster.com\/fi\/wp-json\/wp\/v2\/product_cat?post=33796"},{"taxonomy":"product_tag","embeddable":true,"href":"https:\/\/nordicmart.andreevmaster.com\/fi\/wp-json\/wp\/v2\/product_tag?post=33796"}],"curies":[{"name":"wp","href":"https:\/\/api.w.org\/{rel}","templated":true}]}}