{"id":33792,"date":"2026-02-27T00:22:49","date_gmt":"2026-02-27T00:22:49","guid":{"rendered":"https:\/\/nordicmart.andreevmaster.com\/product\/vasagle-5-tasoinen-hylly-kirjahylly-karkaistusta-lasista-kaareva-sailytyshylly\/"},"modified":"2026-02-27T09:43:10","modified_gmt":"2026-02-27T09:43:10","slug":"vasagle-5-tasoinen-hylly-kirjahylly-karkaistusta-lasista-kaareva-sailytyshylly","status":"publish","type":"product","link":"https:\/\/nordicmart.andreevmaster.com\/fi\/tuote\/vasagle-5-tasoinen-hylly-kirjahylly-karkaistusta-lasista-kaareva-sailytyshylly\/","title":{"rendered":"VASAGLE 5-tasoinen hylly, kirjahylly karkaistusta lasista, kaareva s\u00e4ilytyshylly"},"content":{"rendered":"<p>VASAGLE hylly, kirjahylly 5 tasoa, kovasta lasista valmistettu hylly, s\u00e4ilytyshylly, kaareva, metallirunko, olohuoneeseen, makuuhuoneeseen, ty\u00f6huoneeseen, kylpyhuoneeseen<br \/>\nTekniset tiedot:<\/p>\n<p>&#8211; Mitat: 30,2 x 40 x 183,5 cm (S x L x K)<br \/>\n&#8211; Paino: 11,2 kg<br \/>\n&#8211; Maks. staattinen kantavuus tasoa kohti: 10 kg<br \/>\n&#8211; Materiaali: karkaistu lasi, ter\u00e4s<br \/>\n&#8211; V\u00e4ri: kulta<\/p>\n","protected":false},"excerpt":{"rendered":"<p>VASAGLE hylly, kirjahylly 5 tasoa, kovasta lasista valmistettu hylly, s\u00e4ilytyshylly, kaareva, metallirunko, olohuoneeseen, makuuhuoneeseen, ty\u00f6huoneeseen, kylpyhuoneeseen<\/p>\n","protected":false},"featured_media":42580,"comment_status":"open","ping_status":"closed","template":"","meta":[],"product_brand":[],"product_cat":[32],"product_tag":[],"class_list":{"0":"post-33792","1":"product","2":"type-product","3":"status-publish","4":"has-post-thumbnail","6":"product_cat-uncategorized-fi","8":"first","9":"instock","10":"shipping-taxable","11":"purchasable","12":"product-type-simple"},"_links":{"self":[{"href":"https:\/\/nordicmart.andreevmaster.com\/fi\/wp-json\/wp\/v2\/product\/33792","targetHints":{"allow":["GET"]}}],"collection":[{"href":"https:\/\/nordicmart.andreevmaster.com\/fi\/wp-json\/wp\/v2\/product"}],"about":[{"href":"https:\/\/nordicmart.andreevmaster.com\/fi\/wp-json\/wp\/v2\/types\/product"}],"replies":[{"embeddable":true,"href":"https:\/\/nordicmart.andreevmaster.com\/fi\/wp-json\/wp\/v2\/comments?post=33792"}],"wp:featuredmedia":[{"embeddable":true,"href":"https:\/\/nordicmart.andreevmaster.com\/fi\/wp-json\/wp\/v2\/media\/42580"}],"wp:attachment":[{"href":"https:\/\/nordicmart.andreevmaster.com\/fi\/wp-json\/wp\/v2\/media?parent=33792"}],"wp:term":[{"taxonomy":"product_brand","embeddable":true,"href":"https:\/\/nordicmart.andreevmaster.com\/fi\/wp-json\/wp\/v2\/product_brand?post=33792"},{"taxonomy":"product_cat","embeddable":true,"href":"https:\/\/nordicmart.andreevmaster.com\/fi\/wp-json\/wp\/v2\/product_cat?post=33792"},{"taxonomy":"product_tag","embeddable":true,"href":"https:\/\/nordicmart.andreevmaster.com\/fi\/wp-json\/wp\/v2\/product_tag?post=33792"}],"curies":[{"name":"wp","href":"https:\/\/api.w.org\/{rel}","templated":true}]}}