{"id":33790,"date":"2026-02-27T00:22:48","date_gmt":"2026-02-27T00:22:48","guid":{"rendered":"https:\/\/nordicmart.andreevmaster.com\/product\/vasagle-hylly-kylpyhuonehylly-6-hyllya\/"},"modified":"2026-02-27T09:43:09","modified_gmt":"2026-02-27T09:43:09","slug":"vasagle-hylly-kylpyhuonehylly-6-hyllya","status":"publish","type":"product","link":"https:\/\/nordicmart.andreevmaster.com\/fi\/tuote\/vasagle-hylly-kylpyhuonehylly-6-hyllya\/","title":{"rendered":"VASAGLE hylly, kylpyhuonehylly, 6 hylly\u00e4"},"content":{"rendered":"<p>VASAGLE hyllykk\u00f6, kirjahylly, kylpyhuonehylly, 5 tasoa, keitti\u00f6hylly, kapea, hylly, kylpyhuonehylly, olohuoneeseen, makuuhuoneeseen, ty\u00f6huoneeseen, karkaistu lasi, ter\u00e4srunko, kullanv\u00e4rinen LGT029A01<br \/>\nTekniset tiedot:<\/p>\n<p>&#8211; Mitat: 30 x 40 x 177,3 cm (S x L x K)<br \/>\n&#8211; Paino: 9,9 kg<br \/>\n&#8211; Maks. staattinen kantavuus tasoa kohti: 10 kg<br \/>\n&#8211; Maks. staattinen kantavuus yhteens\u00e4: 60 kg<br \/>\n&#8211; Materiaali: lasi, ter\u00e4s<br \/>\n&#8211; V\u00e4ri: kulta<\/p>\n","protected":false},"excerpt":{"rendered":"<p>VASAGLE hyllykk\u00f6, kirjahylly, kylpyhuonehylly, 5 tasoa, keitti\u00f6hylly, kapea, hylly, kylpyhuonehylly, olohuoneeseen, makuuhuoneeseen, ty\u00f6huoneeseen, karkaistu lasi, ter\u00e4srunko, kullanv\u00e4rinen LGT029A01<\/p>\n","protected":false},"featured_media":42578,"comment_status":"open","ping_status":"closed","template":"","meta":[],"product_brand":[],"product_cat":[32],"product_tag":[],"class_list":{"0":"post-33790","1":"product","2":"type-product","3":"status-publish","4":"has-post-thumbnail","6":"product_cat-uncategorized-fi","8":"first","9":"instock","10":"shipping-taxable","11":"purchasable","12":"product-type-simple"},"_links":{"self":[{"href":"https:\/\/nordicmart.andreevmaster.com\/fi\/wp-json\/wp\/v2\/product\/33790","targetHints":{"allow":["GET"]}}],"collection":[{"href":"https:\/\/nordicmart.andreevmaster.com\/fi\/wp-json\/wp\/v2\/product"}],"about":[{"href":"https:\/\/nordicmart.andreevmaster.com\/fi\/wp-json\/wp\/v2\/types\/product"}],"replies":[{"embeddable":true,"href":"https:\/\/nordicmart.andreevmaster.com\/fi\/wp-json\/wp\/v2\/comments?post=33790"}],"wp:featuredmedia":[{"embeddable":true,"href":"https:\/\/nordicmart.andreevmaster.com\/fi\/wp-json\/wp\/v2\/media\/42578"}],"wp:attachment":[{"href":"https:\/\/nordicmart.andreevmaster.com\/fi\/wp-json\/wp\/v2\/media?parent=33790"}],"wp:term":[{"taxonomy":"product_brand","embeddable":true,"href":"https:\/\/nordicmart.andreevmaster.com\/fi\/wp-json\/wp\/v2\/product_brand?post=33790"},{"taxonomy":"product_cat","embeddable":true,"href":"https:\/\/nordicmart.andreevmaster.com\/fi\/wp-json\/wp\/v2\/product_cat?post=33790"},{"taxonomy":"product_tag","embeddable":true,"href":"https:\/\/nordicmart.andreevmaster.com\/fi\/wp-json\/wp\/v2\/product_tag?post=33790"}],"curies":[{"name":"wp","href":"https:\/\/api.w.org\/{rel}","templated":true}]}}