{"id":33787,"date":"2026-02-27T00:22:48","date_gmt":"2026-02-27T00:22:48","guid":{"rendered":"https:\/\/nordicmart.andreevmaster.com\/product\/vasagle-kovilasinen-sivupoyta-konsolipoyta-sohvapoyta\/"},"modified":"2026-02-27T09:43:08","modified_gmt":"2026-02-27T09:43:08","slug":"vasagle-kovilasinen-sivupoyta-konsolipoyta-sohvapoyta","status":"publish","type":"product","link":"https:\/\/nordicmart.andreevmaster.com\/fi\/tuote\/vasagle-kovilasinen-sivupoyta-konsolipoyta-sohvapoyta\/","title":{"rendered":"VASAGLE kovilasinen sivup\u00f6yt\u00e4, konsolip\u00f6yt\u00e4, sohvap\u00f6yt\u00e4"},"content":{"rendered":"<p>VASAGLE konsolip\u00f6yt\u00e4, sivup\u00f6yt\u00e4 karkaistusta lasista, moderni sohvap\u00f6yt\u00e4, vakaa, helppo koota, s\u00e4\u00e4dett\u00e4v\u00e4t jalat, olohuone, eteinen, kullanv\u00e4rinen LGT26G<br \/>\nTekniset tiedot:<\/p>\n<p>&#8211; Mitat: 20 x 100 x 80 cm (S x L x K)<br \/>\n&#8211; Paino: 5,3 kg<br \/>\n&#8211; Pinnan maks. staattinen kantavuus: 30 kg<br \/>\n&#8211; Materiaali: lasi, ter\u00e4s<br \/>\n&#8211; V\u00e4ri: kultainen-l\u00e4pin\u00e4kyv\u00e4<\/p>\n","protected":false},"excerpt":{"rendered":"<p>VASAGLE konsolip\u00f6yt\u00e4, sivup\u00f6yt\u00e4 karkaistusta lasista, moderni sohvap\u00f6yt\u00e4, vakaa, helppo koota, s\u00e4\u00e4dett\u00e4v\u00e4t jalat, olohuone, eteinen, kullanv\u00e4rinen LGT26G<\/p>\n","protected":false},"featured_media":42575,"comment_status":"open","ping_status":"closed","template":"","meta":[],"product_brand":[],"product_cat":[32],"product_tag":[],"class_list":{"0":"post-33787","1":"product","2":"type-product","3":"status-publish","4":"has-post-thumbnail","6":"product_cat-uncategorized-fi","8":"first","9":"instock","10":"shipping-taxable","11":"purchasable","12":"product-type-simple"},"_links":{"self":[{"href":"https:\/\/nordicmart.andreevmaster.com\/fi\/wp-json\/wp\/v2\/product\/33787","targetHints":{"allow":["GET"]}}],"collection":[{"href":"https:\/\/nordicmart.andreevmaster.com\/fi\/wp-json\/wp\/v2\/product"}],"about":[{"href":"https:\/\/nordicmart.andreevmaster.com\/fi\/wp-json\/wp\/v2\/types\/product"}],"replies":[{"embeddable":true,"href":"https:\/\/nordicmart.andreevmaster.com\/fi\/wp-json\/wp\/v2\/comments?post=33787"}],"wp:featuredmedia":[{"embeddable":true,"href":"https:\/\/nordicmart.andreevmaster.com\/fi\/wp-json\/wp\/v2\/media\/42575"}],"wp:attachment":[{"href":"https:\/\/nordicmart.andreevmaster.com\/fi\/wp-json\/wp\/v2\/media?parent=33787"}],"wp:term":[{"taxonomy":"product_brand","embeddable":true,"href":"https:\/\/nordicmart.andreevmaster.com\/fi\/wp-json\/wp\/v2\/product_brand?post=33787"},{"taxonomy":"product_cat","embeddable":true,"href":"https:\/\/nordicmart.andreevmaster.com\/fi\/wp-json\/wp\/v2\/product_cat?post=33787"},{"taxonomy":"product_tag","embeddable":true,"href":"https:\/\/nordicmart.andreevmaster.com\/fi\/wp-json\/wp\/v2\/product_tag?post=33787"}],"curies":[{"name":"wp","href":"https:\/\/api.w.org\/{rel}","templated":true}]}}