{"id":33779,"date":"2026-02-27T00:22:46","date_gmt":"2026-02-27T00:22:46","guid":{"rendered":"https:\/\/nordicmart.andreevmaster.com\/product\/vasagle-4-tasoinen-hylly-kylpyhuonehylly-karkaistusta-lasista-kylpyhuoneeseen\/"},"modified":"2026-02-27T09:43:07","modified_gmt":"2026-02-27T09:43:07","slug":"vasagle-4-tasoinen-hylly-kylpyhuonehylly-karkaistusta-lasista-kylpyhuoneeseen","status":"publish","type":"product","link":"https:\/\/nordicmart.andreevmaster.com\/fi\/tuote\/vasagle-4-tasoinen-hylly-kylpyhuonehylly-karkaistusta-lasista-kylpyhuoneeseen\/","title":{"rendered":"VASAGLE 4-tasoinen hylly, kylpyhuonehylly karkaistusta lasista, kylpyhuoneeseen"},"content":{"rendered":"<p>Tuotetiedot: V\u00e4ri: musta Materiaali: metalli, lasi Koko: 40 x 30 x 95 cm (P x L x K) Paino: 6,3 kg Maks. staattinen kantavuus hyllytasoa kohti: 10 kg Maks. staattinen kantavuus yhteens\u00e4: 40 kg Toimitus sis\u00e4lt\u00e4\u00e4: 1 x metallihylly 1 x kaatumissuoja 1 x lis\u00e4varustepaketti 1 x ohjeet<\/p>\n","protected":false},"excerpt":{"rendered":"<p>VASAGLE kylpyhuonehylly, keitti\u00f6hylly, lattiateline, eteishylly, kasvien hylly, 4 kovaa lasihylly\u00e4, helppo asentaa, olohuone, makuuhuone, toimisto, musta LGT028B61<\/p>\n","protected":false},"featured_media":42567,"comment_status":"open","ping_status":"closed","template":"","meta":[],"product_brand":[],"product_cat":[32],"product_tag":[],"class_list":{"0":"post-33779","1":"product","2":"type-product","3":"status-publish","4":"has-post-thumbnail","6":"product_cat-uncategorized-fi","8":"first","9":"instock","10":"shipping-taxable","11":"purchasable","12":"product-type-simple"},"_links":{"self":[{"href":"https:\/\/nordicmart.andreevmaster.com\/fi\/wp-json\/wp\/v2\/product\/33779","targetHints":{"allow":["GET"]}}],"collection":[{"href":"https:\/\/nordicmart.andreevmaster.com\/fi\/wp-json\/wp\/v2\/product"}],"about":[{"href":"https:\/\/nordicmart.andreevmaster.com\/fi\/wp-json\/wp\/v2\/types\/product"}],"replies":[{"embeddable":true,"href":"https:\/\/nordicmart.andreevmaster.com\/fi\/wp-json\/wp\/v2\/comments?post=33779"}],"wp:featuredmedia":[{"embeddable":true,"href":"https:\/\/nordicmart.andreevmaster.com\/fi\/wp-json\/wp\/v2\/media\/42567"}],"wp:attachment":[{"href":"https:\/\/nordicmart.andreevmaster.com\/fi\/wp-json\/wp\/v2\/media?parent=33779"}],"wp:term":[{"taxonomy":"product_brand","embeddable":true,"href":"https:\/\/nordicmart.andreevmaster.com\/fi\/wp-json\/wp\/v2\/product_brand?post=33779"},{"taxonomy":"product_cat","embeddable":true,"href":"https:\/\/nordicmart.andreevmaster.com\/fi\/wp-json\/wp\/v2\/product_cat?post=33779"},{"taxonomy":"product_tag","embeddable":true,"href":"https:\/\/nordicmart.andreevmaster.com\/fi\/wp-json\/wp\/v2\/product_tag?post=33779"}],"curies":[{"name":"wp","href":"https:\/\/api.w.org\/{rel}","templated":true}]}}