{"id":33771,"date":"2026-02-27T00:22:44","date_gmt":"2026-02-27T00:22:44","guid":{"rendered":"https:\/\/nordicmart.andreevmaster.com\/product\/vasagle-kulmahylly-3-tasoa-karkaistusta-lasista-valmistetut-hyllyt\/"},"modified":"2026-02-27T09:43:06","modified_gmt":"2026-02-27T09:43:06","slug":"vasagle-kulmahylly-3-tasoa-karkaistusta-lasista-valmistetut-hyllyt","status":"publish","type":"product","link":"https:\/\/nordicmart.andreevmaster.com\/fi\/tuote\/vasagle-kulmahylly-3-tasoa-karkaistusta-lasista-valmistetut-hyllyt\/","title":{"rendered":"VASAGLE kulmahylly 3 tasoa, karkaistusta lasista valmistetut hyllyt"},"content":{"rendered":"<p>VASAGLE kulmahylly 3 tasoa, kirjahylly, kasvien hylly, lattialla seisova hylly, kylpyhuoneen hylly, kova lasi, ter\u00e4srunko, moderni, olohuoneeseen, keitti\u00f6\u00f6n, klassinen musta<br \/>\nV\u00e4ri: klassinen musta<br \/>\nMateriaali: ter\u00e4s, karkaistu lasi<br \/>\nKoko: 28 x 28 x 95,2 cm (S x L x K)<br \/>\nHyllyjen v\u00e4linen et\u00e4isyys: 30 cm<br \/>\nPaino: 3,4 kg<br \/>\nHyllyjen maks. staattinen kantavuus: 5 kg<\/p>\n","protected":false},"excerpt":{"rendered":"<p>VASAGLE kulmahylly 3 tasoa, kirjahylly, kasvien hylly, lattialla seisova hylly, kylpyhuoneen hylly, kova lasi, ter\u00e4srunko, moderni, olohuoneeseen, keitti\u00f6\u00f6n, klassinen musta<\/p>\n","protected":false},"featured_media":42559,"comment_status":"open","ping_status":"closed","template":"","meta":[],"product_brand":[],"product_cat":[32],"product_tag":[],"class_list":{"0":"post-33771","1":"product","2":"type-product","3":"status-publish","4":"has-post-thumbnail","6":"product_cat-uncategorized-fi","8":"first","9":"instock","10":"shipping-taxable","11":"purchasable","12":"product-type-simple"},"_links":{"self":[{"href":"https:\/\/nordicmart.andreevmaster.com\/fi\/wp-json\/wp\/v2\/product\/33771","targetHints":{"allow":["GET"]}}],"collection":[{"href":"https:\/\/nordicmart.andreevmaster.com\/fi\/wp-json\/wp\/v2\/product"}],"about":[{"href":"https:\/\/nordicmart.andreevmaster.com\/fi\/wp-json\/wp\/v2\/types\/product"}],"replies":[{"embeddable":true,"href":"https:\/\/nordicmart.andreevmaster.com\/fi\/wp-json\/wp\/v2\/comments?post=33771"}],"wp:featuredmedia":[{"embeddable":true,"href":"https:\/\/nordicmart.andreevmaster.com\/fi\/wp-json\/wp\/v2\/media\/42559"}],"wp:attachment":[{"href":"https:\/\/nordicmart.andreevmaster.com\/fi\/wp-json\/wp\/v2\/media?parent=33771"}],"wp:term":[{"taxonomy":"product_brand","embeddable":true,"href":"https:\/\/nordicmart.andreevmaster.com\/fi\/wp-json\/wp\/v2\/product_brand?post=33771"},{"taxonomy":"product_cat","embeddable":true,"href":"https:\/\/nordicmart.andreevmaster.com\/fi\/wp-json\/wp\/v2\/product_cat?post=33771"},{"taxonomy":"product_tag","embeddable":true,"href":"https:\/\/nordicmart.andreevmaster.com\/fi\/wp-json\/wp\/v2\/product_tag?post=33771"}],"curies":[{"name":"wp","href":"https:\/\/api.w.org\/{rel}","templated":true}]}}