{"id":33765,"date":"2026-02-27T00:22:42","date_gmt":"2026-02-27T00:22:42","guid":{"rendered":"https:\/\/nordicmart.andreevmaster.com\/product\/vasagle-kylpyhuonehylly-karkaistu-lasi-lapinakyva-metallinen-kulta\/"},"modified":"2026-02-27T09:43:05","modified_gmt":"2026-02-27T09:43:05","slug":"vasagle-kylpyhuonehylly-karkaistu-lasi-lapinakyva-metallinen-kulta","status":"publish","type":"product","link":"https:\/\/nordicmart.andreevmaster.com\/fi\/tuote\/vasagle-kylpyhuonehylly-karkaistu-lasi-lapinakyva-metallinen-kulta\/","title":{"rendered":"VASAGLE kylpyhuonehylly karkaistu lasi l\u00e4pin\u00e4kyv\u00e4-metallinen kulta"},"content":{"rendered":"<p>VASAGLE-hylly, 6 hylly\u00e4, kylpyhuonehylly, karkaistu lasi, helppo asentaa, kylpyhuoneeseen, olohuoneeseen, keitti\u00f6\u00f6n, toimistoon<br \/>\nV\u00e4ri: l\u00e4pin\u00e4kyv\u00e4 metallinen kulta<br \/>\nMateriaali: metalli, lasi<br \/>\nKoko: 30 x 80 x 177,3 cm (S x L x K)<br \/>\nPaino: 21,9 kg<br \/>\nHyllyjen maks. staattinen kantavuus: 14 kg<br \/>\nMaks. staattinen kokonaiskuormitus: 84 kg<\/p>\n","protected":false},"excerpt":{"rendered":"<p>VASAGLE-hylly, 6 hylly\u00e4, kylpyhuonehylly, karkaistu lasi, helppo asentaa, kylpyhuoneeseen, olohuoneeseen, keitti\u00f6\u00f6n, toimistoon<\/p>\n","protected":false},"featured_media":46633,"comment_status":"open","ping_status":"closed","template":"","meta":[],"product_brand":[],"product_cat":[32],"product_tag":[],"class_list":{"0":"post-33765","1":"product","2":"type-product","3":"status-publish","4":"has-post-thumbnail","6":"product_cat-uncategorized-fi","8":"first","9":"instock","10":"shipping-taxable","11":"purchasable","12":"product-type-simple"},"_links":{"self":[{"href":"https:\/\/nordicmart.andreevmaster.com\/fi\/wp-json\/wp\/v2\/product\/33765","targetHints":{"allow":["GET"]}}],"collection":[{"href":"https:\/\/nordicmart.andreevmaster.com\/fi\/wp-json\/wp\/v2\/product"}],"about":[{"href":"https:\/\/nordicmart.andreevmaster.com\/fi\/wp-json\/wp\/v2\/types\/product"}],"replies":[{"embeddable":true,"href":"https:\/\/nordicmart.andreevmaster.com\/fi\/wp-json\/wp\/v2\/comments?post=33765"}],"wp:featuredmedia":[{"embeddable":true,"href":"https:\/\/nordicmart.andreevmaster.com\/fi\/wp-json\/wp\/v2\/media\/46633"}],"wp:attachment":[{"href":"https:\/\/nordicmart.andreevmaster.com\/fi\/wp-json\/wp\/v2\/media?parent=33765"}],"wp:term":[{"taxonomy":"product_brand","embeddable":true,"href":"https:\/\/nordicmart.andreevmaster.com\/fi\/wp-json\/wp\/v2\/product_brand?post=33765"},{"taxonomy":"product_cat","embeddable":true,"href":"https:\/\/nordicmart.andreevmaster.com\/fi\/wp-json\/wp\/v2\/product_cat?post=33765"},{"taxonomy":"product_tag","embeddable":true,"href":"https:\/\/nordicmart.andreevmaster.com\/fi\/wp-json\/wp\/v2\/product_tag?post=33765"}],"curies":[{"name":"wp","href":"https:\/\/api.w.org\/{rel}","templated":true}]}}