{"id":33764,"date":"2026-02-27T00:22:42","date_gmt":"2026-02-27T00:22:42","guid":{"rendered":"https:\/\/nordicmart.andreevmaster.com\/product\/vasagle-kirjahylly-6-hyllya-musta-lapinakyva\/"},"modified":"2026-02-27T09:43:04","modified_gmt":"2026-02-27T09:43:04","slug":"vasagle-kirjahylly-6-hyllya-musta-lapinakyva","status":"publish","type":"product","link":"https:\/\/nordicmart.andreevmaster.com\/fi\/tuote\/vasagle-kirjahylly-6-hyllya-musta-lapinakyva\/","title":{"rendered":"VASAGLE Kirjahylly, 6 hylly\u00e4, musta &#8211; l\u00e4pin\u00e4kyv\u00e4"},"content":{"rendered":"<p>VASAGLE kirjahylly, hylly 6 hyllyll\u00e4, lattialla seisova hylly, kovat lasihyllyt, 30 x 80 x 180 cm, ty\u00f6huoneeseen, toimistoon, olohuoneeseen, makuuhuoneeseen, keitti\u00f6\u00f6nKirjahylly<br \/>\nV\u00e4ri: musta-l\u00e4pin\u00e4kyv\u00e4<br \/>\nMateriaali: karkaistu lasi, ter\u00e4s<br \/>\nKoko: 30 x 80 x 180 cm (S x L x K)<br \/>\nPaino: 18,5 kg<br \/>\nMaks. staattinen kokonaiskuormitus: 40 kg<\/p>\n","protected":false},"excerpt":{"rendered":"<p>VASAGLE kirjahylly, hylly 6 hyllyll\u00e4, lattialla seisova hylly, kovat lasihyllyt, 30 x 80 x 180 cm, ty\u00f6huoneeseen, toimistoon, olohuoneeseen, makuuhuoneeseen, keitti\u00f6\u00f6nKirjahylly<\/p>\n","protected":false},"featured_media":46632,"comment_status":"open","ping_status":"closed","template":"","meta":[],"product_brand":[],"product_cat":[32],"product_tag":[],"class_list":{"0":"post-33764","1":"product","2":"type-product","3":"status-publish","4":"has-post-thumbnail","6":"product_cat-uncategorized-fi","8":"first","9":"instock","10":"shipping-taxable","11":"purchasable","12":"product-type-simple"},"_links":{"self":[{"href":"https:\/\/nordicmart.andreevmaster.com\/fi\/wp-json\/wp\/v2\/product\/33764","targetHints":{"allow":["GET"]}}],"collection":[{"href":"https:\/\/nordicmart.andreevmaster.com\/fi\/wp-json\/wp\/v2\/product"}],"about":[{"href":"https:\/\/nordicmart.andreevmaster.com\/fi\/wp-json\/wp\/v2\/types\/product"}],"replies":[{"embeddable":true,"href":"https:\/\/nordicmart.andreevmaster.com\/fi\/wp-json\/wp\/v2\/comments?post=33764"}],"wp:featuredmedia":[{"embeddable":true,"href":"https:\/\/nordicmart.andreevmaster.com\/fi\/wp-json\/wp\/v2\/media\/46632"}],"wp:attachment":[{"href":"https:\/\/nordicmart.andreevmaster.com\/fi\/wp-json\/wp\/v2\/media?parent=33764"}],"wp:term":[{"taxonomy":"product_brand","embeddable":true,"href":"https:\/\/nordicmart.andreevmaster.com\/fi\/wp-json\/wp\/v2\/product_brand?post=33764"},{"taxonomy":"product_cat","embeddable":true,"href":"https:\/\/nordicmart.andreevmaster.com\/fi\/wp-json\/wp\/v2\/product_cat?post=33764"},{"taxonomy":"product_tag","embeddable":true,"href":"https:\/\/nordicmart.andreevmaster.com\/fi\/wp-json\/wp\/v2\/product_tag?post=33764"}],"curies":[{"name":"wp","href":"https:\/\/api.w.org\/{rel}","templated":true}]}}