{"id":33761,"date":"2026-02-27T00:22:42","date_gmt":"2026-02-27T00:22:42","guid":{"rendered":"https:\/\/nordicmart.andreevmaster.com\/product\/vasagle-kirjahylly-5-tasoa-kaareva-metallirakenne-kultainen-lapinakyva\/"},"modified":"2026-02-27T09:43:04","modified_gmt":"2026-02-27T09:43:04","slug":"vasagle-kirjahylly-5-tasoa-kaareva-metallirakenne-kultainen-lapinakyva","status":"publish","type":"product","link":"https:\/\/nordicmart.andreevmaster.com\/fi\/tuote\/vasagle-kirjahylly-5-tasoa-kaareva-metallirakenne-kultainen-lapinakyva\/","title":{"rendered":"VASAGLE Kirjahylly 5 tasoa kaareva metallirakenne kultainen-l\u00e4pin\u00e4kyv\u00e4"},"content":{"rendered":"<p>VASAGLE hylly, kirjahylly 5 tasoa, kovasta lasista valmistettu hylly, s\u00e4ilytyshylly, kaareva, metallirunko, olohuoneeseen, makuuhuoneeseen, ty\u00f6huoneeseen, kylpyhuoneeseen<br \/>\nV\u00e4ri: metallinen kulta-l\u00e4pin\u00e4kyv\u00e4<br \/>\nMateriaali: karkaistu lasi, ter\u00e4s<br \/>\nKoko: 30,2 x 40 x 183,5 cm (S x L x K)<br \/>\nPaino: 11,2 kg<br \/>\nMaks. staattinen kantavuus tasoa kohti: 10 kg<\/p>\n","protected":false},"excerpt":{"rendered":"<p>VASAGLE hylly, kirjahylly 5 tasoa, kovasta lasista valmistettu hylly, s\u00e4ilytyshylly, kaareva, metallirunko, olohuoneeseen, makuuhuoneeseen, ty\u00f6huoneeseen, kylpyhuoneeseen<\/p>\n","protected":false},"featured_media":42553,"comment_status":"open","ping_status":"closed","template":"","meta":[],"product_brand":[],"product_cat":[32],"product_tag":[],"class_list":{"0":"post-33761","1":"product","2":"type-product","3":"status-publish","4":"has-post-thumbnail","6":"product_cat-uncategorized-fi","8":"first","9":"instock","10":"shipping-taxable","11":"purchasable","12":"product-type-simple"},"_links":{"self":[{"href":"https:\/\/nordicmart.andreevmaster.com\/fi\/wp-json\/wp\/v2\/product\/33761","targetHints":{"allow":["GET"]}}],"collection":[{"href":"https:\/\/nordicmart.andreevmaster.com\/fi\/wp-json\/wp\/v2\/product"}],"about":[{"href":"https:\/\/nordicmart.andreevmaster.com\/fi\/wp-json\/wp\/v2\/types\/product"}],"replies":[{"embeddable":true,"href":"https:\/\/nordicmart.andreevmaster.com\/fi\/wp-json\/wp\/v2\/comments?post=33761"}],"wp:featuredmedia":[{"embeddable":true,"href":"https:\/\/nordicmart.andreevmaster.com\/fi\/wp-json\/wp\/v2\/media\/42553"}],"wp:attachment":[{"href":"https:\/\/nordicmart.andreevmaster.com\/fi\/wp-json\/wp\/v2\/media?parent=33761"}],"wp:term":[{"taxonomy":"product_brand","embeddable":true,"href":"https:\/\/nordicmart.andreevmaster.com\/fi\/wp-json\/wp\/v2\/product_brand?post=33761"},{"taxonomy":"product_cat","embeddable":true,"href":"https:\/\/nordicmart.andreevmaster.com\/fi\/wp-json\/wp\/v2\/product_cat?post=33761"},{"taxonomy":"product_tag","embeddable":true,"href":"https:\/\/nordicmart.andreevmaster.com\/fi\/wp-json\/wp\/v2\/product_tag?post=33761"}],"curies":[{"name":"wp","href":"https:\/\/api.w.org\/{rel}","templated":true}]}}