{"id":33760,"date":"2026-02-27T00:22:41","date_gmt":"2026-02-27T00:22:41","guid":{"rendered":"https:\/\/nordicmart.andreevmaster.com\/product\/vasagle-hylly-6-hyllya-karkaistu-lasi-musta-harmaa\/"},"modified":"2026-02-27T09:43:04","modified_gmt":"2026-02-27T09:43:04","slug":"vasagle-hylly-6-hyllya-karkaistu-lasi-musta-harmaa","status":"publish","type":"product","link":"https:\/\/nordicmart.andreevmaster.com\/fi\/tuote\/vasagle-hylly-6-hyllya-karkaistu-lasi-musta-harmaa\/","title":{"rendered":"VASAGLE hylly, 6 hylly\u00e4, karkaistu lasi, musta-harmaa"},"content":{"rendered":"<p>VASAGLE hyllykk\u00f6, kirjahylly, kylpyhuonehylly, 5 tasoa, keitti\u00f6hylly, kapea, hylly, kylpyhuonehylly, olohuoneeseen, makuuhuoneeseen, ty\u00f6huoneeseen, karkaistu lasi, ter\u00e4srunko, kullanv\u00e4rinen LGT029A01<br \/>\nV\u00e4ri: liuskekivi-harmaa-mustanmusta<br \/>\nMateriaali: metalli, lasi<br \/>\nKoko: 30 x 40 x 177,3 cm (S x L x K)<br \/>\nPaino: 9,9 kg<br \/>\nSuurin staattinen kantavuus hylly\u00e4 kohti: 10 kg<br \/>\nMaks. staattinen kantavuus yhteens\u00e4: 60 kg<\/p>\n","protected":false},"excerpt":{"rendered":"<p>VASAGLE hyllykk\u00f6, kirjahylly, kylpyhuonehylly, 5 tasoa, keitti\u00f6hylly, kapea, hylly, kylpyhuonehylly, olohuoneeseen, makuuhuoneeseen, ty\u00f6huoneeseen, karkaistu lasi, ter\u00e4srunko, kullanv\u00e4rinen LGT029A01<\/p>\n","protected":false},"featured_media":0,"comment_status":"open","ping_status":"closed","template":"","meta":[],"product_brand":[],"product_cat":[32],"product_tag":[],"class_list":{"0":"post-33760","1":"product","2":"type-product","3":"status-publish","5":"product_cat-uncategorized-fi","7":"first","8":"instock","9":"shipping-taxable","10":"purchasable","11":"product-type-simple"},"_links":{"self":[{"href":"https:\/\/nordicmart.andreevmaster.com\/fi\/wp-json\/wp\/v2\/product\/33760","targetHints":{"allow":["GET"]}}],"collection":[{"href":"https:\/\/nordicmart.andreevmaster.com\/fi\/wp-json\/wp\/v2\/product"}],"about":[{"href":"https:\/\/nordicmart.andreevmaster.com\/fi\/wp-json\/wp\/v2\/types\/product"}],"replies":[{"embeddable":true,"href":"https:\/\/nordicmart.andreevmaster.com\/fi\/wp-json\/wp\/v2\/comments?post=33760"}],"wp:attachment":[{"href":"https:\/\/nordicmart.andreevmaster.com\/fi\/wp-json\/wp\/v2\/media?parent=33760"}],"wp:term":[{"taxonomy":"product_brand","embeddable":true,"href":"https:\/\/nordicmart.andreevmaster.com\/fi\/wp-json\/wp\/v2\/product_brand?post=33760"},{"taxonomy":"product_cat","embeddable":true,"href":"https:\/\/nordicmart.andreevmaster.com\/fi\/wp-json\/wp\/v2\/product_cat?post=33760"},{"taxonomy":"product_tag","embeddable":true,"href":"https:\/\/nordicmart.andreevmaster.com\/fi\/wp-json\/wp\/v2\/product_tag?post=33760"}],"curies":[{"name":"wp","href":"https:\/\/api.w.org\/{rel}","templated":true}]}}