{"id":33758,"date":"2026-02-27T00:22:41","date_gmt":"2026-02-27T00:22:41","guid":{"rendered":"https:\/\/nordicmart.andreevmaster.com\/product\/vasagle-teline-karkaistusta-lasista\/"},"modified":"2026-02-27T09:43:03","modified_gmt":"2026-02-27T09:43:03","slug":"vasagle-teline-karkaistusta-lasista","status":"publish","type":"product","link":"https:\/\/nordicmart.andreevmaster.com\/fi\/tuote\/vasagle-teline-karkaistusta-lasista\/","title":{"rendered":"VASAGLE-teline karkaistusta lasista"},"content":{"rendered":"<p>Moderni ulkon\u00e4k\u00f6 Lasi on modernia, ylellist\u00e4 ja yksinkertaista. Yhdistettyn\u00e4 kultaiseen metallirunkoon saat tyylikk\u00e4\u00e4n ja k\u00e4yt\u00e4nn\u00f6llisen s\u00e4ilytyshyllyn. Sijoita t\u00e4m\u00e4 tyylik\u00e4s huonekalu olohuoneeseesi, eteiseesi tai keitti\u00f6\u00f6si. Kest\u00e4v\u00e4 lasi T\u00e4m\u00e4 hylly on varustettu tukevilla karkaistulla lasilevyill\u00e4. Yhdess\u00e4 metallirungon ja s\u00e4\u00e4dett\u00e4vien jalkojen kanssa se kest\u00e4\u00e4 jopa 10 kg per hyllytaso (maksimissaan staattinen kuormituskyky). Voit siis t\u00e4ytt\u00e4\u00e4 t\u00e4m\u00e4n tukevan huonekalun rauhassa lukuisilla kirjoilla! Tuotetiedot:- V\u00e4ri: kulta &#8211; Materiaali: metalli, lasi &#8211; Koko: 40 x 30 x 95 cm (P x L x K) &#8211; Paino: 7,3 kg &#8211; Maks. staattinen kantavuus hyllytasoa kohti: 10 kg Toimitus sis\u00e4lt\u00e4\u00e4: &#8211; 1 x metallihylly &#8211; 1 x lis\u00e4varustepaketti &#8211; 1 x ohjeet (DE, EN, ES, FR, IT)<\/p>\n","protected":false},"excerpt":{"rendered":"<p>VASAGLE kylpyhuonehylly, lattialla seisova hylly, keitti\u00f6hylly, eteishylly, olohuonehylly, kasvien hylly, 4 hylly\u00e4 karkaistua lasia, vakaa, helppo koota, olohuone, makuuhuone, toimisto, kullanv\u00e4rinen LGT28G<\/p>\n","protected":false},"featured_media":0,"comment_status":"open","ping_status":"closed","template":"","meta":[],"product_brand":[],"product_cat":[32],"product_tag":[],"class_list":{"0":"post-33758","1":"product","2":"type-product","3":"status-publish","5":"product_cat-uncategorized-fi","7":"first","8":"instock","9":"shipping-taxable","10":"purchasable","11":"product-type-simple"},"_links":{"self":[{"href":"https:\/\/nordicmart.andreevmaster.com\/fi\/wp-json\/wp\/v2\/product\/33758","targetHints":{"allow":["GET"]}}],"collection":[{"href":"https:\/\/nordicmart.andreevmaster.com\/fi\/wp-json\/wp\/v2\/product"}],"about":[{"href":"https:\/\/nordicmart.andreevmaster.com\/fi\/wp-json\/wp\/v2\/types\/product"}],"replies":[{"embeddable":true,"href":"https:\/\/nordicmart.andreevmaster.com\/fi\/wp-json\/wp\/v2\/comments?post=33758"}],"wp:attachment":[{"href":"https:\/\/nordicmart.andreevmaster.com\/fi\/wp-json\/wp\/v2\/media?parent=33758"}],"wp:term":[{"taxonomy":"product_brand","embeddable":true,"href":"https:\/\/nordicmart.andreevmaster.com\/fi\/wp-json\/wp\/v2\/product_brand?post=33758"},{"taxonomy":"product_cat","embeddable":true,"href":"https:\/\/nordicmart.andreevmaster.com\/fi\/wp-json\/wp\/v2\/product_cat?post=33758"},{"taxonomy":"product_tag","embeddable":true,"href":"https:\/\/nordicmart.andreevmaster.com\/fi\/wp-json\/wp\/v2\/product_tag?post=33758"}],"curies":[{"name":"wp","href":"https:\/\/api.w.org\/{rel}","templated":true}]}}