{"id":33757,"date":"2026-02-27T00:22:41","date_gmt":"2026-02-27T00:22:41","guid":{"rendered":"https:\/\/nordicmart.andreevmaster.com\/product\/vasagle-konsolipoyta-karkaistusta-lasista\/"},"modified":"2026-02-27T09:43:03","modified_gmt":"2026-02-27T09:43:03","slug":"vasagle-konsolipoyta-karkaistusta-lasista","status":"publish","type":"product","link":"https:\/\/nordicmart.andreevmaster.com\/fi\/tuote\/vasagle-konsolipoyta-karkaistusta-lasista\/","title":{"rendered":"VASAGLE-konsolip\u00f6yt\u00e4 karkaistusta lasista"},"content":{"rendered":"<p>Moderni ulkon\u00e4k\u00f6 Lasi on moderni, ylellinen ja yksinkertainen materiaali. Yhdistettyn\u00e4 kultaiseen metallirunkoon saat tyylikk\u00e4\u00e4n ja k\u00e4yt\u00e4nn\u00f6llisen konsolip\u00f6yd\u00e4n. Sijoita t\u00e4m\u00e4 tyylik\u00e4s huonekalu olohuoneeseesi, eteiseesi tai keitti\u00f6\u00f6si. Kest\u00e4v\u00e4 lasi T\u00e4m\u00e4 konsoli on varustettu tukevilla karkaistulla lasilevyill\u00e4. Yhdess\u00e4 metallirungon ja s\u00e4\u00e4dett\u00e4vien jalkojen kanssa se kest\u00e4\u00e4 jopa 10 kg painon tasoa kohti (maksimi staattinen kantavuus). Voit siis t\u00e4ytt\u00e4\u00e4 t\u00e4m\u00e4n tukevan huonekalun rauhassa lukuisilla kirjoilla! Tuotetiedot: &#8211; V\u00e4ri: kulta &#8211; Materiaali: metalli, lasi &#8211; Koko: 100 x 30 x 73 cm (P x L x K) &#8211; Paino: 14,9 kg &#8211; Maks. staattinen kantavuus tasoa kohti: 10 kg Toimitus sis\u00e4lt\u00e4\u00e4: &#8211; 1 x konsolip\u00f6yt\u00e4 &#8211; 1 x lis\u00e4varustepaketti &#8211; 1 x ohjeet (DE, EN, ES, FR, IT) Tuotekuvaus<\/p>\n","protected":false},"excerpt":{"rendered":"<p>VASAGLE konsolip\u00f6yt\u00e4, sivup\u00f6yt\u00e4, 3 hylly\u00e4 karkaistua lasia, sohvap\u00f6yt\u00e4, moderni s\u00e4ilytyshylly, vakaa, helppo koota, olohuone, eteinen, makuuhuone, keitti\u00f6, kultainen LGT27G<\/p>\n","protected":false},"featured_media":42552,"comment_status":"open","ping_status":"closed","template":"","meta":[],"product_brand":[],"product_cat":[32],"product_tag":[],"class_list":{"0":"post-33757","1":"product","2":"type-product","3":"status-publish","4":"has-post-thumbnail","6":"product_cat-uncategorized-fi","8":"first","9":"instock","10":"shipping-taxable","11":"purchasable","12":"product-type-simple"},"_links":{"self":[{"href":"https:\/\/nordicmart.andreevmaster.com\/fi\/wp-json\/wp\/v2\/product\/33757","targetHints":{"allow":["GET"]}}],"collection":[{"href":"https:\/\/nordicmart.andreevmaster.com\/fi\/wp-json\/wp\/v2\/product"}],"about":[{"href":"https:\/\/nordicmart.andreevmaster.com\/fi\/wp-json\/wp\/v2\/types\/product"}],"replies":[{"embeddable":true,"href":"https:\/\/nordicmart.andreevmaster.com\/fi\/wp-json\/wp\/v2\/comments?post=33757"}],"wp:featuredmedia":[{"embeddable":true,"href":"https:\/\/nordicmart.andreevmaster.com\/fi\/wp-json\/wp\/v2\/media\/42552"}],"wp:attachment":[{"href":"https:\/\/nordicmart.andreevmaster.com\/fi\/wp-json\/wp\/v2\/media?parent=33757"}],"wp:term":[{"taxonomy":"product_brand","embeddable":true,"href":"https:\/\/nordicmart.andreevmaster.com\/fi\/wp-json\/wp\/v2\/product_brand?post=33757"},{"taxonomy":"product_cat","embeddable":true,"href":"https:\/\/nordicmart.andreevmaster.com\/fi\/wp-json\/wp\/v2\/product_cat?post=33757"},{"taxonomy":"product_tag","embeddable":true,"href":"https:\/\/nordicmart.andreevmaster.com\/fi\/wp-json\/wp\/v2\/product_tag?post=33757"}],"curies":[{"name":"wp","href":"https:\/\/api.w.org\/{rel}","templated":true}]}}