{"id":33755,"date":"2026-02-27T00:22:40","date_gmt":"2026-02-27T00:22:40","guid":{"rendered":"https:\/\/nordicmart.andreevmaster.com\/product\/vasagle-pyorea-sohvapoyta-lasipinnalla\/"},"modified":"2026-02-27T09:43:03","modified_gmt":"2026-02-27T09:43:03","slug":"vasagle-pyorea-sohvapoyta-lasipinnalla","status":"publish","type":"product","link":"https:\/\/nordicmart.andreevmaster.com\/fi\/tuote\/vasagle-pyorea-sohvapoyta-lasipinnalla\/","title":{"rendered":"VASAGLE Py\u00f6re\u00e4 sohvap\u00f6yt\u00e4 lasipinnalla"},"content":{"rendered":"<p>Tyylik\u00e4s kahvip\u00f6yt\u00e4 kultaisella kehyksell\u00e4 He suunnittelivat esimerkiksi yll\u00e4 olevan lasip\u00f6yd\u00e4n, joka tarjoaa paitsi tukevan laskutason, jolle voit asettaa esimerkiksi maljakon upeilla valkoisilla liljoilla, my\u00f6s uuden koriste-esineen kultaisella kehyksell\u00e4, jota voit k\u00e4ytt\u00e4\u00e4 korostuskalusteena ja tehd\u00e4 siit\u00e4 olohuoneesi katseenvangitsijan.Py\u00f6re\u00e4 kultainen runko jauhemaalatusta raudasta ja lasielementti luovat ainutlaatuisen retro-ilmeen, joka sopii sek\u00e4 tyylikk\u00e4isiin huoneisiin, joissa on suuri verhoiltu sohva ja matto, ett\u00e4 minimalistisesti sisustettuihin huoneisiin. T\u00e4m\u00e4 olohuoneen p\u00f6yt\u00e4 ei kuitenkaan saisi olla ainoa kohokohta asunnossasi. Tutustu my\u00f6s muihin VASAGLE-korostuskalusteisiin. Tuotetiedot: &#8211; V\u00e4ri: kulta &#8211; Materiaali: rauta, karkaistu lasi &#8211; Koko: 84 x 84 x 45,5 cm (P x L x K) &#8211; Paino: 11,5 kg &#8211; Maks. staattinen kantavuus: 70 kg Toimitus sis\u00e4lt\u00e4\u00e4:- 1 x lasipintaisella olohuoneen p\u00f6yt\u00e4 &#8211; 1 x lis\u00e4varustepussi &#8211; 1 x ohjeet (DE, EN, FR, IT, ES) VASAGLE-ohjeet: &#8211; Pid\u00e4 tuote poissa ter\u00e4vien tai ter\u00e4vien esineiden l\u00e4heisyydest\u00e4 vahingoittumisen v\u00e4ltt\u00e4miseksi.<\/p>\n","protected":false},"excerpt":{"rendered":"<p>VASAGLE py\u00f6re\u00e4 sohvap\u00f6yt\u00e4, lasip\u00f6yt\u00e4 kultaisella rautakehyksell\u00e4, olohuoneen p\u00f6yt\u00e4, sohvap\u00f6yt\u00e4, kest\u00e4v\u00e4 karkaistu lasi, vakaa, koristeellinen, kultainen LGT21G<\/p>\n","protected":false},"featured_media":0,"comment_status":"open","ping_status":"closed","template":"","meta":[],"product_brand":[],"product_cat":[32],"product_tag":[],"class_list":{"0":"post-33755","1":"product","2":"type-product","3":"status-publish","5":"product_cat-uncategorized-fi","7":"first","8":"instock","9":"shipping-taxable","10":"purchasable","11":"product-type-simple"},"_links":{"self":[{"href":"https:\/\/nordicmart.andreevmaster.com\/fi\/wp-json\/wp\/v2\/product\/33755","targetHints":{"allow":["GET"]}}],"collection":[{"href":"https:\/\/nordicmart.andreevmaster.com\/fi\/wp-json\/wp\/v2\/product"}],"about":[{"href":"https:\/\/nordicmart.andreevmaster.com\/fi\/wp-json\/wp\/v2\/types\/product"}],"replies":[{"embeddable":true,"href":"https:\/\/nordicmart.andreevmaster.com\/fi\/wp-json\/wp\/v2\/comments?post=33755"}],"wp:attachment":[{"href":"https:\/\/nordicmart.andreevmaster.com\/fi\/wp-json\/wp\/v2\/media?parent=33755"}],"wp:term":[{"taxonomy":"product_brand","embeddable":true,"href":"https:\/\/nordicmart.andreevmaster.com\/fi\/wp-json\/wp\/v2\/product_brand?post=33755"},{"taxonomy":"product_cat","embeddable":true,"href":"https:\/\/nordicmart.andreevmaster.com\/fi\/wp-json\/wp\/v2\/product_cat?post=33755"},{"taxonomy":"product_tag","embeddable":true,"href":"https:\/\/nordicmart.andreevmaster.com\/fi\/wp-json\/wp\/v2\/product_tag?post=33755"}],"curies":[{"name":"wp","href":"https:\/\/api.w.org\/{rel}","templated":true}]}}