{"id":33753,"date":"2026-02-27T00:22:40","date_gmt":"2026-02-27T00:22:40","guid":{"rendered":"https:\/\/nordicmart.andreevmaster.com\/product\/sisaankayntikonsoli-konsolipoyta-karkaistu-lasitaso-tukeva-ja-vakaa-runko-saadettavat-jalat-olohuoneeseen-eteiseen-muste-musta-ja-liuskekiviharmaa-2\/"},"modified":"2026-02-27T09:43:02","modified_gmt":"2026-02-27T09:43:02","slug":"sisaankayntikonsoli-konsolipoyta-karkaistu-lasitaso-tukeva-ja-vakaa-runko-saadettavat-jalat-olohuoneeseen-eteiseen-muste-musta-ja-liuskekiviharmaa-2","status":"publish","type":"product","link":"https:\/\/nordicmart.andreevmaster.com\/fi\/tuote\/sisaankayntikonsoli-konsolipoyta-karkaistu-lasitaso-tukeva-ja-vakaa-runko-saadettavat-jalat-olohuoneeseen-eteiseen-muste-musta-ja-liuskekiviharmaa-2\/","title":{"rendered":"Sis\u00e4\u00e4nk\u00e4yntikonsoli, konsolip\u00f6yt\u00e4, karkaistu lasitaso, tukeva ja vakaa runko, s\u00e4\u00e4dett\u00e4v\u00e4t jalat, olohuoneeseen, eteiseen, muste musta ja liuskekiviharmaa"},"content":{"rendered":"<p>[Houkutteleva minimalistinen tyyli] Anna eteiseen uusi maku t\u00e4ll\u00e4 konsolip\u00f6yd\u00e4ll\u00e4, jossa yhdistyv\u00e4t musta lineaarinen metalli ja karkaistu lasitaso yksinkertaisen mutta toimivan kappaleen luomiseksi.[Vankka tuki] T\u00e4m\u00e4n 20 x 100 x 80 cm (S x L x K) kokoisen konsolip\u00f6yd\u00e4n metallirunko tukee vakaasti 5 mm paksua lasia, johon mahtuu jopa 30 kg kasveja, koristeita, kirjoja tai arvokasta keramiikkaa.[K\u00e4yt\u00e4 sit\u00e4 omalla tavallasi] Kuvittele, ett\u00e4 konsolip\u00f6yt\u00e4 on jo kotonasi, mihin laitat sen? Olohuoneeseen koristamaan tyls\u00e4\u00e4 sein\u00e4\u00e4? Eteiseen laittamaan v\u00e4ltt\u00e4m\u00e4tt\u00f6myystarvikkeita, kun l\u00e4hdet kotoa? Vai konsolip\u00f6yd\u00e4ksi k\u00e4yt\u00e4v\u00e4lle? Kaikki riippuu sinusta.<\/p>\n<p>[Valmis hetkess\u00e4] Sinun ei tarvitse tuhlata koko iltap\u00e4iv\u00e4\u00e4 t\u00e4m\u00e4n konsolip\u00f6yd\u00e4n kokoamiseen; Selkeiden ohjeiden ja numeroitujen osien ansiosta saat sen kasaan hetkess\u00e4.[Hyv\u00e4sti, heiluu!] Jos hieman ep\u00e4tasaiset lattiat ovat vitsauksesi, t\u00e4m\u00e4n konsolip\u00f6yd\u00e4n s\u00e4\u00e4dett\u00e4v\u00e4t jalat pelastavat sinut, jotta kaikki pysyy vakaana ja paikallaan.Tuotetiedot: V\u00e4ri: Muste musta, liuskekivenharmaa Materiaali: Materiaali: ter\u00e4s, lasi Kokonaismitat: 20 x 100 x 80 cm (S x L x K).Tuotteen paino: 5,3 kg<br \/>\nTukipinnan staattinen kantavuus: 30 kg<br \/>\nPakkauksen sis\u00e4lt\u00f6:<\/p>\n<p>1 x Konsolip\u00f6yt\u00e4<br \/>\n1 x Laukku, jossa on asennusty\u00f6kalut<br \/>\n1 x kaatumisen est\u00e4v\u00e4 lis\u00e4varuste<br \/>\n1 x k\u00e4ytt\u00f6ohje<\/p>\n","protected":false},"excerpt":{"rendered":"<p>[Houkutteleva minimalistinen tyyli] Anna eteiseen uusi maku t\u00e4ll\u00e4 konsolip\u00f6yd\u00e4ll\u00e4, jossa yhdistyv\u00e4t musta lineaarinen metalli ja karkaistu lasitaso yksinkertaisen mutta toimivan kappaleen luomiseksi.[Vankka tuki] T\u00e4m\u00e4n 20 x 100 x 80 cm (S x L x K) kokoisen konsolip\u00f6yd\u00e4n metallirunko tukee vakaasti 5 mm paksua lasia, johon mahtuu jopa 30 kg kasveja, koristeita, kirjoja tai arvokasta keramiikkaa.[K\u00e4yt\u00e4 [&hellip;]<\/p>\n","protected":false},"featured_media":0,"comment_status":"open","ping_status":"closed","template":"","meta":[],"product_brand":[],"product_cat":[32],"product_tag":[],"class_list":{"0":"post-33753","1":"product","2":"type-product","3":"status-publish","5":"product_cat-uncategorized-fi","7":"first","8":"instock","9":"shipping-taxable","10":"product-type-simple"},"_links":{"self":[{"href":"https:\/\/nordicmart.andreevmaster.com\/fi\/wp-json\/wp\/v2\/product\/33753","targetHints":{"allow":["GET"]}}],"collection":[{"href":"https:\/\/nordicmart.andreevmaster.com\/fi\/wp-json\/wp\/v2\/product"}],"about":[{"href":"https:\/\/nordicmart.andreevmaster.com\/fi\/wp-json\/wp\/v2\/types\/product"}],"replies":[{"embeddable":true,"href":"https:\/\/nordicmart.andreevmaster.com\/fi\/wp-json\/wp\/v2\/comments?post=33753"}],"wp:attachment":[{"href":"https:\/\/nordicmart.andreevmaster.com\/fi\/wp-json\/wp\/v2\/media?parent=33753"}],"wp:term":[{"taxonomy":"product_brand","embeddable":true,"href":"https:\/\/nordicmart.andreevmaster.com\/fi\/wp-json\/wp\/v2\/product_brand?post=33753"},{"taxonomy":"product_cat","embeddable":true,"href":"https:\/\/nordicmart.andreevmaster.com\/fi\/wp-json\/wp\/v2\/product_cat?post=33753"},{"taxonomy":"product_tag","embeddable":true,"href":"https:\/\/nordicmart.andreevmaster.com\/fi\/wp-json\/wp\/v2\/product_tag?post=33753"}],"curies":[{"name":"wp","href":"https:\/\/api.w.org\/{rel}","templated":true}]}}