{"id":33751,"date":"2026-02-27T00:22:39","date_gmt":"2026-02-27T00:22:39","guid":{"rendered":"https:\/\/nordicmart.andreevmaster.com\/product\/vasagle-lasinen-sohvapoyta-kukkakuvioilla\/"},"modified":"2026-02-27T09:43:02","modified_gmt":"2026-02-27T09:43:02","slug":"vasagle-lasinen-sohvapoyta-kukkakuvioilla","status":"publish","type":"product","link":"https:\/\/nordicmart.andreevmaster.com\/fi\/tuote\/vasagle-lasinen-sohvapoyta-kukkakuvioilla\/","title":{"rendered":"VASAGLE Lasinen sohvap\u00f6yt\u00e4 kukkakuvioilla"},"content":{"rendered":"<p>Tyylik\u00e4s sohvap\u00f6yt\u00e4, jossa on silmiinpist\u00e4v\u00e4 koriste. He suunnittelivat esimerkiksi yll\u00e4 olevan lasip\u00f6yd\u00e4n, jonka avulla saat paitsi uuden kukkakuvioisen sisustusesineen my\u00f6s tilavan p\u00f6yt\u00e4pinnan ja s\u00e4ilytystilan.Lasipinta kest\u00e4\u00e4 jopa 60 kg:n painon, ja alhaalla oleva s\u00e4ilytystila kest\u00e4\u00e4 jopa 30 kg:n painon. Voit siis asettaa p\u00f6yd\u00e4lle jopa raskaita hedelm\u00e4koreja tai suuria kukkavaaseja. T\u00e4m\u00e4 olohuoneen p\u00f6yt\u00e4 ei saisi olla ainoa korostusaskel asunnossasi. Tutustu my\u00f6s muihin VASAGLE:n lasisten teollisuuskalusteiden sarjan korostuskalusteisiin. Tuotetiedot: &#8211; V\u00e4ri: musta, harmahtava lasilevy &#8211; Materiaali: rauta, karkaistu lasi &#8211; Koko: 100 x 50 x 48 cm (P x L x K) &#8211; Paino: 14,4 kg &#8211; Lasipinnan maks. staattinen kantavuus: 60 kg &#8211; Kukkakuvioisen hyllyn maks. staattinen kantavuus: 30 kg Toimitus sis\u00e4lt\u00e4\u00e4: &#8211; 1 x lasipintaisella olohuoneen p\u00f6yt\u00e4 &#8211; 1 x lis\u00e4varustepussi &#8211; 1 x ohjeet (DE, EN, FR, IT, ES)<\/p>\n","protected":false},"excerpt":{"rendered":"<p>VASAGLE sohvap\u00f6yt\u00e4 lasikannella, olohuoneen p\u00f6yt\u00e4 rautakehyksell\u00e4, lasip\u00f6yt\u00e4, sohvap\u00f6yt\u00e4, hylly kukkakoristeella, kest\u00e4v\u00e4 karkaistu lasi, SGS-testattu, vakaa, koristeellinen, musta LGT11BK<\/p>\n","protected":false},"featured_media":42551,"comment_status":"open","ping_status":"closed","template":"","meta":[],"product_brand":[],"product_cat":[32],"product_tag":[],"class_list":{"0":"post-33751","1":"product","2":"type-product","3":"status-publish","4":"has-post-thumbnail","6":"product_cat-uncategorized-fi","8":"first","9":"instock","10":"shipping-taxable","11":"purchasable","12":"product-type-simple"},"_links":{"self":[{"href":"https:\/\/nordicmart.andreevmaster.com\/fi\/wp-json\/wp\/v2\/product\/33751","targetHints":{"allow":["GET"]}}],"collection":[{"href":"https:\/\/nordicmart.andreevmaster.com\/fi\/wp-json\/wp\/v2\/product"}],"about":[{"href":"https:\/\/nordicmart.andreevmaster.com\/fi\/wp-json\/wp\/v2\/types\/product"}],"replies":[{"embeddable":true,"href":"https:\/\/nordicmart.andreevmaster.com\/fi\/wp-json\/wp\/v2\/comments?post=33751"}],"wp:featuredmedia":[{"embeddable":true,"href":"https:\/\/nordicmart.andreevmaster.com\/fi\/wp-json\/wp\/v2\/media\/42551"}],"wp:attachment":[{"href":"https:\/\/nordicmart.andreevmaster.com\/fi\/wp-json\/wp\/v2\/media?parent=33751"}],"wp:term":[{"taxonomy":"product_brand","embeddable":true,"href":"https:\/\/nordicmart.andreevmaster.com\/fi\/wp-json\/wp\/v2\/product_brand?post=33751"},{"taxonomy":"product_cat","embeddable":true,"href":"https:\/\/nordicmart.andreevmaster.com\/fi\/wp-json\/wp\/v2\/product_cat?post=33751"},{"taxonomy":"product_tag","embeddable":true,"href":"https:\/\/nordicmart.andreevmaster.com\/fi\/wp-json\/wp\/v2\/product_tag?post=33751"}],"curies":[{"name":"wp","href":"https:\/\/api.w.org\/{rel}","templated":true}]}}