{"id":33750,"date":"2026-02-27T00:22:39","date_gmt":"2026-02-27T00:22:39","guid":{"rendered":"https:\/\/nordicmart.andreevmaster.com\/product\/vasagle-hylly-5-tasoa-karkaistusta-lasista-ja-metallista-musta-harmaa\/"},"modified":"2026-02-27T09:43:02","modified_gmt":"2026-02-27T09:43:02","slug":"vasagle-hylly-5-tasoa-karkaistusta-lasista-ja-metallista-musta-harmaa","status":"publish","type":"product","link":"https:\/\/nordicmart.andreevmaster.com\/fi\/tuote\/vasagle-hylly-5-tasoa-karkaistusta-lasista-ja-metallista-musta-harmaa\/","title":{"rendered":"VASAGLE hylly 5 tasoa karkaistusta lasista ja metallista, musta-harmaa"},"content":{"rendered":"<p>VASAGLE hylly, kirjahylly 5 tasoa, kovilasinen hylly, s\u00e4ilytyshylly, kaareva, metallirunko, olohuoneeseen, makuuhuoneeseen, ty\u00f6huoneeseen, kylpyhuoneeseen, kullanv\u00e4rinen-l\u00e4pin\u00e4kyv\u00e4 LGT050A01<br \/>\nV\u00e4ri: musta-harmaa<br \/>\nMateriaali: karkaistu lasi, ter\u00e4s<br \/>\nKoko: 30,2 x 83 x 183,5 cm (S x L x K)<br \/>\nPaino: 21,9 kg<br \/>\nMaks. staattinen kantavuus tasoa kohti: 10 kg<\/p>\n","protected":false},"excerpt":{"rendered":"<p>VASAGLE hylly, kirjahylly 5 tasoa, kovilasinen hylly, s\u00e4ilytyshylly, kaareva, metallirunko, olohuoneeseen, makuuhuoneeseen, ty\u00f6huoneeseen, kylpyhuoneeseen, kullanv\u00e4rinen-l\u00e4pin\u00e4kyv\u00e4 LGT050A01<\/p>\n","protected":false},"featured_media":46630,"comment_status":"open","ping_status":"closed","template":"","meta":[],"product_brand":[],"product_cat":[32],"product_tag":[],"class_list":{"0":"post-33750","1":"product","2":"type-product","3":"status-publish","4":"has-post-thumbnail","6":"product_cat-uncategorized-fi","8":"first","9":"instock","10":"shipping-taxable","11":"purchasable","12":"product-type-simple"},"_links":{"self":[{"href":"https:\/\/nordicmart.andreevmaster.com\/fi\/wp-json\/wp\/v2\/product\/33750","targetHints":{"allow":["GET"]}}],"collection":[{"href":"https:\/\/nordicmart.andreevmaster.com\/fi\/wp-json\/wp\/v2\/product"}],"about":[{"href":"https:\/\/nordicmart.andreevmaster.com\/fi\/wp-json\/wp\/v2\/types\/product"}],"replies":[{"embeddable":true,"href":"https:\/\/nordicmart.andreevmaster.com\/fi\/wp-json\/wp\/v2\/comments?post=33750"}],"wp:featuredmedia":[{"embeddable":true,"href":"https:\/\/nordicmart.andreevmaster.com\/fi\/wp-json\/wp\/v2\/media\/46630"}],"wp:attachment":[{"href":"https:\/\/nordicmart.andreevmaster.com\/fi\/wp-json\/wp\/v2\/media?parent=33750"}],"wp:term":[{"taxonomy":"product_brand","embeddable":true,"href":"https:\/\/nordicmart.andreevmaster.com\/fi\/wp-json\/wp\/v2\/product_brand?post=33750"},{"taxonomy":"product_cat","embeddable":true,"href":"https:\/\/nordicmart.andreevmaster.com\/fi\/wp-json\/wp\/v2\/product_cat?post=33750"},{"taxonomy":"product_tag","embeddable":true,"href":"https:\/\/nordicmart.andreevmaster.com\/fi\/wp-json\/wp\/v2\/product_tag?post=33750"}],"curies":[{"name":"wp","href":"https:\/\/api.w.org\/{rel}","templated":true}]}}