{"id":33746,"date":"2026-02-27T00:22:38","date_gmt":"2026-02-27T00:22:38","guid":{"rendered":"https:\/\/nordicmart.andreevmaster.com\/product\/vasagle-olohuoneen-poyta-2-kpl-moderni-liuskekivi-musta\/"},"modified":"2026-02-27T09:43:01","modified_gmt":"2026-02-27T09:43:01","slug":"vasagle-olohuoneen-poyta-2-kpl-moderni-liuskekivi-musta","status":"publish","type":"product","link":"https:\/\/nordicmart.andreevmaster.com\/fi\/tuote\/vasagle-olohuoneen-poyta-2-kpl-moderni-liuskekivi-musta\/","title":{"rendered":"VASAGLE olohuoneen p\u00f6yt\u00e4, 2 kpl, moderni liuskekivi-musta"},"content":{"rendered":"<p>VASAGLE py\u00f6re\u00e4 sohvap\u00f6yt\u00e4, 2 kpl, olohuoneen p\u00f6yt\u00e4, sivup\u00f6yt\u00e4, moderni, irrotettava p\u00f6yt\u00e4levy, olohuoneeseen<br \/>\nV\u00e4ri: liuskekivi-musta<br \/>\nMateriaali: karkaistu lasi, ter\u00e4s<br \/>\nSuuren p\u00f6yd\u00e4n koko: 50 x 40 cm (\u00d8 x H)<br \/>\nPienen p\u00f6yd\u00e4n koko: 40 x 36 cm (\u00d8 x H)<br \/>\nKokonaispaino: 7 kg<br \/>\nP\u00f6yd\u00e4n suurin staattinen kantavuus: 20 kg<\/p>\n","protected":false},"excerpt":{"rendered":"<p>VASAGLE py\u00f6re\u00e4 sohvap\u00f6yt\u00e4, 2 kpl, olohuoneen p\u00f6yt\u00e4, sivup\u00f6yt\u00e4, moderni, irrotettava p\u00f6yt\u00e4levy, olohuoneeseen<\/p>\n","protected":false},"featured_media":42547,"comment_status":"open","ping_status":"closed","template":"","meta":[],"product_brand":[],"product_cat":[32],"product_tag":[],"class_list":{"0":"post-33746","1":"product","2":"type-product","3":"status-publish","4":"has-post-thumbnail","6":"product_cat-uncategorized-fi","8":"first","9":"instock","10":"shipping-taxable","11":"purchasable","12":"product-type-simple"},"_links":{"self":[{"href":"https:\/\/nordicmart.andreevmaster.com\/fi\/wp-json\/wp\/v2\/product\/33746","targetHints":{"allow":["GET"]}}],"collection":[{"href":"https:\/\/nordicmart.andreevmaster.com\/fi\/wp-json\/wp\/v2\/product"}],"about":[{"href":"https:\/\/nordicmart.andreevmaster.com\/fi\/wp-json\/wp\/v2\/types\/product"}],"replies":[{"embeddable":true,"href":"https:\/\/nordicmart.andreevmaster.com\/fi\/wp-json\/wp\/v2\/comments?post=33746"}],"wp:featuredmedia":[{"embeddable":true,"href":"https:\/\/nordicmart.andreevmaster.com\/fi\/wp-json\/wp\/v2\/media\/42547"}],"wp:attachment":[{"href":"https:\/\/nordicmart.andreevmaster.com\/fi\/wp-json\/wp\/v2\/media?parent=33746"}],"wp:term":[{"taxonomy":"product_brand","embeddable":true,"href":"https:\/\/nordicmart.andreevmaster.com\/fi\/wp-json\/wp\/v2\/product_brand?post=33746"},{"taxonomy":"product_cat","embeddable":true,"href":"https:\/\/nordicmart.andreevmaster.com\/fi\/wp-json\/wp\/v2\/product_cat?post=33746"},{"taxonomy":"product_tag","embeddable":true,"href":"https:\/\/nordicmart.andreevmaster.com\/fi\/wp-json\/wp\/v2\/product_tag?post=33746"}],"curies":[{"name":"wp","href":"https:\/\/api.w.org\/{rel}","templated":true}]}}